{"id":50558,"date":"2020-04-23T01:02:44","date_gmt":"2020-04-23T06:02:44","guid":{"rendered":"https:\/\/bibliaherramientas.com\/libreria\/?post_type=product&#038;p=50558"},"modified":"2026-01-06T13:28:51","modified_gmt":"2026-01-06T19:28:51","slug":"libro-los-5-lenguajes-del-amor-por-gary-chapman-9780789923738","status":"publish","type":"product","link":"https:\/\/bibliaherramientas.com\/libreria\/producto\/libro-los-5-lenguajes-del-amor-por-gary-chapman-9780789923738\/","title":{"rendered":"Libro Los 5 lenguajes del amor por Gary Chapman"},"content":{"rendered":"<ul>\n<li>PALABRAS DE AFIRMACI\u00d3N.<\/li>\n<li>ACTOS DE SERVICIO.<\/li>\n<li>REGALOS.<\/li>\n<li>TIEMPO DE CALIDAD.<\/li>\n<li>TOQUE F\u00cdSICO.<\/li>\n<\/ul>\n<p>CON M\u00c1S DE DIEZ MILLONES DE EJEMPLARES VENDIDOS. <em>Los 5 lenguajes del amor <\/em>ha transformado innumerables relaciones. Sus ideas son sencillas y se dan a conocer con claridad y humor, lo cual hace que este libro sea tanto pr\u00e1ctico como agradable. Te inspirar\u00e1s con las historias de la vida real y te alentar\u00e1s por su enfoque con sentido com\u00fan. La lectura de este libro te parecer\u00e1 como un paseo que das con un amigo sabio. Al aplicarlo cambiar\u00e1 para siempre tu relaci\u00f3n&#8230; a partir de hoy.<\/p>\n<p>INCLUYE EL PERFIL PERSONAL DE <em>LOS 5 LENGUAJES DEL AMOR<\/em><\/p>\n<p>&#8212;&#8212;&#8212;&#8212;&#8212;&#8212;&#8212;&#8212;&#8212;&#8212;&#8212;&#8212;&#8212;<\/p>\n<p><img loading=\"lazy\" decoding=\"async\" class=\"alignleft wp-image-50416\" title=\"Gary Chapman\" src=\"https:\/\/bibliaherramientas.com\/libreria\/wp-content\/uploads\/2020\/04\/gary-chapman.jpg\" alt=\"Gary Chapman\" width=\"144\" height=\"144\" srcset=\"https:\/\/bibliaherramientas.com\/libreria\/wp-content\/uploads\/2020\/04\/gary-chapman.jpg 300w, https:\/\/bibliaherramientas.com\/libreria\/wp-content\/uploads\/2020\/04\/gary-chapman-247x247.jpg 247w, https:\/\/bibliaherramientas.com\/libreria\/wp-content\/uploads\/2020\/04\/gary-chapman-100x100.jpg 100w, https:\/\/bibliaherramientas.com\/libreria\/wp-content\/uploads\/2020\/04\/gary-chapman-280x280.jpg 280w\" sizes=\"auto, (max-width: 144px) 100vw, 144px\" \/><\/p>\n<p><strong>Gary Chapman<\/strong>, Ph.D., autor, orador y consejero, siente pasi\u00f3n por las personas y por ayudarlas a formar relaciones duraderas. Chapman es un conocido consejero matrimonial y director de seminarios matrimoniales. Los 5 lenguajes del amor es uno de los t\u00edtulos m\u00e1s populares de Chapman, encabezando varias listas de \u00e9xitos de ventas durante a\u00f1os, vendiendo m\u00e1s de doce millones de copias y ha estado en la lista de los m\u00e1s vendidos del New York Times desde 2007.<\/p>\n<p>Chapman ha estado directamente involucrado en la familia de la vida real. asesoramiento desde el comienzo de sus a\u00f1os de ministerio, y sus programas de radio sindicados a nivel nacional se transmiten a nivel nacional en Moody Radio Network y m\u00e1s de 400 estaciones afiliadas.<\/p>\n","protected":false},"excerpt":{"rendered":"<p>&#8220;El secreto del amor que perdura&#8221;<\/p>\n<p><em>N\u00famero 1 en ventas seg\u00fan el New York Times<\/em><\/p>\n<p>IDEAS SENCILLAS, AMOR DURADERO<\/p>\n<p>ENTRE LAS AGENDAS OCUPADAS Y LOS LARGOS D\u00cdAS, las expresiones de amor pueden quedarse a mitad de camino. Nos olvidamos de elogiar, de dar regalos &#8220;solo porque s\u00ed&#8221;, de posponer nuestro abrazo. Las cosas que dicen &#8220;Te amo&#8221; parecen que no se declaran o no se comunican. Este es un libro acerca de decirlo, y escucharlo, con claridad. Sin trucos. Sin psicoan\u00e1lisis. Solo aprendiendo a expresar amor en el lenguaje de tu c\u00f3nyuge.<\/p>\n","protected":false},"featured_media":50560,"comment_status":"open","ping_status":"closed","template":"","meta":{"_acf_changed":false},"product_brand":[],"product_cat":[528,821,711,782,537,743,541],"product_tag":[929,928,798],"class_list":{"0":"post-50558","1":"product","2":"type-product","3":"status-publish","4":"has-post-thumbnail","6":"product_cat-familia-matrimonio","7":"product_cat-gary-chapman","8":"product_cat-escritores-gary-chapman","9":"product_cat-hombres","10":"product_cat-mujeres-libros","11":"product_cat-editoriales-unilit","12":"product_cat-vida-cristiana","13":"product_tag-matrimonios","14":"product_tag-parejas","15":"product_tag-vida-cristiana","17":"first","18":"instock","19":"purchasable","20":"product-type-simple"},"acf":[],"_links":{"self":[{"href":"https:\/\/bibliaherramientas.com\/libreria\/wp-json\/wp\/v2\/product\/50558","targetHints":{"allow":["GET"]}}],"collection":[{"href":"https:\/\/bibliaherramientas.com\/libreria\/wp-json\/wp\/v2\/product"}],"about":[{"href":"https:\/\/bibliaherramientas.com\/libreria\/wp-json\/wp\/v2\/types\/product"}],"replies":[{"embeddable":true,"href":"https:\/\/bibliaherramientas.com\/libreria\/wp-json\/wp\/v2\/comments?post=50558"}],"wp:featuredmedia":[{"embeddable":true,"href":"https:\/\/bibliaherramientas.com\/libreria\/wp-json\/wp\/v2\/media\/50560"}],"wp:attachment":[{"href":"https:\/\/bibliaherramientas.com\/libreria\/wp-json\/wp\/v2\/media?parent=50558"}],"wp:term":[{"taxonomy":"product_brand","embeddable":true,"href":"https:\/\/bibliaherramientas.com\/libreria\/wp-json\/wp\/v2\/product_brand?post=50558"},{"taxonomy":"product_cat","embeddable":true,"href":"https:\/\/bibliaherramientas.com\/libreria\/wp-json\/wp\/v2\/product_cat?post=50558"},{"taxonomy":"product_tag","embeddable":true,"href":"https:\/\/bibliaherramientas.com\/libreria\/wp-json\/wp\/v2\/product_tag?post=50558"}],"curies":[{"name":"wp","href":"https:\/\/api.w.org\/{rel}","templated":true}]}}