{"id":50529,"date":"2020-04-21T21:53:01","date_gmt":"2020-04-22T02:53:01","guid":{"rendered":"https:\/\/bibliaherramientas.com\/libreria\/?post_type=product&#038;p=50529"},"modified":"2026-01-06T13:28:27","modified_gmt":"2026-01-06T19:28:27","slug":"libro-radical-por-david-platt-9780789919755","status":"publish","type":"product","link":"https:\/\/bibliaherramientas.com\/libreria\/producto\/libro-radical-por-david-platt-9780789919755\/","title":{"rendered":"Libro Radical por David Platt"},"content":{"rendered":"<p>Sin embargo \u00bfConoces a alguien que viva as\u00ed?<\/p>\n<p>En Realidad, David Platt te desaf\u00eda a considerar con coraz\u00f3n abierto c\u00f3mo hemos manipulado el evangelio a fin de que encaje en nuestras preferencias culturales. Muestra lo que dijo Jes\u00fas en cuanto a ser disc\u00edpulo&#8230; y, luego, te invita a creer y obedecer lo que has o\u00eddo. Tambi\u00e9n nos cuenta la conmovedora historia de lo que sucede a medida que una iglesia &#8220;exitosa&#8221; de los suburbios se decide a tomar en serio el evangelio seg\u00fan Jes\u00fas.<\/p>\n<p>Por \u00faltimo, nos insta a unirnos al Experimento Radical, un recorrido de un a\u00f1o a trav\u00e9s del aut\u00e9ntico discipulado que transformar\u00e1 tu manera de vivir en un mundo que necesita con urgencia las Buenas Nuevas que vino a traer Jes\u00fas.<\/p>\n<p>&#8212;&#8212;&#8212;&#8212;&#8212;&#8212;&#8212;&#8212;&#8212;-<\/p>\n<p><img loading=\"lazy\" decoding=\"async\" class=\"alignleft wp-image-50534\" title=\"David Platt\" src=\"https:\/\/bibliaherramientas.com\/libreria\/wp-content\/uploads\/2020\/04\/david-platt.jpg\" alt=\"David Platt\" width=\"144\" height=\"144\" srcset=\"https:\/\/bibliaherramientas.com\/libreria\/wp-content\/uploads\/2020\/04\/david-platt.jpg 400w, https:\/\/bibliaherramientas.com\/libreria\/wp-content\/uploads\/2020\/04\/david-platt-247x247.jpg 247w, https:\/\/bibliaherramientas.com\/libreria\/wp-content\/uploads\/2020\/04\/david-platt-100x100.jpg 100w, https:\/\/bibliaherramientas.com\/libreria\/wp-content\/uploads\/2020\/04\/david-platt-280x280.jpg 280w\" sizes=\"auto, (max-width: 144px) 100vw, 144px\" \/><\/p>\n<p>El\u00a0<strong>Dr. David Platt<\/strong>\u00a0es el pastor principal de The Church at Brook Hills en Birmingham, AL. Es el autor del libro de mayor venta del\u00a0<em>New York Times, Radical;<\/em>\u00a0ha viajado extensamente alrededor del mundo ense\u00f1ando la Biblia y entrenando l\u00edderes de iglesias. Un estudiante de toda la vida, David se ha ganado dos titulos universitarios y tres grados avanzados. David y su esposa, Heather, viven en Alabama junto con sus tres hijos.<\/p>\n","protected":false},"excerpt":{"rendered":"<p>VOLVAMOS A LA RA\u00cdCES DE LA FE<\/p>\n<p>\u00bfCUANTO VALE JES\u00daS PARA TI?<\/p>\n<p>Es f\u00e1cil que los cristianos estadounidenses olviden lo que Jes\u00fas les dijo a sus seguidores en cuanto a como vivir\u00edan y cu\u00e1l ser\u00eda su nuevo estilo de vida. Les dijo que por \u00c9l, dejar\u00edan la seguridad, el dinero, las conveniencias y hasta la familia. Abandonar\u00edan todo por el evangelio. Tomar\u00edan a diario su cruz&#8230;<\/p>\n","protected":false},"featured_media":50530,"comment_status":"open","ping_status":"closed","template":"","meta":{"_acf_changed":false},"product_brand":[],"product_cat":[666,818,819,743,541],"product_tag":[931,798],"class_list":{"0":"post-50529","1":"product","2":"type-product","3":"status-publish","4":"has-post-thumbnail","6":"product_cat-crecimiento-espiritual","7":"product_cat-escritores-david-platt","8":"product_cat-libros-david-platt","9":"product_cat-editoriales-unilit","10":"product_cat-vida-cristiana","11":"product_tag-hombres","12":"product_tag-vida-cristiana","14":"first","15":"outofstock","16":"purchasable","17":"product-type-simple"},"acf":[],"_links":{"self":[{"href":"https:\/\/bibliaherramientas.com\/libreria\/wp-json\/wp\/v2\/product\/50529","targetHints":{"allow":["GET"]}}],"collection":[{"href":"https:\/\/bibliaherramientas.com\/libreria\/wp-json\/wp\/v2\/product"}],"about":[{"href":"https:\/\/bibliaherramientas.com\/libreria\/wp-json\/wp\/v2\/types\/product"}],"replies":[{"embeddable":true,"href":"https:\/\/bibliaherramientas.com\/libreria\/wp-json\/wp\/v2\/comments?post=50529"}],"wp:featuredmedia":[{"embeddable":true,"href":"https:\/\/bibliaherramientas.com\/libreria\/wp-json\/wp\/v2\/media\/50530"}],"wp:attachment":[{"href":"https:\/\/bibliaherramientas.com\/libreria\/wp-json\/wp\/v2\/media?parent=50529"}],"wp:term":[{"taxonomy":"product_brand","embeddable":true,"href":"https:\/\/bibliaherramientas.com\/libreria\/wp-json\/wp\/v2\/product_brand?post=50529"},{"taxonomy":"product_cat","embeddable":true,"href":"https:\/\/bibliaherramientas.com\/libreria\/wp-json\/wp\/v2\/product_cat?post=50529"},{"taxonomy":"product_tag","embeddable":true,"href":"https:\/\/bibliaherramientas.com\/libreria\/wp-json\/wp\/v2\/product_tag?post=50529"}],"curies":[{"name":"wp","href":"https:\/\/api.w.org\/{rel}","templated":true}]}}