{"id":50517,"date":"2020-04-21T18:20:50","date_gmt":"2020-04-21T23:20:50","guid":{"rendered":"https:\/\/bibliaherramientas.com\/libreria\/?post_type=product&#038;p=50517"},"modified":"2026-01-06T13:28:09","modified_gmt":"2026-01-06T19:28:09","slug":"devocionales-un-ano-con-dios-9781462791828","status":"publish","type":"product","link":"https:\/\/bibliaherramientas.com\/libreria\/producto\/devocionales-un-ano-con-dios-9781462791828\/","title":{"rendered":"Devocionales un a\u00f1o con Dios"},"content":{"rendered":"<p>Este libro de devocionales ayudar\u00e1 y motivar\u00e1 al lector a enfocar su devocional con Dios y su Palabra.\u00a0<em>Un a\u00f1o con Dios,\u00a0<\/em>presenta un devocional para cada d\u00eda del a\u00f1o. Cada uno de estos devocionales busca que el lector profundice su relaci\u00f3n con Dios, aplicando el conocimiento, los valores y la sabidur\u00eda que se encuentran en la Biblia a la vida diaria. Con muchas ilustraciones, gran colorido con toque femenino y contenido inspiracional en cada uno de los 365 devocionales diarios y cada vers\u00edculo.<\/p>\n","protected":false},"excerpt":{"rendered":"<p>Este libro de devocionales ayudar\u00e1 y motivar\u00e1 al lector a enfocar su devocional con Dios y su Palabra.\u00a0<em>Un a\u00f1o con Dios,\u00a0<\/em>presenta un devocional para cada d\u00eda del a\u00f1o. Cada uno de estos devocionales busca que el lector profundice su relaci\u00f3n con Dios, aplicando el conocimiento, los valores y la sabidur\u00eda que se encuentran en la Biblia a la vida diaria. Con muchas ilustraciones, gran colorido con toque femenino y contenido inspiracional en cada uno de los 365 devocionales diarios y cada vers\u00edculo.<\/p>\n","protected":false},"featured_media":50519,"comment_status":"open","ping_status":"closed","template":"","meta":{"_acf_changed":false},"product_brand":[],"product_cat":[735,517,541],"product_tag":[933,930],"class_list":{"0":"post-50517","1":"product","2":"type-product","3":"status-publish","4":"has-post-thumbnail","6":"product_cat-editoriales-bh-espanol","7":"product_cat-devocionales","8":"product_cat-vida-cristiana","9":"product_tag-devocionales","10":"product_tag-mujeres","12":"first","13":"instock","14":"purchasable","15":"product-type-simple"},"acf":[],"_links":{"self":[{"href":"https:\/\/bibliaherramientas.com\/libreria\/wp-json\/wp\/v2\/product\/50517","targetHints":{"allow":["GET"]}}],"collection":[{"href":"https:\/\/bibliaherramientas.com\/libreria\/wp-json\/wp\/v2\/product"}],"about":[{"href":"https:\/\/bibliaherramientas.com\/libreria\/wp-json\/wp\/v2\/types\/product"}],"replies":[{"embeddable":true,"href":"https:\/\/bibliaherramientas.com\/libreria\/wp-json\/wp\/v2\/comments?post=50517"}],"wp:featuredmedia":[{"embeddable":true,"href":"https:\/\/bibliaherramientas.com\/libreria\/wp-json\/wp\/v2\/media\/50519"}],"wp:attachment":[{"href":"https:\/\/bibliaherramientas.com\/libreria\/wp-json\/wp\/v2\/media?parent=50517"}],"wp:term":[{"taxonomy":"product_brand","embeddable":true,"href":"https:\/\/bibliaherramientas.com\/libreria\/wp-json\/wp\/v2\/product_brand?post=50517"},{"taxonomy":"product_cat","embeddable":true,"href":"https:\/\/bibliaherramientas.com\/libreria\/wp-json\/wp\/v2\/product_cat?post=50517"},{"taxonomy":"product_tag","embeddable":true,"href":"https:\/\/bibliaherramientas.com\/libreria\/wp-json\/wp\/v2\/product_tag?post=50517"}],"curies":[{"name":"wp","href":"https:\/\/api.w.org\/{rel}","templated":true}]}}