{"id":50248,"date":"2020-03-26T03:15:14","date_gmt":"2020-03-26T09:15:14","guid":{"rendered":"https:\/\/bibliaherramientas.com\/libreria\/?post_type=product&#038;p=50248"},"modified":"2026-01-06T13:27:15","modified_gmt":"2026-01-06T19:27:15","slug":"libro-confia-en-dios-para-escribir-tu-historia-por-nancy-demoss-9780825459290","status":"publish","type":"product","link":"https:\/\/bibliaherramientas.com\/libreria\/producto\/libro-confia-en-dios-para-escribir-tu-historia-por-nancy-demoss-9780825459290\/","title":{"rendered":"Libro Conf\u00eda en Dios para escribir tu historia por Nancy DeMoss Wolgemuth"},"content":{"rendered":"<p>Dios, el narrador maestro, est\u00e1 escribiendo tu historia, la cual forma parte de su historia m\u00e1s grande y eterna. Sin embargo, a\u00fan estamos en medio; no hemos llegado al final feliz, y puede ser dif\u00edcil confiar en \u00c9l en lo m\u00e1s intenso de nuestras luchas. Es por eso que Robert y Nancy cuentan su propia historia y las historias de amigos y personas de la Biblia que han enfrentado retos que transforman la vida. Al final, todos ellos descubren que Dios es fiel.<\/p>\n<p>T\u00fa tambi\u00e9n puedes confiar en Dios para escribir tu historia, sin importar los giros de la trama que encuentres en el camino.<\/p>\n<p>&#8212;&#8212;&#8212;&#8212;&#8212;&#8212;&#8212;&#8212;&#8211;<\/p>\n<p><img loading=\"lazy\" decoding=\"async\" class=\"alignleft wp-image-50430\" title=\"Nancy DeMoss Wolgemuth\" src=\"https:\/\/bibliaherramientas.com\/libreria\/wp-content\/uploads\/2020\/04\/nancy-demoss-wolgemuth.jpg\" alt=\"Nancy DeMoss Wolgemuth\" width=\"144\" height=\"144\" srcset=\"https:\/\/bibliaherramientas.com\/libreria\/wp-content\/uploads\/2020\/04\/nancy-demoss-wolgemuth.jpg 300w, https:\/\/bibliaherramientas.com\/libreria\/wp-content\/uploads\/2020\/04\/nancy-demoss-wolgemuth-247x247.jpg 247w, https:\/\/bibliaherramientas.com\/libreria\/wp-content\/uploads\/2020\/04\/nancy-demoss-wolgemuth-100x100.jpg 100w, https:\/\/bibliaherramientas.com\/libreria\/wp-content\/uploads\/2020\/04\/nancy-demoss-wolgemuth-280x280.jpg 280w\" sizes=\"auto, (max-width: 144px) 100vw, 144px\" \/><\/p>\n<p><strong>Nancy DeMoss Wolgemuth<\/strong> nunca aspir\u00f3 a ser escritora ni oradora. Sin embargo, ella ha experimentado el poder de la verdad para impartir vida, y le apasiona guiar a otros a experimentarlo tambi\u00e9n. A trav\u00e9s de sus libros, las conferencias Mujer Verdadera, y los programas radiales &#8220;<a href=\"https:\/\/www.avivanuestroscorazones.com\/\" target=\"_blank\" rel=\"noopener noreferrer\">Aviva nuestros corazones<\/a>&#8221; y &#8220;<a href=\"https:\/\/bibliaherramientas.com\/libreria\/tienda\/por-escritores\/escritores-nancy-demoss-wolgemuth\/libro-en-busca-de-dios-9780802411532\/\" target=\"_blank\" rel=\"noopener noreferrer\">En busca de Dios<\/a>&#8220;, Nancy ha consagrado su vida a ayudar a las mujeres a descubrir la libertad, la plenitud y la abundancia que hay en Cristo. Nancy y su esposo <a href=\"https:\/\/bibliaherramientas.com\/libreria\/categoria-producto\/por-escritores\/robert-wolgemuth-por-escritores\/\" target=\"_blank\" rel=\"noopener noreferrer\">Robert Wolgemuth<\/a> se casaron en 2015, y viven en Michigan. Est\u00e1n agradecidos por la dicha de compartir su vida juntos, y de servir al Se\u00f1or y a los dem\u00e1s.<\/p>\n<p><img loading=\"lazy\" decoding=\"async\" class=\"alignleft wp-image-50433\" title=\"Robert Wolgemuth\" src=\"https:\/\/bibliaherramientas.com\/libreria\/wp-content\/uploads\/2020\/04\/robert-wolgemuth.jpg\" alt=\"Robert Wolgemuth\" width=\"144\" height=\"144\" srcset=\"https:\/\/bibliaherramientas.com\/libreria\/wp-content\/uploads\/2020\/04\/robert-wolgemuth.jpg 400w, https:\/\/bibliaherramientas.com\/libreria\/wp-content\/uploads\/2020\/04\/robert-wolgemuth-247x247.jpg 247w, https:\/\/bibliaherramientas.com\/libreria\/wp-content\/uploads\/2020\/04\/robert-wolgemuth-100x100.jpg 100w, https:\/\/bibliaherramientas.com\/libreria\/wp-content\/uploads\/2020\/04\/robert-wolgemuth-280x280.jpg 280w\" sizes=\"auto, (max-width: 144px) 100vw, 144px\" \/><\/p>\n<p><strong>Robert Wolgemuth <\/strong>es el reconocido escritor de m\u00e1s de veinte libros, que incluyen <em>El lugar m\u00e1s importante de la tierra <\/em>y <em>Como el Buen Pastor. <\/em>Robert se cri\u00f3 en un lugar en que decir la verdad era muy importante. Cuarto hijo de un pastor alem\u00e1n menonita. Robert y sus 5 hermanos conocieron el gran valor que sus padres pusieron en la exactitud absoluta de cada palabra pronunciada en casa. Incluso las exageraciones eran <em>prohibidas<\/em>, por lo que escribir un libro que denuncia mentiras tiene mucho sentido. Robert est\u00e1 casado con <a href=\"https:\/\/bibliaherramientas.com\/libreria\/categoria-producto\/por-escritores\/escritores-nancy-demoss-wolgemuth\/\" target=\"_blank\" rel=\"noopener noreferrer\">Nancy DeMoss Wolgemuth<\/a>. Tiene dos hijas casadas, dos yernos, cinco nietos y un nieto pol\u00edtico.<\/p>\n","protected":false},"excerpt":{"rendered":"<p>Descubre los misterios de la providencia de Dios<\/p>\n<p>\u00bfA qui\u00e9n no le gusta una buena historia?<\/p>\n<p>Nuestros hijos nos piden que a la hora de dormir les contemos historias; nos reunimos alrededor de la mesa del comedor para contar y recontar nuestros relatos favoritos&#8230; cuanto m\u00e1s dram\u00e1ticos, mejor. Pero cuando se trata de nuestras vidas actuales, preferimos algo menos sensacional, e incluso aburrido. Queremos que nuestras propias historias sean previsibles, seguras, controlables y carentes de cat\u00e1strofes.<\/p>\n","protected":false},"featured_media":50251,"comment_status":"open","ping_status":"closed","template":"","meta":{"_acf_changed":false},"product_brand":[],"product_cat":[665,666,709,657,741,781,780,541],"product_tag":[930,811,816,798],"class_list":{"0":"post-50248","1":"product","2":"type-product","3":"status-publish","4":"has-post-thumbnail","6":"product_cat-ayuda","7":"product_cat-crecimiento-espiritual","8":"product_cat-escritores-nancy-demoss-wolgemuth","9":"product_cat-libros-nancy-demoss-wolgemuth","10":"product_cat-editoriales-portavoz","11":"product_cat-robert-wolgemuth-por-escritores","12":"product_cat-robert-wolgemuth","13":"product_cat-vida-cristiana","14":"product_tag-mujeres","15":"product_tag-nuevos","16":"product_tag-promociones","17":"product_tag-vida-cristiana","19":"first","20":"instock","21":"purchasable","22":"product-type-simple"},"acf":[],"_links":{"self":[{"href":"https:\/\/bibliaherramientas.com\/libreria\/wp-json\/wp\/v2\/product\/50248","targetHints":{"allow":["GET"]}}],"collection":[{"href":"https:\/\/bibliaherramientas.com\/libreria\/wp-json\/wp\/v2\/product"}],"about":[{"href":"https:\/\/bibliaherramientas.com\/libreria\/wp-json\/wp\/v2\/types\/product"}],"replies":[{"embeddable":true,"href":"https:\/\/bibliaherramientas.com\/libreria\/wp-json\/wp\/v2\/comments?post=50248"}],"wp:featuredmedia":[{"embeddable":true,"href":"https:\/\/bibliaherramientas.com\/libreria\/wp-json\/wp\/v2\/media\/50251"}],"wp:attachment":[{"href":"https:\/\/bibliaherramientas.com\/libreria\/wp-json\/wp\/v2\/media?parent=50248"}],"wp:term":[{"taxonomy":"product_brand","embeddable":true,"href":"https:\/\/bibliaherramientas.com\/libreria\/wp-json\/wp\/v2\/product_brand?post=50248"},{"taxonomy":"product_cat","embeddable":true,"href":"https:\/\/bibliaherramientas.com\/libreria\/wp-json\/wp\/v2\/product_cat?post=50248"},{"taxonomy":"product_tag","embeddable":true,"href":"https:\/\/bibliaherramientas.com\/libreria\/wp-json\/wp\/v2\/product_tag?post=50248"}],"curies":[{"name":"wp","href":"https:\/\/api.w.org\/{rel}","templated":true}]}}