{"id":50245,"date":"2020-03-26T02:13:56","date_gmt":"2020-03-26T08:13:56","guid":{"rendered":"https:\/\/bibliaherramientas.com\/libreria\/?post_type=product&#038;p=50245"},"modified":"2026-01-06T13:27:11","modified_gmt":"2026-01-06T19:27:11","slug":"libro-el-progreso-del-peregrino-ilustrado-9780825410963","status":"publish","type":"product","link":"https:\/\/bibliaherramientas.com\/libreria\/producto\/libro-el-progreso-del-peregrino-ilustrado-9780825410963\/","title":{"rendered":"Libro El progreso del peregrino ilustrado"},"content":{"rendered":"<p>Esta famosa obra ha sido ilustrada para hacerla especialmente atractiva para los ni\u00f1os. Hay en cada p\u00e1gina un dibujo que facilita la comprensi\u00f3n del mensaje. Al leer sobre las inquietudes, intereses, temores, anhelos y emociones de estos personajes, las verdades de las Escrituras resaltar\u00e1n claramente y ser\u00e1 evidente su aplicaci\u00f3n a la vida diaria.<\/p>\n<p>&#8212;&#8212;&#8212;&#8212;&#8212;&#8212;&#8212;&#8212;&#8212;&#8212;&#8212;&#8212;-<\/p>\n<p><img loading=\"lazy\" decoding=\"async\" class=\"alignleft wp-image-50421\" title=\"Juan Bunyan\" src=\"https:\/\/bibliaherramientas.com\/libreria\/wp-content\/uploads\/2020\/04\/john-bunyan.jpg\" alt=\"Juan Bunyan\" width=\"144\" height=\"144\" srcset=\"https:\/\/bibliaherramientas.com\/libreria\/wp-content\/uploads\/2020\/04\/john-bunyan.jpg 400w, https:\/\/bibliaherramientas.com\/libreria\/wp-content\/uploads\/2020\/04\/john-bunyan-247x247.jpg 247w, https:\/\/bibliaherramientas.com\/libreria\/wp-content\/uploads\/2020\/04\/john-bunyan-100x100.jpg 100w, https:\/\/bibliaherramientas.com\/libreria\/wp-content\/uploads\/2020\/04\/john-bunyan-280x280.jpg 280w\" sizes=\"auto, (max-width: 144px) 100vw, 144px\" \/><\/p>\n<p><strong>John Bunyan<\/strong> (28 de noviembre de 1628 &#8211; 31 de agosto de 1688) fue un escritor y predicador cristiano ingl\u00e9s, famoso por su novela El progreso del peregrino. A pesar de ser un bautista reformado, en la Iglesia de Inglaterra es recordado con un festival el 30 de agosto y en el calendario lit\u00fargico de la Iglesia Episcopal el 29 de agosto.<\/p>\n","protected":false},"excerpt":{"rendered":"<p>Talvez no se haya escrito otra obra que explique m\u00e1s claramente de qu\u00e9 se trata la vida cristiana como <em>El progreso del peregrino.<\/em> Es \u00e9sta una fascinante alegor\u00eda de nuestra peregrinaci\u00f3n a la gloria magistralmente presentada por medio de personajes como Cristiano, Fiel, Ignorancia, Formalista, Hipocres\u00eda, Esperanzado, Prudencia y otros, con los cuales nos podemos identificar en alg\u00fan momento de nuestra vida.<\/p>\n","protected":false},"featured_media":50255,"comment_status":"open","ping_status":"closed","template":"","meta":{"_acf_changed":false},"product_brand":[],"product_cat":[521,660,728,533,682,741,541],"product_tag":[812,798],"class_list":{"0":"post-50245","1":"product","2":"type-product","3":"status-publish","4":"has-post-thumbnail","6":"product_cat-drama","7":"product_cat-libros-john-bunyan","8":"product_cat-escritores-john-bunyan","9":"product_cat-libros-general","10":"product_cat-novelas","11":"product_cat-editoriales-portavoz","12":"product_cat-vida-cristiana","13":"product_tag-clasicos","14":"product_tag-vida-cristiana","16":"first","17":"instock","18":"purchasable","19":"product-type-simple"},"acf":[],"_links":{"self":[{"href":"https:\/\/bibliaherramientas.com\/libreria\/wp-json\/wp\/v2\/product\/50245","targetHints":{"allow":["GET"]}}],"collection":[{"href":"https:\/\/bibliaherramientas.com\/libreria\/wp-json\/wp\/v2\/product"}],"about":[{"href":"https:\/\/bibliaherramientas.com\/libreria\/wp-json\/wp\/v2\/types\/product"}],"replies":[{"embeddable":true,"href":"https:\/\/bibliaherramientas.com\/libreria\/wp-json\/wp\/v2\/comments?post=50245"}],"wp:featuredmedia":[{"embeddable":true,"href":"https:\/\/bibliaherramientas.com\/libreria\/wp-json\/wp\/v2\/media\/50255"}],"wp:attachment":[{"href":"https:\/\/bibliaherramientas.com\/libreria\/wp-json\/wp\/v2\/media?parent=50245"}],"wp:term":[{"taxonomy":"product_brand","embeddable":true,"href":"https:\/\/bibliaherramientas.com\/libreria\/wp-json\/wp\/v2\/product_brand?post=50245"},{"taxonomy":"product_cat","embeddable":true,"href":"https:\/\/bibliaherramientas.com\/libreria\/wp-json\/wp\/v2\/product_cat?post=50245"},{"taxonomy":"product_tag","embeddable":true,"href":"https:\/\/bibliaherramientas.com\/libreria\/wp-json\/wp\/v2\/product_tag?post=50245"}],"curies":[{"name":"wp","href":"https:\/\/api.w.org\/{rel}","templated":true}]}}