{"id":50112,"date":"2020-03-22T07:19:07","date_gmt":"2020-03-22T13:19:07","guid":{"rendered":"https:\/\/bibliaherramientas.com\/libreria\/?post_type=product&#038;p=50112"},"modified":"2026-01-06T13:27:02","modified_gmt":"2026-01-06T19:27:02","slug":"pack1-25versiculos-pack1-25versiculos","status":"publish","type":"product","link":"https:\/\/bibliaherramientas.com\/libreria\/producto\/pack1-25versiculos-pack1-25versiculos\/","title":{"rendered":"Pack1 de 25 vers\u00edculos para redes sociales"},"content":{"rendered":"<p>Hemos preparado nuestro primer pack de 25 vers\u00edculos (Libres del logotipo de BHL) para que los puedas compartir en tus redes sociales y hagas llegar la Palabra de Dios a tantos como sea posible. El Se\u00f1or mediante, iremos preparando cada vez m\u00e1s packs con diferentes vers\u00edculos.<\/p>\n<p>Los vers\u00edculos que contienen este pack1 son los siguientes:<\/p>\n<ol>\n<li>Romanos 10:15 v1.<\/li>\n<li>Salmos 24:1.<\/li>\n<li>Romanos 10:15 v2.<\/li>\n<li>Salmos 63:1b.<\/li>\n<li>Salmos 90:12.<\/li>\n<li>Efesios 5:15-16.<\/li>\n<li>Isa\u00edas 40:8.<\/li>\n<li>Isa\u00edas 41:10.<\/li>\n<li>\u00c9xodo 33:14.<\/li>\n<li>Mateo 11:28.<\/li>\n<li>Salmos 34:8.<\/li>\n<li>1 Pedro 2:9a.<\/li>\n<li>Juan 14:27a.<\/li>\n<li>Romanos 3:23.<\/li>\n<li>Mateo 13:49-50.<\/li>\n<li>Juan 6:35.<\/li>\n<li>Juan 10:11.<\/li>\n<li>2 Timoteo 3:16.<\/li>\n<li>1 Corintios 15:3.<\/li>\n<li>Mateo 7:13.<\/li>\n<li>Isa\u00edas 53:5.<\/li>\n<li>Juan 14:6.<\/li>\n<li>Mateo 28:20.<\/li>\n<li>Mateo 1:21.<\/li>\n<li>Mateo 5:14.<\/li>\n<\/ol>\n<p>*NOTA: Es recomendable bajar el archivo zip en una computadora ya que es m\u00e1s f\u00e1cil de manejar los archivos que en un celular aunque en el celular tambi\u00e9n es posible pero necesita de m\u00e1s habilidades para encontrar los archivos.<\/p>\n<p>*Si deseas un pack m\u00e1s econ\u00f3mico, puedes visitar nuestro <a href=\"https:\/\/bibliaherramientas.com\/libreria\/tienda\/otros-recursos\/recursos-varios\/versiculos-para-redes-sociales\/pack1-25versiculos-bhl-pack1-25versiculosbhl\/\" target=\"_blank\" rel=\"noopener noreferrer\">otro recurso<\/a> con logotipo de BHL.<\/p>\n","protected":false},"excerpt":{"rendered":"<p>Siempre es tiempo de compartir la Palabra de Dios, pero ahora que todo el mundo est\u00e1 pasando por momentos dif\u00edciles, que mejor tiempo para hacer llegar la Palabra de Dios a nuestros familiares, amigos y conocidos a los cuales por el momento no podemos ver f\u00edsicamente y que mejor que las redes sociales para hacerlo.<\/p>\n<p>Ideal para Ministerios e Iglesias (Para personalizar con tu propio logotipo).<\/p>\n<p>*Cuando realizas la compra, obtienes la descarga de los vers\u00edculos en HD sin marcas de agua. Si deseas una versi\u00f3n m\u00e1s econ\u00f3mica puedes obtener la versi\u00f3n con nuestro logo, puedes ir a nuestro <a href=\"https:\/\/bibliaherramientas.com\/libreria\/tienda\/otros-recursos\/recursos-varios\/versiculos-para-redes-sociales\/pack1-25versiculos-bhl-pack1-25versiculosbhl\/\" target=\"_blank\" rel=\"noopener noreferrer\">otro recurso<\/a>.<\/p>\n","protected":false},"featured_media":50259,"comment_status":"open","ping_status":"closed","template":"","meta":{"_acf_changed":false},"product_brand":[],"product_cat":[565,789],"product_tag":[813,811,817],"class_list":{"0":"post-50112","1":"product","2":"type-product","3":"status-publish","4":"has-post-thumbnail","6":"product_cat-nuevos-recursos","7":"product_cat-versiculos-para-redes-sociales","8":"product_tag-descargables","9":"product_tag-nuevos","10":"product_tag-superpromociones","12":"first","13":"outofstock","14":"featured","15":"downloadable","16":"virtual","17":"sold-individually","18":"purchasable","19":"product-type-simple"},"acf":[],"_links":{"self":[{"href":"https:\/\/bibliaherramientas.com\/libreria\/wp-json\/wp\/v2\/product\/50112","targetHints":{"allow":["GET"]}}],"collection":[{"href":"https:\/\/bibliaherramientas.com\/libreria\/wp-json\/wp\/v2\/product"}],"about":[{"href":"https:\/\/bibliaherramientas.com\/libreria\/wp-json\/wp\/v2\/types\/product"}],"replies":[{"embeddable":true,"href":"https:\/\/bibliaherramientas.com\/libreria\/wp-json\/wp\/v2\/comments?post=50112"}],"wp:featuredmedia":[{"embeddable":true,"href":"https:\/\/bibliaherramientas.com\/libreria\/wp-json\/wp\/v2\/media\/50259"}],"wp:attachment":[{"href":"https:\/\/bibliaherramientas.com\/libreria\/wp-json\/wp\/v2\/media?parent=50112"}],"wp:term":[{"taxonomy":"product_brand","embeddable":true,"href":"https:\/\/bibliaherramientas.com\/libreria\/wp-json\/wp\/v2\/product_brand?post=50112"},{"taxonomy":"product_cat","embeddable":true,"href":"https:\/\/bibliaherramientas.com\/libreria\/wp-json\/wp\/v2\/product_cat?post=50112"},{"taxonomy":"product_tag","embeddable":true,"href":"https:\/\/bibliaherramientas.com\/libreria\/wp-json\/wp\/v2\/product_tag?post=50112"}],"curies":[{"name":"wp","href":"https:\/\/api.w.org\/{rel}","templated":true}]}}