{"id":49346,"date":"2020-02-26T06:22:32","date_gmt":"2020-02-26T12:22:32","guid":{"rendered":"https:\/\/bibliaherramientas.com\/libreria\/?post_type=product&#038;p=49346"},"modified":"2026-01-06T13:26:13","modified_gmt":"2026-01-06T19:26:13","slug":"libro-el-cuerpo-de-cristo-por-sugel-michelen-9781535968256","status":"publish","type":"product","link":"https:\/\/bibliaherramientas.com\/libreria\/producto\/libro-el-cuerpo-de-cristo-por-sugel-michelen-9781535968256\/","title":{"rendered":"Libro El Cuerpo de Cristo por Sugel Michel\u00e9n"},"content":{"rendered":"<p>Tristemente, ese es el mensaje que enviamos en silencio muchas veces debido a la perspectiva que tenemos de la Iglesia: &#8220;Me encanta pasar tiempo contigo, Se\u00f1or&#8230; pero a tu esposa no la soporto&#8221;.<\/p>\n<p>Cristo muri\u00f3 por la Iglesia para hacerla suya. \u00bfC\u00f3mo puede ser posible que alguien profese haber sido salvado por Cristo y que al mismo tiempo mantenga una relaci\u00f3n distante con esa Iglesia por la cual \u00c9l muri\u00f3 y profesa en su Palabra un amor incondicional?<\/p>\n<p>En el Libro <em>El Cuerpo de Cristo, <\/em>el pastor Sugel Michel\u00e9n argumenta que ser cristiano, por definici\u00f3n, es ser miembro de la Iglesia de Cristo. Con erudici\u00f3n b\u00edblica y aplicaci\u00f3n pastoral, El Libro <em>El Cuerpo de Cristo <\/em>ayudar\u00e1 al lector a encontrar su lugar en el plan eterno de Dios para Su amada Iglesia.<\/p>\n<p>RECOMENDACIONES:<br \/>\n&#8220;Lee este libro, ll\u00e9valo a la pr\u00e1ctica y eso enriquecer\u00e1 tu vida como disc\u00edpulo, honrar\u00e1 al Maestro y bendecir\u00e1 a tus hermanos&#8221;.<br \/>\n<strong>&#8211; <a href=\"https:\/\/bibliaherramientas.com\/libreria\/categoria-producto\/libros\/libros-por-autor\/libros-miguel-nunez\/\" target=\"_blank\" rel=\"noopener noreferrer\">Miguel N\u00fa\u00f1ez <\/a><\/strong><a href=\"https:\/\/www.laibi.org\/\" target=\"_blank\" rel=\"noopener noreferrer\">Iglesia Bautista Internacional<\/a>.<\/p>\n<p>&#8220;Siendo franco, no conozco ning\u00fan otro libro escrito en espa\u00f1ol que aborde la membres\u00eda de la iglesia desde una perspectiva pastoral, como lo hace aqu\u00ed Sugel&#8221;.<br \/>\n&#8211; <a href=\"http:\/\/es.9marks.org\/\" target=\"_blank\" rel=\"noopener noreferrer\">9marcas<\/a>.<\/p>\n<p>&#8212;&#8212;&#8212;&#8212;&#8212;&#8212;&#8212;&#8212;&#8212;&#8212;&#8212;&#8212;&#8212;&#8212;&#8212;&#8212;<\/p>\n<p><img loading=\"lazy\" decoding=\"async\" class=\"alignleft wp-image-50435\" title=\"Sugel Michelen\" src=\"https:\/\/bibliaherramientas.com\/libreria\/wp-content\/uploads\/2020\/04\/sugel-michelen.jpg\" alt=\"Sugel Michelen\" width=\"144\" height=\"144\" srcset=\"https:\/\/bibliaherramientas.com\/libreria\/wp-content\/uploads\/2020\/04\/sugel-michelen.jpg 400w, https:\/\/bibliaherramientas.com\/libreria\/wp-content\/uploads\/2020\/04\/sugel-michelen-247x247.jpg 247w, https:\/\/bibliaherramientas.com\/libreria\/wp-content\/uploads\/2020\/04\/sugel-michelen-100x100.jpg 100w, https:\/\/bibliaherramientas.com\/libreria\/wp-content\/uploads\/2020\/04\/sugel-michelen-280x280.jpg 280w\" sizes=\"auto, (max-width: 144px) 100vw, 144px\" \/><\/p>\n<p><strong>Sugel Michel\u00e9n<\/strong>, ha sido pastor en Iglesia B\u00edblica del Se\u00f1or Jesucristo por m\u00e1s de 30 a\u00f1os, liderando el ministerio de predicaci\u00f3n casi todos los domingos. Es conocido por nuestros distribuidores como conferencista y m\u00e1s recientemente como autor del libro para <a href=\"https:\/\/www.bhpublishinggroup.com\/categories\/spanish\/\" target=\"_blank\" rel=\"noopener noreferrer\">B&amp;H Espa\u00f1ol<\/a> \u201cDe parte de Dios\u201d.<\/p>\n<p>Movido por la comprensi\u00f3n de que los ni\u00f1os deben ser nutridos en el temor y la amonestaci\u00f3n del Se\u00f1or, a completado un gran n\u00famero de estudios en educaci\u00f3n y ha servido por varios a\u00f1os como director de ACSI Latinoam\u00e9rica. Esto no solo lo ha establecido como un comunicador incre\u00edble, sino tambi\u00e9n como alguien ideal para el trabajo con ni\u00f1os y sus padres. Adem\u00e1s, por m\u00e1s de 25 a\u00f1os, Sugel ha servido como ejecutivo de alto rango y profesor de filosof\u00eda en el Colegio privado IBSJ (Logos C.S.).<\/p>\n","protected":false},"excerpt":{"rendered":"<p>\u00bfPor qu\u00e9 debo ser un miembro de la Iglesia local?<\/p>\n<p>Ser miembro, por definici\u00f3n, es ser miembro de la Iglesia de Cristo<\/p>\n<p>Si un amigo te dijera: &#8220;Me encanta pasar tiempo contigo, pero francamente tu esposa es insoportable&#8221;, \u00bfCu\u00e1l ser\u00eda tu reacci\u00f3n? Si amas a tu esposa, seguramente responder\u00e1s algo como: &#8220;Me ser\u00e1 dif\u00edcil desarrollar una amistad contigo, porque yo y mi esposa somos uno&#8221;.<\/p>\n","protected":false},"featured_media":49347,"comment_status":"open","ping_status":"closed","template":"","meta":{"_acf_changed":false},"product_brand":[],"product_cat":[735,531,565,724,675],"product_tag":[945,923],"class_list":{"0":"post-49346","1":"product","2":"type-product","3":"status-publish","4":"has-post-thumbnail","6":"product_cat-editoriales-bh-espanol","7":"product_cat-iglesia","8":"product_cat-nuevos-recursos","9":"product_cat-escritores-sugel-michelen","10":"product_cat-libros-sugel-michelen","11":"product_tag-iglesia","12":"product_tag-pastores","14":"first","15":"instock","16":"purchasable","17":"product-type-simple"},"acf":[],"_links":{"self":[{"href":"https:\/\/bibliaherramientas.com\/libreria\/wp-json\/wp\/v2\/product\/49346","targetHints":{"allow":["GET"]}}],"collection":[{"href":"https:\/\/bibliaherramientas.com\/libreria\/wp-json\/wp\/v2\/product"}],"about":[{"href":"https:\/\/bibliaherramientas.com\/libreria\/wp-json\/wp\/v2\/types\/product"}],"replies":[{"embeddable":true,"href":"https:\/\/bibliaherramientas.com\/libreria\/wp-json\/wp\/v2\/comments?post=49346"}],"wp:featuredmedia":[{"embeddable":true,"href":"https:\/\/bibliaherramientas.com\/libreria\/wp-json\/wp\/v2\/media\/49347"}],"wp:attachment":[{"href":"https:\/\/bibliaherramientas.com\/libreria\/wp-json\/wp\/v2\/media?parent=49346"}],"wp:term":[{"taxonomy":"product_brand","embeddable":true,"href":"https:\/\/bibliaherramientas.com\/libreria\/wp-json\/wp\/v2\/product_brand?post=49346"},{"taxonomy":"product_cat","embeddable":true,"href":"https:\/\/bibliaherramientas.com\/libreria\/wp-json\/wp\/v2\/product_cat?post=49346"},{"taxonomy":"product_tag","embeddable":true,"href":"https:\/\/bibliaherramientas.com\/libreria\/wp-json\/wp\/v2\/product_tag?post=49346"}],"curies":[{"name":"wp","href":"https:\/\/api.w.org\/{rel}","templated":true}]}}