{"id":46908,"date":"2020-01-29T00:16:53","date_gmt":"2020-01-29T06:16:53","guid":{"rendered":"https:\/\/bibliaherramientas.com\/libreria\/?post_type=product&#038;p=46908"},"modified":"2026-01-06T13:25:41","modified_gmt":"2026-01-06T19:25:41","slug":"libro-emociones-que-matan-9780881139235","status":"publish","type":"product","link":"https:\/\/bibliaherramientas.com\/libreria\/producto\/libro-emociones-que-matan-9780881139235\/","title":{"rendered":"Libro Emociones que matan"},"content":{"rendered":"<p>LIBRO NUEVOS<\/p>\n<p>El doctor Colbert ofrece una definici\u00f3n clara de las emociones mortales: cu\u00e1les son, de d\u00f3nde surge, c\u00f3mo se manifiestan y sus efectos en el cuerpo humano, mediante la evidencia cient\u00edfica que apoya su posici\u00f3n y comparte sus consejos con respecto a la nutrici\u00f3n y al papel que ocupan para remover las toxinas f\u00edsicas que inhiben una verdadera salud.<\/p>\n<p>&#8212;&#8212;&#8212;&#8212;&#8212;&#8212;&#8212;&#8212;&#8212;&#8212;-<br \/>\nCualquier duda estamos a tus \u00f3rdenes. Bendiciones!<\/p>\n","protected":false},"excerpt":{"rendered":"<p>El doctor Colbert ofrece una definici\u00f3n clara de las emociones mortales.<\/p>\n","protected":false},"featured_media":51950,"comment_status":"open","ping_status":"closed","template":"","meta":{"_acf_changed":false},"product_brand":[],"product_cat":[665,738,499,533],"product_tag":[],"class_list":{"0":"post-46908","1":"product","2":"type-product","3":"status-publish","4":"has-post-thumbnail","6":"product_cat-ayuda","7":"product_cat-editoriales-harper-collins","8":"product_cat-libros","9":"product_cat-libros-general","11":"first","12":"instock","13":"purchasable","14":"product-type-simple"},"acf":[],"_links":{"self":[{"href":"https:\/\/bibliaherramientas.com\/libreria\/wp-json\/wp\/v2\/product\/46908","targetHints":{"allow":["GET"]}}],"collection":[{"href":"https:\/\/bibliaherramientas.com\/libreria\/wp-json\/wp\/v2\/product"}],"about":[{"href":"https:\/\/bibliaherramientas.com\/libreria\/wp-json\/wp\/v2\/types\/product"}],"replies":[{"embeddable":true,"href":"https:\/\/bibliaherramientas.com\/libreria\/wp-json\/wp\/v2\/comments?post=46908"}],"wp:featuredmedia":[{"embeddable":true,"href":"https:\/\/bibliaherramientas.com\/libreria\/wp-json\/wp\/v2\/media\/51950"}],"wp:attachment":[{"href":"https:\/\/bibliaherramientas.com\/libreria\/wp-json\/wp\/v2\/media?parent=46908"}],"wp:term":[{"taxonomy":"product_brand","embeddable":true,"href":"https:\/\/bibliaherramientas.com\/libreria\/wp-json\/wp\/v2\/product_brand?post=46908"},{"taxonomy":"product_cat","embeddable":true,"href":"https:\/\/bibliaherramientas.com\/libreria\/wp-json\/wp\/v2\/product_cat?post=46908"},{"taxonomy":"product_tag","embeddable":true,"href":"https:\/\/bibliaherramientas.com\/libreria\/wp-json\/wp\/v2\/product_tag?post=46908"}],"curies":[{"name":"wp","href":"https:\/\/api.w.org\/{rel}","templated":true}]}}