{"id":46226,"date":"2020-01-21T13:20:10","date_gmt":"2020-01-21T19:20:10","guid":{"rendered":"https:\/\/bibliaherramientas.com\/libreria\/?post_type=product&#038;p=46226"},"modified":"2026-01-06T13:24:50","modified_gmt":"2026-01-06T19:24:50","slug":"biblia-cartera-rosa-con-cierre-e-indice-pasta-de-tela-rvr1960-9788941296874","status":"publish","type":"product","link":"https:\/\/bibliaherramientas.com\/libreria\/producto\/biblia-cartera-rosa-con-cierre-e-indice-pasta-de-tela-rvr1960-9788941296874\/","title":{"rendered":"Biblia cartera rosa brillante con cierre RVR1960 &#8211; Pasta de tela"},"content":{"rendered":"<p>CARACTER\u00cdSTICAS:<\/p>\n<ul>\n<li>Notas<\/li>\n<li>Como leer la Biblia en un a\u00f1o.<\/li>\n<li>Como encontrar ayuda en la Biblia &#8211; Ayudas especiales.<\/li>\n<li>Lo que dice la Biblia acerca del perd\u00f3n de Dios.<\/li>\n<\/ul>\n<p>&#8212;&#8212;&#8212;&#8212;&#8212;&#8212;&#8212;&#8212;-<\/p>\n<ul>\n<li>Tama\u00f1o: 8.5 x 16.8 cm.<\/li>\n<li>No. de p\u00e1ginas: 1,398.<\/li>\n<li>Papel: Biblia 28 g.<\/li>\n<\/ul>\n","protected":false},"excerpt":{"rendered":"<p>Biblia tama\u00f1o cartera color rosa con brillos con cierre para cerrarse, versi\u00f3n RVR1960 con letra peque\u00f1a. Pasta tela con brillos. Ideal para llevar en el bolso.<\/p>\n","protected":false},"featured_media":45166,"comment_status":"open","ping_status":"closed","template":"","meta":{"_acf_changed":false},"product_brand":[],"product_cat":[768,871,865,464,882,498,884,748],"product_tag":[948,863,913],"class_list":{"0":"post-46226","1":"product","2":"type-product","3":"status-publish","4":"has-post-thumbnail","6":"product_cat-biblias-cartera","7":"product_cat-biblias-8-9-puntos","8":"product_cat-biblias-de-bolsillo","9":"product_cat-biblias-mujeres","10":"product_cat-biblias-pasta-tela","11":"product_cat-biblias-personales","12":"product_cat-biblias-rvr1960","13":"product_cat-editoriales-sociedades-biblicas-unidas","14":"product_tag-biblias-cartera","15":"product_tag-biblias-compactas","16":"product_tag-biblias-para-mujeres","18":"first","19":"outofstock","20":"purchasable","21":"product-type-simple"},"acf":[],"_links":{"self":[{"href":"https:\/\/bibliaherramientas.com\/libreria\/wp-json\/wp\/v2\/product\/46226","targetHints":{"allow":["GET"]}}],"collection":[{"href":"https:\/\/bibliaherramientas.com\/libreria\/wp-json\/wp\/v2\/product"}],"about":[{"href":"https:\/\/bibliaherramientas.com\/libreria\/wp-json\/wp\/v2\/types\/product"}],"replies":[{"embeddable":true,"href":"https:\/\/bibliaherramientas.com\/libreria\/wp-json\/wp\/v2\/comments?post=46226"}],"wp:featuredmedia":[{"embeddable":true,"href":"https:\/\/bibliaherramientas.com\/libreria\/wp-json\/wp\/v2\/media\/45166"}],"wp:attachment":[{"href":"https:\/\/bibliaherramientas.com\/libreria\/wp-json\/wp\/v2\/media?parent=46226"}],"wp:term":[{"taxonomy":"product_brand","embeddable":true,"href":"https:\/\/bibliaherramientas.com\/libreria\/wp-json\/wp\/v2\/product_brand?post=46226"},{"taxonomy":"product_cat","embeddable":true,"href":"https:\/\/bibliaherramientas.com\/libreria\/wp-json\/wp\/v2\/product_cat?post=46226"},{"taxonomy":"product_tag","embeddable":true,"href":"https:\/\/bibliaherramientas.com\/libreria\/wp-json\/wp\/v2\/product_tag?post=46226"}],"curies":[{"name":"wp","href":"https:\/\/api.w.org\/{rel}","templated":true}]}}