{"id":45215,"date":"2020-01-10T09:38:33","date_gmt":"2020-01-10T15:38:33","guid":{"rendered":"https:\/\/bibliaherramientas.com\/libreria\/?post_type=product&#038;p=45215"},"modified":"2026-01-06T13:24:18","modified_gmt":"2026-01-06T19:24:18","slug":"biblia-cartera-azul-con-cierre-e-indice-rvr1960-imitacion-piel-9789587452242","status":"publish","type":"product","link":"https:\/\/bibliaherramientas.com\/libreria\/producto\/biblia-cartera-azul-con-cierre-e-indice-rvr1960-imitacion-piel-9789587452242\/","title":{"rendered":"Biblia cartera azul con cierre e \u00edndice RVR1960 &#8211; Imitaci\u00f3n piel"},"content":{"rendered":"<p>CARACTER\u00cdSTICAS:<\/p>\n<ul>\n<li>Palabras de Jes\u00fas en rojo (PJR).<\/li>\n<li>Con referencias.<\/li>\n<\/ul>\n<p>AYUDAS ESPECIALES:<\/p>\n<ul>\n<li>C\u00f3mo leer la Biblia.<\/li>\n<li>Concordancia con 2,671 palabras de consulta y referencia.<\/li>\n<li>Lo que dice la Biblia acerca del perd\u00f3n de Dios.<\/li>\n<\/ul>\n<p>&#8212;&#8212;&#8212;&#8212;&#8212;&#8212;&#8212;&#8212;-<\/p>\n<ul>\n<li>Tama\u00f1o: 8.5 x 16.8 cm.<\/li>\n<li>No. de p\u00e1ginas: 1,504.<\/li>\n<li>Papel: Biblia 28 g.<\/li>\n<li>Impresi\u00f3n: 2 colores: Negro y rojo.<\/li>\n<\/ul>\n<p>&#8212;&#8212;&#8212;&#8212;&#8212;&#8212;&#8212;&#8212;-<\/p>\n<ul>\n<li>Adquiriendo esta Biblia apoyas los proyectos de traducci\u00f3n de la Palabra a lenguas nativas.<\/li>\n<li>Este es un recurso b\u00edblico con acabados manuales, en el cual la mano del &#8220;Artesano de la Palabra&#8221; resalta y realza los atributos de la Biblia para crear un producto \u00fanico.<\/li>\n<li>El 70% de nuestros &#8220;Artesanos de la Palabra&#8221; son mujeres madres cabeza de hogar.<\/li>\n<li>El papel utilizado en esta Biblia proviene de bosques renovables, cultivados espec\u00edficamente para tal fin.<\/li>\n<\/ul>\n","protected":false},"excerpt":{"rendered":"<p>Biblia tama\u00f1o cartera color azul con cierre para cerrarse e \u00edndice adem\u00e1s de las palabras de Cristo en rojo, versi\u00f3n RVR1960 con letra peque\u00f1a. Pasta s\u00edmil piel. Ideal para llevar en alguna mochila.<\/p>\n","protected":false},"featured_media":45185,"comment_status":"open","ping_status":"closed","template":"","meta":{"_acf_changed":false},"product_brand":[],"product_cat":[768,866,871,865,878,464,498,884,748],"product_tag":[948,863],"class_list":{"0":"post-45215","1":"product","2":"type-product","3":"status-publish","4":"has-post-thumbnail","6":"product_cat-biblias-cartera","7":"product_cat-biblias-compactas","8":"product_cat-biblias-8-9-puntos","9":"product_cat-biblias-de-bolsillo","10":"product_cat-biblias-de-vinil","11":"product_cat-biblias-mujeres","12":"product_cat-biblias-personales","13":"product_cat-biblias-rvr1960","14":"product_cat-editoriales-sociedades-biblicas-unidas","15":"product_tag-biblias-cartera","16":"product_tag-biblias-compactas","18":"first","19":"outofstock","20":"purchasable","21":"product-type-simple"},"acf":[],"_links":{"self":[{"href":"https:\/\/bibliaherramientas.com\/libreria\/wp-json\/wp\/v2\/product\/45215","targetHints":{"allow":["GET"]}}],"collection":[{"href":"https:\/\/bibliaherramientas.com\/libreria\/wp-json\/wp\/v2\/product"}],"about":[{"href":"https:\/\/bibliaherramientas.com\/libreria\/wp-json\/wp\/v2\/types\/product"}],"replies":[{"embeddable":true,"href":"https:\/\/bibliaherramientas.com\/libreria\/wp-json\/wp\/v2\/comments?post=45215"}],"wp:featuredmedia":[{"embeddable":true,"href":"https:\/\/bibliaherramientas.com\/libreria\/wp-json\/wp\/v2\/media\/45185"}],"wp:attachment":[{"href":"https:\/\/bibliaherramientas.com\/libreria\/wp-json\/wp\/v2\/media?parent=45215"}],"wp:term":[{"taxonomy":"product_brand","embeddable":true,"href":"https:\/\/bibliaherramientas.com\/libreria\/wp-json\/wp\/v2\/product_brand?post=45215"},{"taxonomy":"product_cat","embeddable":true,"href":"https:\/\/bibliaherramientas.com\/libreria\/wp-json\/wp\/v2\/product_cat?post=45215"},{"taxonomy":"product_tag","embeddable":true,"href":"https:\/\/bibliaherramientas.com\/libreria\/wp-json\/wp\/v2\/product_tag?post=45215"}],"curies":[{"name":"wp","href":"https:\/\/api.w.org\/{rel}","templated":true}]}}