{"id":45157,"date":"2020-01-10T09:07:03","date_gmt":"2020-01-10T15:07:03","guid":{"rendered":"https:\/\/bibliaherramientas.com\/libreria\/?post_type=product&#038;p=45157"},"modified":"2026-01-06T13:23:41","modified_gmt":"2026-01-06T19:23:41","slug":"biblia-cartera-roja-iman-rvr1960-imitacion-piel-7898521818159","status":"publish","type":"product","link":"https:\/\/bibliaherramientas.com\/libreria\/producto\/biblia-cartera-roja-iman-rvr1960-imitacion-piel-7898521818159\/","title":{"rendered":"Biblia cartera roja con im\u00e1n RVR1960 &#8211; Imitaci\u00f3n piel"},"content":{"rendered":"<p>CARACTER\u00cdSTICAS:<\/p>\n<ul>\n<li>Como leer la Biblia.<\/li>\n<li>Panorama general de los libros de la Biblia.<\/li>\n<li>Lecturas para d\u00edas especiales.<\/li>\n<li>Que dice la Biblia acerca del perd\u00f3n de Dios.<\/li>\n<li>Los libros de la Biblia en s\u00edntesis.<\/li>\n<li>Plan para leer la Biblia en un a\u00f1o.<\/li>\n<\/ul>\n","protected":false},"excerpt":{"rendered":"<p>Biblia tama\u00f1o cartera color rojo con im\u00e1n para cerrarse, versi\u00f3n RVR1960 con letra peque\u00f1a. Pasta s\u00edmil piel. Ideal para llevar en el bolso.<\/p>\n","protected":false},"featured_media":45203,"comment_status":"open","ping_status":"closed","template":"","meta":{"_acf_changed":false},"product_brand":[],"product_cat":[768,866,871,865,877,464,498,884,748],"product_tag":[948,863,913],"class_list":{"0":"post-45157","1":"product","2":"type-product","3":"status-publish","4":"has-post-thumbnail","6":"product_cat-biblias-cartera","7":"product_cat-biblias-compactas","8":"product_cat-biblias-8-9-puntos","9":"product_cat-biblias-de-bolsillo","10":"product_cat-biblias-imitacion-piel","11":"product_cat-biblias-mujeres","12":"product_cat-biblias-personales","13":"product_cat-biblias-rvr1960","14":"product_cat-editoriales-sociedades-biblicas-unidas","15":"product_tag-biblias-cartera","16":"product_tag-biblias-compactas","17":"product_tag-biblias-para-mujeres","19":"first","20":"instock","21":"purchasable","22":"product-type-simple"},"acf":[],"_links":{"self":[{"href":"https:\/\/bibliaherramientas.com\/libreria\/wp-json\/wp\/v2\/product\/45157","targetHints":{"allow":["GET"]}}],"collection":[{"href":"https:\/\/bibliaherramientas.com\/libreria\/wp-json\/wp\/v2\/product"}],"about":[{"href":"https:\/\/bibliaherramientas.com\/libreria\/wp-json\/wp\/v2\/types\/product"}],"replies":[{"embeddable":true,"href":"https:\/\/bibliaherramientas.com\/libreria\/wp-json\/wp\/v2\/comments?post=45157"}],"wp:featuredmedia":[{"embeddable":true,"href":"https:\/\/bibliaherramientas.com\/libreria\/wp-json\/wp\/v2\/media\/45203"}],"wp:attachment":[{"href":"https:\/\/bibliaherramientas.com\/libreria\/wp-json\/wp\/v2\/media?parent=45157"}],"wp:term":[{"taxonomy":"product_brand","embeddable":true,"href":"https:\/\/bibliaherramientas.com\/libreria\/wp-json\/wp\/v2\/product_brand?post=45157"},{"taxonomy":"product_cat","embeddable":true,"href":"https:\/\/bibliaherramientas.com\/libreria\/wp-json\/wp\/v2\/product_cat?post=45157"},{"taxonomy":"product_tag","embeddable":true,"href":"https:\/\/bibliaherramientas.com\/libreria\/wp-json\/wp\/v2\/product_tag?post=45157"}],"curies":[{"name":"wp","href":"https:\/\/api.w.org\/{rel}","templated":true}]}}