{"id":42194,"date":"2019-12-06T03:32:53","date_gmt":"2019-12-06T09:32:53","guid":{"rendered":"https:\/\/bibliaherramientas.com\/libreria\/?post_type=product&#038;p=42194"},"modified":"2026-01-06T13:20:14","modified_gmt":"2026-01-06T19:20:14","slug":"libro-porque-el-tiempo-si-esta-cerca-por-john-macarthur-9780825415791","status":"publish","type":"product","link":"https:\/\/bibliaherramientas.com\/libreria\/producto\/libro-porque-el-tiempo-si-esta-cerca-por-john-macarthur-9780825415791\/","title":{"rendered":"Comentario Porque el tiempo S\u00ed est\u00e1 cerca por John MacArthur"},"content":{"rendered":"<p>El libro de Apocalipsis no s\u00f3lo es la Palabra inspirada de Dios, sino tambi\u00e9n el \u00fanico libro del Nuevo Testamento que incluye una bendici\u00f3n espiritual prometida para aquellos que escuchen su mensaje. Si usted lee y obedece las palabras de Apocalipsis, Dios promete que ser\u00e1 bendecido. El pastor-maestro John MacArthur explica esto y mucho m\u00e1s acerca del libro de Apocalipsis de una forma minuciosa y exacta, pero a la vez sencilla. Su don para simplificar las complejas verdades hace que este libro sea oportuno y significativo.<\/p>\n<p>RECOMENDACIONES:<\/p>\n<p>&#8220;Al leer este pr\u00e1ctico comentario fiel a las Escrituras que explica la \u00faltima gran profec\u00eda en la Biblia, usted se sentir\u00e1 bendecido, edificado e inspirado.&#8221; &#8211; Tim LaHaye, autor de la serie Dejados atr\u00e1s.<\/p>\n<p>&#8220;Exhaustiva, precisa y sencilla. Es la forma en que mi amigo, John MacArthur, predica, ense\u00f1a y escribe. Estoy muy agradecida por la interpretaci\u00f3n literal que hace John del Apocalipsis. Sus palabras brillan en la obscuridad y ofrecen esperanza para la sombr\u00eda \u00e9poca en que viv\u00edmos.&#8221; &#8211; Joni Eareckson Tada, JAF Centro Internacional para Personas con Discapacidad.<\/p>\n<p>&#8212;&#8212;&#8212;&#8212;&#8212;&#8212;<\/p>\n<p><img loading=\"lazy\" decoding=\"async\" class=\"alignleft wp-image-50422\" title=\"John MacArthur\" src=\"https:\/\/bibliaherramientas.com\/libreria\/wp-content\/uploads\/2020\/04\/john-macarthur.jpg\" alt=\"John MacArthur\" width=\"144\" height=\"144\" srcset=\"https:\/\/bibliaherramientas.com\/libreria\/wp-content\/uploads\/2020\/04\/john-macarthur.jpg 400w, https:\/\/bibliaherramientas.com\/libreria\/wp-content\/uploads\/2020\/04\/john-macarthur-247x247.jpg 247w, https:\/\/bibliaherramientas.com\/libreria\/wp-content\/uploads\/2020\/04\/john-macarthur-100x100.jpg 100w, https:\/\/bibliaherramientas.com\/libreria\/wp-content\/uploads\/2020\/04\/john-macarthur-280x280.jpg 280w\" sizes=\"auto, (max-width: 144px) 100vw, 144px\" \/><\/p>\n<p><strong>John MacArthur<\/strong> es pastor y maestro de <a href=\"https:\/\/www.gracechurch.org\/\" target=\"_blank\" rel=\"noopener noreferrer\">Grace Community Church<\/a> en Sun Valley, California. Tambi\u00e9n es presidente de <a href=\"https:\/\/www.mcs.edu\/\" target=\"_blank\" rel=\"noopener noreferrer\">The Master&#8217;s College and Seminary<\/a> y se le escucha diariamente en \u00ab<a href=\"https:\/\/www.gracia.org\/\" target=\"_blank\" rel=\"noopener noreferrer\">Gracia a Vosotros<\/a>\u00bb, un programa distribuido a nivel internacional en diferentes formatos, para alcanzar a millones cada d\u00eda.<\/p>\n<p>Con m\u00e1s de dos d\u00e9cadas de ministerio, ha escrito y editado muchos libros incluyendo el ganador del premio Medall\u00f3n de Oro, <a href=\"https:\/\/bibliaherramientas.com\/libreria\/categoria-producto\/biblias\/biblias-por-comentarista\/biblias-john-macarthur\/\" target=\"_blank\" rel=\"noopener noreferrer\">La Biblia de estudio MacArthur<\/a>.<\/p>\n","protected":false},"excerpt":{"rendered":"<p>El fin del mundo est\u00e1 cerca.<\/p>\n<p>El fin del mundo deber\u00eda ser cualquier cosa menos terrible para los cristianos. De hecho, \u00a1deber\u00eda ser algo que los cristianos esperan con ilusi\u00f3n!<\/p>\n","protected":false},"featured_media":41903,"comment_status":"open","ping_status":"closed","template":"","meta":{"_acf_changed":false},"product_brand":[],"product_cat":[516,524,526,623,705,741,669],"product_tag":[960,961,959],"class_list":{"0":"post-42194","1":"product","2":"type-product","3":"status-publish","4":"has-post-thumbnail","6":"product_cat-comentarios","7":"product_cat-escatologia","8":"product_cat-estudio-biblico","9":"product_cat-libros-john-macarthur","10":"product_cat-escritores-john-macarthur","11":"product_cat-editoriales-portavoz","12":"product_cat-profecia","13":"product_tag-escatologia","14":"product_tag-eventos-futuros","15":"product_tag-profecias","17":"first","18":"instock","19":"purchasable","20":"product-type-simple"},"acf":[],"_links":{"self":[{"href":"https:\/\/bibliaherramientas.com\/libreria\/wp-json\/wp\/v2\/product\/42194","targetHints":{"allow":["GET"]}}],"collection":[{"href":"https:\/\/bibliaherramientas.com\/libreria\/wp-json\/wp\/v2\/product"}],"about":[{"href":"https:\/\/bibliaherramientas.com\/libreria\/wp-json\/wp\/v2\/types\/product"}],"replies":[{"embeddable":true,"href":"https:\/\/bibliaherramientas.com\/libreria\/wp-json\/wp\/v2\/comments?post=42194"}],"wp:featuredmedia":[{"embeddable":true,"href":"https:\/\/bibliaherramientas.com\/libreria\/wp-json\/wp\/v2\/media\/41903"}],"wp:attachment":[{"href":"https:\/\/bibliaherramientas.com\/libreria\/wp-json\/wp\/v2\/media?parent=42194"}],"wp:term":[{"taxonomy":"product_brand","embeddable":true,"href":"https:\/\/bibliaherramientas.com\/libreria\/wp-json\/wp\/v2\/product_brand?post=42194"},{"taxonomy":"product_cat","embeddable":true,"href":"https:\/\/bibliaherramientas.com\/libreria\/wp-json\/wp\/v2\/product_cat?post=42194"},{"taxonomy":"product_tag","embeddable":true,"href":"https:\/\/bibliaherramientas.com\/libreria\/wp-json\/wp\/v2\/product_tag?post=42194"}],"curies":[{"name":"wp","href":"https:\/\/api.w.org\/{rel}","templated":true}]}}