{"id":42191,"date":"2019-12-06T02:56:10","date_gmt":"2019-12-06T08:56:10","guid":{"rendered":"https:\/\/bibliaherramientas.com\/libreria\/?post_type=product&#038;p=42191"},"modified":"2026-01-06T13:20:06","modified_gmt":"2026-01-06T19:20:06","slug":"libro-los-pilares-del-caracter-cristiano-por-john-macarthur-9780825415357","status":"publish","type":"product","link":"https:\/\/bibliaherramientas.com\/libreria\/producto\/libro-los-pilares-del-caracter-cristiano-por-john-macarthur-9780825415357\/","title":{"rendered":"Libro Los pilares del car\u00e1cter cristiano por John MacArthur"},"content":{"rendered":"<p>Sin duda, el factor crucial para vivir la vida cristiana es la condici\u00f3n de su coraz\u00f3n. Sus acciones pueden enga\u00f1ar por cierto tiempo, pero al final su conducta externa reflejar\u00e1 lo que haya en su interior. Sus actitudes internas determinan qui\u00e9n es usted en realidad. Esas actitudes internas son tambi\u00e9n lo que Dios considera m\u00e1s importantes.<\/p>\n<p>En este libro uno de los pastores y maestros de la Biblia m\u00e1s respetados presenta un examen detallado de las actitudes fundamentales o pilares del car\u00e1cter cristiano, tal como los define la Palabra de Dios. Pilares como la fe genuina, la obediencia, la humildad, el amor abnegado, el perd\u00f3n, la autodisciplina, la gratitud y la adoraci\u00f3n.<\/p>\n<p>Cada uno es un elemento esencial del cristianismo maduro, pero tambi\u00e9n existe un poder transformador que viene como resultado de ejercerlos en la vida diaria como mandatos de Dios. As\u00ed su car\u00e1cter estar\u00e1 fundamentado en la piedad y usted podr\u00e1 ver todo desde una perspectiva eterna. Adem\u00e1s, su fe, sus acciones y su testimonio a otros podr\u00e1n ser revitalizados desde adentro hacia fuera.<\/p>\n<p>&#8212;&#8212;&#8212;&#8212;&#8212;&#8212;<\/p>\n<p><img loading=\"lazy\" decoding=\"async\" class=\"alignleft wp-image-50422\" title=\"John MacArthur\" src=\"https:\/\/bibliaherramientas.com\/libreria\/wp-content\/uploads\/2020\/04\/john-macarthur.jpg\" alt=\"John MacArthur\" width=\"144\" height=\"144\" srcset=\"https:\/\/bibliaherramientas.com\/libreria\/wp-content\/uploads\/2020\/04\/john-macarthur.jpg 400w, https:\/\/bibliaherramientas.com\/libreria\/wp-content\/uploads\/2020\/04\/john-macarthur-247x247.jpg 247w, https:\/\/bibliaherramientas.com\/libreria\/wp-content\/uploads\/2020\/04\/john-macarthur-100x100.jpg 100w, https:\/\/bibliaherramientas.com\/libreria\/wp-content\/uploads\/2020\/04\/john-macarthur-280x280.jpg 280w\" sizes=\"auto, (max-width: 144px) 100vw, 144px\" \/><\/p>\n<p><strong>John MacArthur<\/strong> es pastor y maestro de <a href=\"https:\/\/www.gracechurch.org\/\" target=\"_blank\" rel=\"noopener noreferrer\">Grace Community Church<\/a> en Sun Valley, California. Tambi\u00e9n es presidente de <a href=\"https:\/\/www.mcs.edu\/\" target=\"_blank\" rel=\"noopener noreferrer\">The Master&#8217;s College and Seminary<\/a> y se le escucha diariamente en \u00ab<a href=\"https:\/\/www.gracia.org\/\" target=\"_blank\" rel=\"noopener noreferrer\">Gracia a Vosotros<\/a>\u00bb, un programa distribuido a nivel internacional en diferentes formatos, para alcanzar a millones cada d\u00eda.<\/p>\n<p>Con m\u00e1s de dos d\u00e9cadas de ministerio, ha escrito y editado muchos libros incluyendo el ganador del premio Medall\u00f3n de Oro, <a href=\"https:\/\/bibliaherramientas.com\/libreria\/categoria-producto\/biblias\/biblias-por-comentarista\/biblias-john-macarthur\/\" target=\"_blank\" rel=\"noopener noreferrer\">La Biblia de estudio MacArthur<\/a>.<\/p>\n","protected":false},"excerpt":{"rendered":"<p>Los fundamentos b\u00e1sicos de una fe viva.<\/p>\n<p>&#8220;[Amar a Dios] con todo el coraz\u00f3n, con todo el entendimiento, con toda el alma, y con todas las fuerzas, y amar al pr\u00f3jimo como a uno mismo, es m\u00e1s que todos los holocaustos y sacrificios&#8221;. Palabras de Jesucristo en el Evangelio seg\u00fan Marcos 12:33.<\/p>\n","protected":false},"featured_media":41907,"comment_status":"open","ping_status":"closed","template":"","meta":{"_acf_changed":false},"product_brand":[],"product_cat":[666,705,623,741,541],"product_tag":[798],"class_list":{"0":"post-42191","1":"product","2":"type-product","3":"status-publish","4":"has-post-thumbnail","6":"product_cat-crecimiento-espiritual","7":"product_cat-escritores-john-macarthur","8":"product_cat-libros-john-macarthur","9":"product_cat-editoriales-portavoz","10":"product_cat-vida-cristiana","11":"product_tag-vida-cristiana","13":"first","14":"outofstock","15":"purchasable","16":"product-type-simple"},"acf":[],"_links":{"self":[{"href":"https:\/\/bibliaherramientas.com\/libreria\/wp-json\/wp\/v2\/product\/42191","targetHints":{"allow":["GET"]}}],"collection":[{"href":"https:\/\/bibliaherramientas.com\/libreria\/wp-json\/wp\/v2\/product"}],"about":[{"href":"https:\/\/bibliaherramientas.com\/libreria\/wp-json\/wp\/v2\/types\/product"}],"replies":[{"embeddable":true,"href":"https:\/\/bibliaherramientas.com\/libreria\/wp-json\/wp\/v2\/comments?post=42191"}],"wp:featuredmedia":[{"embeddable":true,"href":"https:\/\/bibliaherramientas.com\/libreria\/wp-json\/wp\/v2\/media\/41907"}],"wp:attachment":[{"href":"https:\/\/bibliaherramientas.com\/libreria\/wp-json\/wp\/v2\/media?parent=42191"}],"wp:term":[{"taxonomy":"product_brand","embeddable":true,"href":"https:\/\/bibliaherramientas.com\/libreria\/wp-json\/wp\/v2\/product_brand?post=42191"},{"taxonomy":"product_cat","embeddable":true,"href":"https:\/\/bibliaherramientas.com\/libreria\/wp-json\/wp\/v2\/product_cat?post=42191"},{"taxonomy":"product_tag","embeddable":true,"href":"https:\/\/bibliaherramientas.com\/libreria\/wp-json\/wp\/v2\/product_tag?post=42191"}],"curies":[{"name":"wp","href":"https:\/\/api.w.org\/{rel}","templated":true}]}}