{"id":41220,"date":"2019-11-18T18:59:33","date_gmt":"2019-11-18T18:59:33","guid":{"rendered":"https:\/\/bibliaherramientas.com\/libreria\/?post_type=product&#038;p=41220"},"modified":"2026-01-06T13:17:31","modified_gmt":"2026-01-06T19:17:31","slug":"biblia-de-estudio-diario-vivir-rvr1960-pasta-dura-9781496411259","status":"publish","type":"product","link":"https:\/\/bibliaherramientas.com\/libreria\/producto\/biblia-de-estudio-diario-vivir-rvr1960-pasta-dura-9781496411259\/","title":{"rendered":"Biblia de estudio Diario Vivir RVR1960 &#8211; Pasta dura"},"content":{"rendered":"<p><strong>Ahora con mucho m\u00e1s contenido y nuevas caracter\u00edsticas especiales:<\/strong><\/p>\n<ul>\n<li><strong>Notas de aplicaci\u00f3n y estudio:<\/strong> alrededor de 10.000 notas ampliadas y actualizadas le ayudan a comprender las verdades eternas de la Biblia y a aplicarlas en su vida diaria.<\/li>\n<li><strong>Cuadros:<\/strong> casi 300 cuadros re\u00fanen informaci\u00f3n tem\u00e1tica en un formato claro y sencillo.<\/li>\n<li><strong>Mapas:<\/strong> alrededor de 200 mapas le ayudan a visualizar las tierras de la Biblia y a trazar los viajes de sus personajes.<\/li>\n<li><strong>Perfiles biogr\u00e1ficos:<\/strong> presentan m\u00e1s de 100 personajes clave y destacan lecciones importantes para la vida actual.<\/li>\n<li><strong>Introducci\u00f3n a cada libro:<\/strong> resalta el mensaje central y los datos esenciales del libro.<\/li>\n<li><strong>Esquemas y megatemas:<\/strong> proporcionan un panorama general de cada libro, resaltan los temas principales, explican su significado y se\u00f1alan aplicaciones relevantes para el mundo actual.<\/li>\n<li><strong>Cronolog\u00edas:<\/strong> ubican los sucesos y libros b\u00edblicos en su entorno hist\u00f3rico.<\/li>\n<li><strong>Armon\u00eda de los Evangelios:<\/strong> una lista cronol\u00f3gica de 250 acontecimientos de la vida de Cristo que facilita encontrar los sucesos, las par\u00e1bolas y los milagros de Jes\u00fas, as\u00ed como tambi\u00e9n comparar los cuatro relatos.<\/li>\n<li><strong>Recursos para el obrero cristiano:<\/strong> esta gu\u00eda le ayuda a acompa\u00f1ar a un nuevo creyente y a explicar los fundamentos de la fe cristiana. Tambi\u00e9n provee un m\u00e9todo y modelo para la preparaci\u00f3n de sermones o de lecciones para un estudio b\u00edblico.<\/li>\n<li><strong>Concordancia de la RVR60:<\/strong> le ayuda a localizar pasajes que contienen ciertas palabras o temas espec\u00edficos.<\/li>\n<li><strong>Y m\u00e1s:<\/strong> referencias cruzadas, palabras de Cristo en rojo, \u00edndice de contenido, 16 mapas a todo color y una p\u00e1gina de presentaci\u00f3n.<\/li>\n<\/ul>\n","protected":false},"excerpt":{"rendered":"<p>Emprenda un nuevo viaje hacia el conocimiento, la comprensi\u00f3n y la aplicaci\u00f3n de la Palabra de Dios en su vida diaria.<\/p>\n","protected":false},"featured_media":36489,"comment_status":"open","ping_status":"closed","template":"","meta":{"_acf_changed":false},"product_brand":[],"product_cat":[872,463,868,884,879,742],"product_tag":[912],"class_list":{"0":"post-41220","1":"product","2":"type-product","3":"status-publish","4":"has-post-thumbnail","6":"product_cat-biblias-10-11-puntos","7":"product_cat-biblias-estudio","8":"product_cat-biblias-grandes","9":"product_cat-biblias-rvr1960","10":"product_cat-biblias-tapa-dura","11":"product_cat-editoriales-tyndale","12":"product_tag-biblias-de-estudio","14":"first","15":"outofstock","16":"purchasable","17":"product-type-simple"},"acf":[],"_links":{"self":[{"href":"https:\/\/bibliaherramientas.com\/libreria\/wp-json\/wp\/v2\/product\/41220","targetHints":{"allow":["GET"]}}],"collection":[{"href":"https:\/\/bibliaherramientas.com\/libreria\/wp-json\/wp\/v2\/product"}],"about":[{"href":"https:\/\/bibliaherramientas.com\/libreria\/wp-json\/wp\/v2\/types\/product"}],"replies":[{"embeddable":true,"href":"https:\/\/bibliaherramientas.com\/libreria\/wp-json\/wp\/v2\/comments?post=41220"}],"wp:featuredmedia":[{"embeddable":true,"href":"https:\/\/bibliaherramientas.com\/libreria\/wp-json\/wp\/v2\/media\/36489"}],"wp:attachment":[{"href":"https:\/\/bibliaherramientas.com\/libreria\/wp-json\/wp\/v2\/media?parent=41220"}],"wp:term":[{"taxonomy":"product_brand","embeddable":true,"href":"https:\/\/bibliaherramientas.com\/libreria\/wp-json\/wp\/v2\/product_brand?post=41220"},{"taxonomy":"product_cat","embeddable":true,"href":"https:\/\/bibliaherramientas.com\/libreria\/wp-json\/wp\/v2\/product_cat?post=41220"},{"taxonomy":"product_tag","embeddable":true,"href":"https:\/\/bibliaherramientas.com\/libreria\/wp-json\/wp\/v2\/product_tag?post=41220"}],"curies":[{"name":"wp","href":"https:\/\/api.w.org\/{rel}","templated":true}]}}