{"id":40925,"date":"2019-11-16T20:43:56","date_gmt":"2019-11-17T02:43:56","guid":{"rendered":"https:\/\/bibliaherramientas.com\/libreria\/?post_type=product&#038;p=40925"},"modified":"2026-01-06T13:15:36","modified_gmt":"2026-01-06T19:15:36","slug":"biblia-thompson-rvr1960-tapa-dura-9780829750317","status":"publish","type":"product","link":"https:\/\/bibliaherramientas.com\/libreria\/producto\/biblia-thompson-rvr1960-tapa-dura-9780829750317\/","title":{"rendered":"Biblia Thompson RVR1960 &#8211; Pasta dura"},"content":{"rendered":"<p>La Biblia de Referencia Thompson, versi\u00f3n Reina-Valera 1960, es sin lugar a dudas una de las Biblias m\u00e1s completa que se puede encontrar. Es pr\u00e1cticamente una biblioteca de referencia b\u00edblica con m\u00e1s de 7,000 nombres, lugares y temas y m\u00e1s de 100,000 referencias analizadas y clasificadas de acuerdo con los conceptos. Las ayudas marginales est\u00e1n &#8220;encadenadas&#8221; a ocho secciones al final de la Biblia, donde la profusi\u00f3n de detalles es superior a cualquier otra Biblia publicada. Est\u00e1 dise\u00f1ada para ayudar al lector a identificar miles de temas significativos, conceptos, ideas y personajes b\u00edblicos, e investigar las referencias de estos temas a trav\u00e9s de toda la Biblia. Es un sistema completo, f\u00e1cil de entender y de usar. Esta es la Biblia ideal para el pastor, el maestro de Escuela Dominical, el laico y el estudiante.<\/p>\n<p><strong>CONTENIDO:<\/strong><\/p>\n<ul>\n<li>An\u00e1lisis de los libros.<\/li>\n<li>Estudios bosquejados de la Biblia.<\/li>\n<li>Armon\u00edas b\u00edblicas y estudios ilustrados.<\/li>\n<li>16 mapas a todo color.<\/li>\n<li>Concordancia.<\/li>\n<li>Suplemento arqueol\u00f3gico.<\/li>\n<li>Palabras de Jes\u00fas en letras rojas.<\/li>\n<li>\u00cdndice de temas en cadena.<\/li>\n<li>Lecturas b\u00edblicas.<\/li>\n<li>Estudios de personajes.<\/li>\n<\/ul>\n<p><strong>ENCUADERNACI\u00d3N:<\/strong><\/p>\n<ul>\n<li>Dos tonos italiana.<\/li>\n<li>Cantos plateados.<\/li>\n<li>Cinta marcadora.<\/li>\n<\/ul>\n<p><strong>CARACTER\u00cdSTICAS ESPECIALES:<\/strong><\/p>\n<ul>\n<li>Tipos prof\u00e9ticos y profec\u00edas mesi\u00e1nicas en rojo.<\/li>\n<li>Principios del estudio de la Biblia.<\/li>\n<li>Origen y desarrollo de la Biblia.<\/li>\n<li>Bosquejos condensados de la Biblia.<\/li>\n<li>Periodos de historia b\u00edblica.<\/li>\n<li>Personajes prominentes.<\/li>\n<li>Bosquejo hist\u00f3rico de los ap\u00f3stoles.<\/li>\n<li>Descripci\u00f3n sin\u00f3ptica de Cristo.<\/li>\n<li>Profec\u00edas acerca del Se\u00f1or Jes\u00fas.<\/li>\n<li>Viajes de Abraham y de los hijos de Israel.<\/li>\n<li>Viajes del Se\u00f1or Jes\u00fas.<\/li>\n<li>Viajes de Pablo.<\/li>\n<li>Tesoro de temas.<\/li>\n<li>Vida de Mois\u00e9s, Josu\u00e9 y Gede\u00f3n.<\/li>\n<li>Vida de Samuel, David y Salom\u00f3n.<\/li>\n<li>Vida del Se\u00f1or Jes\u00fas.<\/li>\n<li>Vida de Pedro.<\/li>\n<li>Vida de Pablo.<\/li>\n<li>Armon\u00eda de los Evangelios.<\/li>\n<li>Las siete iglesias de Asia.<\/li>\n<li>Bosquejo hist\u00f3rico de la iglesia primitiva.<\/li>\n<li>Cap\u00edtulos de oro.<\/li>\n<li>Textos para el evangelismo personal.<\/li>\n<li>C\u00f3mo marcar la Biblia.<\/li>\n<li>Lugares de adoraci\u00f3n religiosa.<\/li>\n<li>Mnemotecnia.<\/li>\n<\/ul>\n<p>&#8212;&#8212;&#8212;&#8212;&#8212;&#8212;&#8212;&#8212;&#8211;<\/p>\n<p><img loading=\"lazy\" decoding=\"async\" class=\"alignleft wp-image-50415\" title=\"Frank Charles Thompson\" src=\"https:\/\/bibliaherramientas.com\/libreria\/wp-content\/uploads\/2020\/04\/frank-charles-thompson.jpg\" alt=\"Frank Charles Thompson\" width=\"144\" height=\"144\" srcset=\"https:\/\/bibliaherramientas.com\/libreria\/wp-content\/uploads\/2020\/04\/frank-charles-thompson.jpg 300w, https:\/\/bibliaherramientas.com\/libreria\/wp-content\/uploads\/2020\/04\/frank-charles-thompson-247x247.jpg 247w, https:\/\/bibliaherramientas.com\/libreria\/wp-content\/uploads\/2020\/04\/frank-charles-thompson-100x100.jpg 100w, https:\/\/bibliaherramientas.com\/libreria\/wp-content\/uploads\/2020\/04\/frank-charles-thompson-280x280.jpg 280w\" sizes=\"auto, (max-width: 144px) 100vw, 144px\" \/><\/p>\n<p>Compilador de la famosa &#8220;Biblia de Estudio Thompson&#8221;.<\/p>\n<p>Naci\u00f3 en 1858, en Elmira, Nueva York, y fue ordenado en 1879. Su esposa era Laura Thompson Boughton. Insatisfecho con las Biblias que las sociedades b\u00edblicas de su \u00e9poca proporcionaban para los predicadores, y convencido de que una buena cadena de referencias dentro de la Biblia ser\u00eda de mucha ayuda comenz\u00f3 a trabajar en ese proyecto.<\/p>\n<p>Cre\u00eda que las Biblias para los predicadores deb\u00edan contar con un sistema de referencias lo m\u00e1s amplio y organizado posible De modo que comenz\u00f3 el trabajo en 1890, y estuvo trabajando en ello el resto de su vida. Si idea fue la de enlazar conceptos conectando textos y formando una cadena de referencias ideol\u00f3gicas o enlaces tem\u00e1ticos numerados que son el coraz\u00f3n del sistema de la Biblia de Estudio Thompson.<\/p>\n<p>La primera edici\u00f3n vio la luz en 1908 publicada por la Methodist Book Concern of Dobbs Ferry, New York. Y cinco a\u00f1os despu\u00e9s, en 1913 Thompson se asoci\u00f3 con B.B. Kirkbride de Indianapolis, y entre ambos fundaron la Kirkbride Bible Company con el prop\u00f3sito de difundir y mejorar su proyecto.<\/p>\n<p>Las primeras ediciones se basaban en ingl\u00e9s en el texto de la King James Versi\u00f3n. Hoy en d\u00eda hay versiones de la Biblia de Estudio Thompson en todo tipo de versiones, en distintos idiomas, incluyendo por supuesto el espa\u00f1ol. Hasta el d\u00eda de hoy se calcula que se han vendido cerca de 5.000.000 de ejemplares.<\/p>\n","protected":false},"excerpt":{"rendered":"<p>La Biblia de referencia Thompson es una de las m\u00e1s completas Biblias de estudio que se pueden encontrar. La misma contiene un sistema de referencias que encadena temas por n\u00famero a trav\u00e9s de la Biblia, una armon\u00eda de los Evangelios, estudios tem\u00e1ticos de la Biblia y otras excelentes herramientas.<\/p>\n","protected":false},"featured_media":40933,"comment_status":"open","ping_status":"closed","template":"","meta":{"_acf_changed":false},"product_brand":[],"product_cat":[871,463,867,884,879,706,624,744],"product_tag":[912],"class_list":{"0":"post-40925","1":"product","2":"type-product","3":"status-publish","4":"has-post-thumbnail","6":"product_cat-biblias-8-9-puntos","7":"product_cat-biblias-estudio","8":"product_cat-biblias-medianas","9":"product_cat-biblias-rvr1960","10":"product_cat-biblias-tapa-dura","11":"product_cat-escritores-frank-charles-thompson","12":"product_cat-biblias-frank-charles-thompson","13":"product_cat-editoriales-vida","14":"product_tag-biblias-de-estudio","16":"first","17":"outofstock","18":"purchasable","19":"product-type-simple"},"acf":[],"_links":{"self":[{"href":"https:\/\/bibliaherramientas.com\/libreria\/wp-json\/wp\/v2\/product\/40925","targetHints":{"allow":["GET"]}}],"collection":[{"href":"https:\/\/bibliaherramientas.com\/libreria\/wp-json\/wp\/v2\/product"}],"about":[{"href":"https:\/\/bibliaherramientas.com\/libreria\/wp-json\/wp\/v2\/types\/product"}],"replies":[{"embeddable":true,"href":"https:\/\/bibliaherramientas.com\/libreria\/wp-json\/wp\/v2\/comments?post=40925"}],"wp:featuredmedia":[{"embeddable":true,"href":"https:\/\/bibliaherramientas.com\/libreria\/wp-json\/wp\/v2\/media\/40933"}],"wp:attachment":[{"href":"https:\/\/bibliaherramientas.com\/libreria\/wp-json\/wp\/v2\/media?parent=40925"}],"wp:term":[{"taxonomy":"product_brand","embeddable":true,"href":"https:\/\/bibliaherramientas.com\/libreria\/wp-json\/wp\/v2\/product_brand?post=40925"},{"taxonomy":"product_cat","embeddable":true,"href":"https:\/\/bibliaherramientas.com\/libreria\/wp-json\/wp\/v2\/product_cat?post=40925"},{"taxonomy":"product_tag","embeddable":true,"href":"https:\/\/bibliaherramientas.com\/libreria\/wp-json\/wp\/v2\/product_tag?post=40925"}],"curies":[{"name":"wp","href":"https:\/\/api.w.org\/{rel}","templated":true}]}}