{"id":40556,"date":"2019-11-11T03:49:13","date_gmt":"2019-11-11T03:49:13","guid":{"rendered":"https:\/\/bibliaherramientas.com\/libreria\/?post_type=product&#038;p=40556"},"modified":"2026-01-06T02:25:33","modified_gmt":"2026-01-06T08:25:33","slug":"biblia-para-todas-las-ninas-9788460891710","status":"publish","type":"product","link":"https:\/\/bibliaherramientas.com\/libreria\/producto\/biblia-para-todas-las-ninas-9788460891710\/","title":{"rendered":"Biblia para todas las ni\u00f1as &#8211; Pasta dura"},"content":{"rendered":"<p>En estas p\u00e1ginas vas a leer c\u00f3mo se creo el mundo. Ver\u00e1s serpientes malvadas, navegar\u00e1s en barcos gigantes repletos de animales, cabalgar\u00e1s en camellos entre pir\u00e1mides, conocer\u00e1s tierras donde mana leche y miel, contemplar\u00e1s a faraones y a princesas, 10 plagas asolar\u00e1n magn\u00edficos templos, ver\u00e1s peque\u00f1os pastores matando a horrendos gigantes y a reyes sabios que imparten justicia.<\/p>\n<p><strong>Y lo m\u00e1s importante&#8230; lo conocer\u00e1s a \u00c9l. A Jes\u00fas de Nazaret.<\/strong><\/p>\n<p>El Hijo de Dios que vino a dar una nueva esperanza al mundo.<\/p>\n<p>Lee las p\u00e1ginas de este libro y descubre lo que \u00c9l ha hecho por ti.<\/p>\n","protected":false},"excerpt":{"rendered":"<p><strong>\u00bfTe gustan las aventuras?<\/strong><\/p>\n<p>Pues ag\u00e1rrate fuerte, porque est\u00e1s a punto de vivir la mayor aventura de tu vida.<\/p>\n<p>*Para ni\u00f1os de 3 a 8 a\u00f1os.<\/p>\n","protected":false},"featured_media":40463,"comment_status":"open","ping_status":"closed","template":"","meta":{"_acf_changed":false},"product_brand":[],"product_cat":[873,866,492,972],"product_tag":[971,970],"class_list":{"0":"post-40556","1":"product","2":"type-product","3":"status-publish","4":"has-post-thumbnail","6":"product_cat-biblias-12-13-puntos","7":"product_cat-biblias-compactas","8":"product_cat-biblias-ninos","9":"product_cat-biblias-tapa-dura-acolchada","10":"product_tag-biblias-ilustradas","11":"product_tag-biblias-para-ninas","13":"first","14":"outofstock","15":"purchasable","16":"product-type-simple"},"acf":[],"_links":{"self":[{"href":"https:\/\/bibliaherramientas.com\/libreria\/wp-json\/wp\/v2\/product\/40556","targetHints":{"allow":["GET"]}}],"collection":[{"href":"https:\/\/bibliaherramientas.com\/libreria\/wp-json\/wp\/v2\/product"}],"about":[{"href":"https:\/\/bibliaherramientas.com\/libreria\/wp-json\/wp\/v2\/types\/product"}],"replies":[{"embeddable":true,"href":"https:\/\/bibliaherramientas.com\/libreria\/wp-json\/wp\/v2\/comments?post=40556"}],"wp:featuredmedia":[{"embeddable":true,"href":"https:\/\/bibliaherramientas.com\/libreria\/wp-json\/wp\/v2\/media\/40463"}],"wp:attachment":[{"href":"https:\/\/bibliaherramientas.com\/libreria\/wp-json\/wp\/v2\/media?parent=40556"}],"wp:term":[{"taxonomy":"product_brand","embeddable":true,"href":"https:\/\/bibliaherramientas.com\/libreria\/wp-json\/wp\/v2\/product_brand?post=40556"},{"taxonomy":"product_cat","embeddable":true,"href":"https:\/\/bibliaherramientas.com\/libreria\/wp-json\/wp\/v2\/product_cat?post=40556"},{"taxonomy":"product_tag","embeddable":true,"href":"https:\/\/bibliaherramientas.com\/libreria\/wp-json\/wp\/v2\/product_tag?post=40556"}],"curies":[{"name":"wp","href":"https:\/\/api.w.org\/{rel}","templated":true}]}}