{"id":40455,"date":"2019-11-10T08:22:11","date_gmt":"2019-11-10T14:22:11","guid":{"rendered":"https:\/\/bibliaherramientas.com\/libreria\/?post_type=product&#038;p=40455"},"modified":"2026-01-06T02:25:13","modified_gmt":"2026-01-06T08:25:13","slug":"biblia-para-ninas-historias-biblicas-para-madres-e-hijas-9780789907929","status":"publish","type":"product","link":"https:\/\/bibliaherramientas.com\/libreria\/producto\/biblia-para-ninas-historias-biblicas-para-madres-e-hijas-9780789907929\/","title":{"rendered":"Biblia para ni\u00f1as &#8211; Historias B\u00edblicas para madres e hijas &#8211; Pasta dura"},"content":{"rendered":"<p><strong>LEA<\/strong><\/p>\n<ul>\n<li>Cincuenta historias contadas con imaginaci\u00f3n desde la perspectiva de la mujer que ha vivido cada experiencia.<\/li>\n<\/ul>\n<p><strong>DISCUTA<\/strong><\/p>\n<ul>\n<li>Madres e hijas pueden hablar acerca de lo que los personajes b\u00edblicos sintieron o pensaron seg\u00fan Dios obraba en sus vidas.<\/li>\n<\/ul>\n<p><strong>APLIQUE<\/strong><\/p>\n<ul>\n<li>S\u00e9 una mujer de Dios, estas p\u00e1ginas pueden ayudar a madres e hijas a entender c\u00f3mo llegar a ser las mujeres que Dios quiere que sean.<\/li>\n<\/ul>\n<p><strong>Carolyn Larsen<\/strong> es autora de varios libros para ni\u00f1os que incluyen: My Bedtime Bible, Life is a Meatloaf Sandwich, y A Mother&#8217;s Heartsong.<\/p>\n<p><strong>Caron Turk<\/strong> es la ilustradora de la Biblia para ni\u00f1as. Sus bell\u00edsimos cuadros llevar\u00e1n la delicia de las mujeres de todas las edades.<\/p>\n","protected":false},"excerpt":{"rendered":"<p><strong>Un nuevo y encantador libro de historias de la Biblia especialmente para madres e hijas<\/strong><\/p>\n","protected":false},"featured_media":40461,"comment_status":"open","ping_status":"closed","template":"","meta":{"_acf_changed":false},"product_brand":[],"product_cat":[874,867,492,879,743],"product_tag":[971,970,941],"class_list":{"0":"post-40455","1":"product","2":"type-product","3":"status-publish","4":"has-post-thumbnail","6":"product_cat-biblias-14-16-puntos","7":"product_cat-biblias-medianas","8":"product_cat-biblias-ninos","9":"product_cat-biblias-tapa-dura","10":"product_cat-editoriales-unilit","11":"product_tag-biblias-ilustradas","12":"product_tag-biblias-para-ninas","13":"product_tag-madres","15":"first","16":"instock","17":"purchasable","18":"product-type-simple"},"acf":[],"_links":{"self":[{"href":"https:\/\/bibliaherramientas.com\/libreria\/wp-json\/wp\/v2\/product\/40455","targetHints":{"allow":["GET"]}}],"collection":[{"href":"https:\/\/bibliaherramientas.com\/libreria\/wp-json\/wp\/v2\/product"}],"about":[{"href":"https:\/\/bibliaherramientas.com\/libreria\/wp-json\/wp\/v2\/types\/product"}],"replies":[{"embeddable":true,"href":"https:\/\/bibliaherramientas.com\/libreria\/wp-json\/wp\/v2\/comments?post=40455"}],"wp:featuredmedia":[{"embeddable":true,"href":"https:\/\/bibliaherramientas.com\/libreria\/wp-json\/wp\/v2\/media\/40461"}],"wp:attachment":[{"href":"https:\/\/bibliaherramientas.com\/libreria\/wp-json\/wp\/v2\/media?parent=40455"}],"wp:term":[{"taxonomy":"product_brand","embeddable":true,"href":"https:\/\/bibliaherramientas.com\/libreria\/wp-json\/wp\/v2\/product_brand?post=40455"},{"taxonomy":"product_cat","embeddable":true,"href":"https:\/\/bibliaherramientas.com\/libreria\/wp-json\/wp\/v2\/product_cat?post=40455"},{"taxonomy":"product_tag","embeddable":true,"href":"https:\/\/bibliaherramientas.com\/libreria\/wp-json\/wp\/v2\/product_tag?post=40455"}],"curies":[{"name":"wp","href":"https:\/\/api.w.org\/{rel}","templated":true}]}}