{"id":40273,"date":"2019-11-09T10:46:35","date_gmt":"2019-11-09T16:46:35","guid":{"rendered":"https:\/\/bibliaherramientas.com\/libreria\/?post_type=product&#038;p=40273"},"modified":"2026-01-06T02:24:08","modified_gmt":"2026-01-06T08:24:08","slug":"libro-en-la-quietud-de-su-presencia-por-nancy-demoss-9780825412264","status":"publish","type":"product","link":"https:\/\/bibliaherramientas.com\/libreria\/producto\/libro-en-la-quietud-de-su-presencia-por-nancy-demoss-9780825412264\/","title":{"rendered":"Libro En la quietud de su presencia por Nancy Demoss"},"content":{"rendered":"<p>\u00bfNecesitas unas palabras de aliento para buscar a Dios con todo tu coraz\u00f3n?<\/p>\n<p>\u00a1El Dios del universo nos cre\u00f3 para que tengamos comuni\u00f3n con \u00c9l! Somos conscientes de ello e incluso anhelamos esa dulce intimidad con Dios, pero a menudo parece demasiado inalcanzable. Sin embargo, a\u00fan en medio del ajetreo de la vida diaria, escuchamos esos susurros que nos llaman a sentarnos a los pies de Cristo.<\/p>\n<p>Nancy Leigh DeMoss dilucida el proceso de conocer a Dios \u00edntimamente. En este maravilloso libro, Nancy comparte desde su coraz\u00f3n y experiencia propia para hacernos ver que el devocional diario puede cambiar para siempre nuestra relaci\u00f3n con Cristo. Aborda las frustraciones y dificultades comunes, que la mayor\u00eda de las mujeres encuentra en su vida devocional diaria, y hace sugerencias pr\u00e1cticas para poder superarlas. Nancy nos da palabras de aliento y herramientas para buscar a Dios durante toda la vida.<\/p>\n<p><strong>Recomendaciones:<\/strong><\/p>\n<p>&#8220;Todos los que conocen a Nancy pueden ver la profunda relaci\u00f3n con Dios que irradia de su interior. Lee este libro atentamente para descubrir su secreto y poder experimentar esa misma intimidad con Dios&#8221;. &#8211; <strong>Evelyn Christenson<\/strong>, autora de <em>Lo que Dios hace cuando las mujeres oran<\/em>.<\/p>\n<p>&#8220;El libro de mi querida amiga es muy oportuno&#8230; muy apremiante. Su belleza de estilo y redacci\u00f3n te llevar\u00e1 a los pies de Aquel que ama tu alma, y te ense\u00f1ar\u00e1 a conversar con el Rey soberano del universo. Te ense\u00f1ar\u00e1 a estar quieta&#8230; a no resistirte, a relajarte&#8230; y a saber que Dios es Dios. \u00c9l sigue sentado en su trono&#8221;. &#8211; <strong>Kay Arthur,<\/strong> Precept Ministries.<\/p>\n<p>&#8212;&#8212;&#8212;&#8212;&#8212;&#8212;&#8212;&#8212;&#8212;&#8212;&#8212;&#8212;<\/p>\n<p><img loading=\"lazy\" decoding=\"async\" class=\"alignleft wp-image-50430\" title=\"Nancy DeMoss Wolgemuth\" src=\"https:\/\/bibliaherramientas.com\/libreria\/wp-content\/uploads\/2020\/04\/nancy-demoss-wolgemuth.jpg\" alt=\"Nancy DeMoss Wolgemuth\" width=\"144\" height=\"144\" srcset=\"https:\/\/bibliaherramientas.com\/libreria\/wp-content\/uploads\/2020\/04\/nancy-demoss-wolgemuth.jpg 300w, https:\/\/bibliaherramientas.com\/libreria\/wp-content\/uploads\/2020\/04\/nancy-demoss-wolgemuth-247x247.jpg 247w, https:\/\/bibliaherramientas.com\/libreria\/wp-content\/uploads\/2020\/04\/nancy-demoss-wolgemuth-100x100.jpg 100w, https:\/\/bibliaherramientas.com\/libreria\/wp-content\/uploads\/2020\/04\/nancy-demoss-wolgemuth-280x280.jpg 280w\" sizes=\"auto, (max-width: 144px) 100vw, 144px\" \/><\/p>\n<p><strong>Nancy DeMoss Wolgemuth<\/strong> nunca aspir\u00f3 a ser escritora ni oradora. Sin embargo, ella ha experimentado el poder de la verdad para impartir vida, y le apasiona guiar a otros a experimentarlo tambi\u00e9n. A trav\u00e9s de sus libros, las conferencias Mujer Verdadera, y los programas radiales &#8220;<a href=\"https:\/\/www.avivanuestroscorazones.com\/\" target=\"_blank\" rel=\"noopener noreferrer\">Aviva nuestros corazones<\/a>&#8221; y &#8220;<a href=\"https:\/\/bibliaherramientas.com\/libreria\/tienda\/por-escritores\/escritores-nancy-demoss-wolgemuth\/libro-en-busca-de-dios-9780802411532\/\" target=\"_blank\" rel=\"noopener noreferrer\">En busca de Dios<\/a>&#8220;, Nancy ha consagrado su vida a ayudar a las mujeres a descubrir la libertad, la plenitud y la abundancia que hay en Cristo. Nancy y su esposo <a href=\"https:\/\/bibliaherramientas.com\/libreria\/categoria-producto\/por-escritores\/robert-wolgemuth-por-escritores\/\" target=\"_blank\" rel=\"noopener noreferrer\">Robert Wolgemuth<\/a> se casaron en 2015, y viven en Michigan. Est\u00e1n agradecidos por la dicha de compartir su vida juntos, y de servir al Se\u00f1or y a los dem\u00e1s.<\/p>\n","protected":false},"excerpt":{"rendered":"<p><strong>Una invitaci\u00f3n a fortalecer su vida devocional con Dios<\/strong><\/p>\n<p>En este libro Nancy nos revela su coraz\u00f3n y su vida para hacernos ver que el devocional diario puede cambiar para siempre nuestra relaci\u00f3n con Cristo. Aborda las frustraciones y dificultades comunes, que la mayor\u00eda de las mujeres encuentra en su vida devocional diaria, y hace sugerencias pr\u00e1cticas para poder superarlas.<\/p>\n","protected":false},"featured_media":40276,"comment_status":"open","ping_status":"closed","template":"","meta":{"_acf_changed":false},"product_brand":[],"product_cat":[665,666,517,537,657,709,741,541],"product_tag":[955,930,798],"class_list":{"0":"post-40273","1":"product","2":"type-product","3":"status-publish","4":"has-post-thumbnail","6":"product_cat-ayuda","7":"product_cat-crecimiento-espiritual","8":"product_cat-devocionales","9":"product_cat-mujeres-libros","10":"product_cat-libros-nancy-demoss-wolgemuth","11":"product_cat-escritores-nancy-demoss-wolgemuth","12":"product_cat-editoriales-portavoz","13":"product_cat-vida-cristiana","14":"product_tag-libros-devocionales","15":"product_tag-mujeres","16":"product_tag-vida-cristiana","18":"first","19":"instock","20":"purchasable","21":"product-type-simple"},"acf":[],"_links":{"self":[{"href":"https:\/\/bibliaherramientas.com\/libreria\/wp-json\/wp\/v2\/product\/40273","targetHints":{"allow":["GET"]}}],"collection":[{"href":"https:\/\/bibliaherramientas.com\/libreria\/wp-json\/wp\/v2\/product"}],"about":[{"href":"https:\/\/bibliaherramientas.com\/libreria\/wp-json\/wp\/v2\/types\/product"}],"replies":[{"embeddable":true,"href":"https:\/\/bibliaherramientas.com\/libreria\/wp-json\/wp\/v2\/comments?post=40273"}],"wp:featuredmedia":[{"embeddable":true,"href":"https:\/\/bibliaherramientas.com\/libreria\/wp-json\/wp\/v2\/media\/40276"}],"wp:attachment":[{"href":"https:\/\/bibliaherramientas.com\/libreria\/wp-json\/wp\/v2\/media?parent=40273"}],"wp:term":[{"taxonomy":"product_brand","embeddable":true,"href":"https:\/\/bibliaherramientas.com\/libreria\/wp-json\/wp\/v2\/product_brand?post=40273"},{"taxonomy":"product_cat","embeddable":true,"href":"https:\/\/bibliaherramientas.com\/libreria\/wp-json\/wp\/v2\/product_cat?post=40273"},{"taxonomy":"product_tag","embeddable":true,"href":"https:\/\/bibliaherramientas.com\/libreria\/wp-json\/wp\/v2\/product_tag?post=40273"}],"curies":[{"name":"wp","href":"https:\/\/api.w.org\/{rel}","templated":true}]}}