{"id":40188,"date":"2019-11-08T11:38:48","date_gmt":"2019-11-08T17:38:48","guid":{"rendered":"https:\/\/bibliaherramientas.com\/libreria\/?post_type=product&#038;p=40188"},"modified":"2026-01-06T02:23:48","modified_gmt":"2026-01-06T08:23:48","slug":"libro-adornadas-por-nancy-demoss-9780825457562-2","status":"publish","type":"product","link":"https:\/\/bibliaherramientas.com\/libreria\/producto\/libro-adornadas-por-nancy-demoss-9780825457562-2\/","title":{"rendered":"Libro Adornadas por Nancy Demoss"},"content":{"rendered":"<h3>De mujer a mujer. De una anciana a una joven. Juntas. De una vida a otra.<\/h3>\n<h3>Este es el buen y hermoso plan de Dios.<\/h3>\n<p>Imagina a ancianas que invierten su vida misma en la vida de mujeres j\u00f3venes y bendicen a familias e iglesias enteras. Imagina a\u00a0 mujeres j\u00f3venes que ampl\u00edan su c\u00edrculo para incluir a mujeres que han vivido m\u00e1s que ellas. Imagina a mujeres de todas las edades y etapas de la vida, transformadas por el evangelio, manifestando la belleza del envangelio y haci\u00e9ndolo cre\u00edble para las personas a su alrededor.<\/p>\n<p>Este sustancioso estudio de las instrucciones para las mujeres en Tito 2 te ofrece una orientaci\u00f3n para ayudarte a experimentar la clase de compa\u00f1erismo e influencia que Dios ha destinado para ti en la iglesia y el mundo.<\/p>\n<p>&#8212;&#8212;&#8212;&#8212;&#8212;&#8212;&#8212;&#8212;&#8212;<\/p>\n<p><img loading=\"lazy\" decoding=\"async\" class=\"alignleft wp-image-50430\" title=\"Nancy DeMoss Wolgemuth\" src=\"https:\/\/bibliaherramientas.com\/libreria\/wp-content\/uploads\/2020\/04\/nancy-demoss-wolgemuth.jpg\" alt=\"Nancy DeMoss Wolgemuth\" width=\"144\" height=\"144\" srcset=\"https:\/\/bibliaherramientas.com\/libreria\/wp-content\/uploads\/2020\/04\/nancy-demoss-wolgemuth.jpg 300w, https:\/\/bibliaherramientas.com\/libreria\/wp-content\/uploads\/2020\/04\/nancy-demoss-wolgemuth-247x247.jpg 247w, https:\/\/bibliaherramientas.com\/libreria\/wp-content\/uploads\/2020\/04\/nancy-demoss-wolgemuth-100x100.jpg 100w, https:\/\/bibliaherramientas.com\/libreria\/wp-content\/uploads\/2020\/04\/nancy-demoss-wolgemuth-280x280.jpg 280w\" sizes=\"auto, (max-width: 144px) 100vw, 144px\" \/><\/p>\n<p><strong>Nancy DeMoss Wolgemuth<\/strong> nunca aspir\u00f3 a ser escritora ni oradora. Sin embargo, ella ha experimentado el poder de la verdad para impartir vida, y le apasiona guiar a otros a experimentarlo tambi\u00e9n. A trav\u00e9s de sus libros, las conferencias Mujer Verdadera, y los programas radiales &#8220;<a href=\"https:\/\/www.avivanuestroscorazones.com\/\" target=\"_blank\" rel=\"noopener noreferrer\">Aviva nuestros corazones<\/a>&#8221; y &#8220;<a href=\"https:\/\/bibliaherramientas.com\/libreria\/tienda\/por-escritores\/escritores-nancy-demoss-wolgemuth\/libro-en-busca-de-dios-9780802411532\/\" target=\"_blank\" rel=\"noopener noreferrer\">En busca de Dios<\/a>&#8220;, Nancy ha consagrado su vida a ayudar a las mujeres a descubrir la libertad, la plenitud y la abundancia que hay en Cristo. Nancy y su esposo <a href=\"https:\/\/bibliaherramientas.com\/libreria\/categoria-producto\/por-escritores\/robert-wolgemuth-por-escritores\/\" target=\"_blank\" rel=\"noopener noreferrer\">Robert Wolgemuth<\/a> se casaron en 2015, y viven en Michigan. Est\u00e1n agradecidos por la dicha de compartir su vida juntos, y de servir al Se\u00f1or y a los dem\u00e1s.<\/p>\n","protected":false},"excerpt":{"rendered":"<p><strong>Viviendo juntas la belleza del evangelio<\/strong><\/p>\n<p>El modelo de Tito 2 de ancianas que viven el evangelio y ense\u00f1an a mujeres j\u00f3venes a hacer lo mismo es vital. As\u00ed es como todas florecemos, como somos adornadas y como adornamos el evangelio&#8230;juntas.<\/p>\n","protected":false},"featured_media":40191,"comment_status":"open","ping_status":"closed","template":"","meta":{"_acf_changed":false},"product_brand":[],"product_cat":[665,666,523,537,657,709,741,541],"product_tag":[930,798],"class_list":{"0":"post-40188","1":"product","2":"type-product","3":"status-publish","4":"has-post-thumbnail","6":"product_cat-ayuda","7":"product_cat-crecimiento-espiritual","8":"product_cat-ensenanza","9":"product_cat-mujeres-libros","10":"product_cat-libros-nancy-demoss-wolgemuth","11":"product_cat-escritores-nancy-demoss-wolgemuth","12":"product_cat-editoriales-portavoz","13":"product_cat-vida-cristiana","14":"product_tag-mujeres","15":"product_tag-vida-cristiana","17":"first","18":"instock","19":"purchasable","20":"product-type-simple"},"acf":[],"_links":{"self":[{"href":"https:\/\/bibliaherramientas.com\/libreria\/wp-json\/wp\/v2\/product\/40188","targetHints":{"allow":["GET"]}}],"collection":[{"href":"https:\/\/bibliaherramientas.com\/libreria\/wp-json\/wp\/v2\/product"}],"about":[{"href":"https:\/\/bibliaherramientas.com\/libreria\/wp-json\/wp\/v2\/types\/product"}],"replies":[{"embeddable":true,"href":"https:\/\/bibliaherramientas.com\/libreria\/wp-json\/wp\/v2\/comments?post=40188"}],"wp:featuredmedia":[{"embeddable":true,"href":"https:\/\/bibliaherramientas.com\/libreria\/wp-json\/wp\/v2\/media\/40191"}],"wp:attachment":[{"href":"https:\/\/bibliaherramientas.com\/libreria\/wp-json\/wp\/v2\/media?parent=40188"}],"wp:term":[{"taxonomy":"product_brand","embeddable":true,"href":"https:\/\/bibliaherramientas.com\/libreria\/wp-json\/wp\/v2\/product_brand?post=40188"},{"taxonomy":"product_cat","embeddable":true,"href":"https:\/\/bibliaherramientas.com\/libreria\/wp-json\/wp\/v2\/product_cat?post=40188"},{"taxonomy":"product_tag","embeddable":true,"href":"https:\/\/bibliaherramientas.com\/libreria\/wp-json\/wp\/v2\/product_tag?post=40188"}],"curies":[{"name":"wp","href":"https:\/\/api.w.org\/{rel}","templated":true}]}}