{"id":40128,"date":"2019-11-08T04:53:40","date_gmt":"2019-11-08T04:53:40","guid":{"rendered":"https:\/\/bibliaherramientas.com\/libreria\/?post_type=product&#038;p=40128"},"modified":"2026-01-06T02:23:07","modified_gmt":"2026-01-06T08:23:07","slug":"libro-el-despertar-de-la-gracia-por-charles-swindoll-9780718082123","status":"publish","type":"product","link":"https:\/\/bibliaherramientas.com\/libreria\/producto\/libro-el-despertar-de-la-gracia-por-charles-swindoll-9780718082123\/","title":{"rendered":"Libro El despertar de la Gracia por Charles R. Swindoll"},"content":{"rendered":"<p>El cl\u00e1sico libro\u00a0<em>best seller<\/em>\u00a0de Charles Swindoll ha despertado a cientos de miles de lectores a los prodigios de la gracia por descubrir. Maravillas que los cristianos conocen con sus mentes pero se les olvida con sus corazones.<\/p>\n<p>Maravillas que pueden hacer una diferencia en la forma en que vivimos, en la forma en que vemos la vida. Maravillas que pueden hacer la diferencia entre religi\u00f3n y una relaci\u00f3n \u00edntima con un Dios que nos quiere llenar de alegr\u00eda. Esta edici\u00f3n incluye el devocional, un viaje espiritual de un mes para ayudarte a explorar la libertad recuperada de la gracia de Dios en tu vida. A medida que experimentes las maravillas de la gracia inagotable de Dios, te despertar\u00e1s de una nueva forma a todo lo que Dios quiere hacer en tu vida.<\/p>\n<p>Libertad y alegr\u00eda \u2014y no listas, demandas y deberes\u2014 esperar todos los que creen en el Se\u00f1or Jesucristo. Este libro llama a todos los cristianos a despertar y a rechazar vivir en esclavitud legalista y en base a resultados. El Dios del universo nos ha dado un regalo incre\u00edble y revolucionario de gracia y libertad \u2014libertad y gracia que nos diferencian de cualquier otra religi\u00f3n en la faz de la tierra.<\/p>\n<p>Es evidente que los retos que planteados en el mundo que nos rodea son mayores que nunca, pero la necesidad de cristianos que vivan su testimonio de libertad y compasi\u00f3n es a\u00fan mayor. Este cl\u00e1sico no es simplemente un libro que vale la pena leer, pero una vida que vale la pena vivir \u2014hoy.<\/p>\n<p>&#8212;&#8212;&#8212;&#8212;&#8212;&#8212;<\/p>\n<p><img loading=\"lazy\" decoding=\"async\" class=\"alignleft wp-image-50406\" title=\"Charles R. Swindoll\" src=\"https:\/\/bibliaherramientas.com\/libreria\/wp-content\/uploads\/2020\/04\/charles-r-swindoll.jpg\" alt=\"Charles R. Swindoll\" width=\"144\" height=\"144\" srcset=\"https:\/\/bibliaherramientas.com\/libreria\/wp-content\/uploads\/2020\/04\/charles-r-swindoll.jpg 400w, https:\/\/bibliaherramientas.com\/libreria\/wp-content\/uploads\/2020\/04\/charles-r-swindoll-247x247.jpg 247w, https:\/\/bibliaherramientas.com\/libreria\/wp-content\/uploads\/2020\/04\/charles-r-swindoll-100x100.jpg 100w, https:\/\/bibliaherramientas.com\/libreria\/wp-content\/uploads\/2020\/04\/charles-r-swindoll-280x280.jpg 280w\" sizes=\"auto, (max-width: 144px) 100vw, 144px\" \/><\/p>\n<p>Autor:\u00a0<strong>Charles R. Swindoll<\/strong> ha dedicado su vida a la ense\u00f1anza precisa y pr\u00e1ctica y la aplicaci\u00f3n de la Palabra de Dios y su gracia. Un pastor de coraz\u00f3n, Chuck ha servido como pastor principal de congregaciones en Texas, Massachusetts y California. Desde 1998, se ha desempe\u00f1ado como fundador y pastor principal y maestro de la Iglesia de la Comunidad Stonebriar en Frisco, Texas, pero la audiencia de Chuck se extiende mucho m\u00e1s all\u00e1 del cuerpo de una iglesia local.<\/p>\n<p>Como programa l\u00edder en transmisi\u00f3n cristiana desde 1979, Insight for Living se transmite en los principales mercados de radio cristianos de todo el mundo, llegando a grupos de personas en idiomas que pueden entender. El extenso ministerio de escritura de Chuck tambi\u00e9n ha servido al cuerpo de Cristo en todo el mundo y su liderazgo como presidente y ahora canciller del <a href=\"https:\/\/www.dts.edu\/espanol\/\" target=\"_blank\" rel=\"noopener noreferrer\">Seminario Teol\u00f3gico de Dallas<\/a> ha ayudado a preparar y equipar a una nueva generaci\u00f3n para el ministerio. Chuck y Cynthia, su compa\u00f1era en la vida y el ministerio, tienen cuatro hijos adultos, diez nietos y siete bisnietos.<\/p>\n<p>&nbsp;<\/p>\n","protected":false},"excerpt":{"rendered":"<p><strong>Creer en la gracia es una cosa, vivirla es otra<\/strong><\/p>\n<p>\u00bfHemos olvidado el significado de la gracia? Los predicadores predican sobre ella. Los maestros la ense\u00f1an. Los te\u00f3logos la analizan. Pero luego nos olvidamos de ella.<\/p>\n<p>En este cl\u00e1sico best seller, Charles Swindoll insta a los cristianos a no perderse una vida llena de gracia. Libertad y alegr\u00eda &#8212;y no listas, demandas y deberes&#8212; esperar todos los que creen en \u00e9l. A medida que experimentes las maravillas de la gracia inagotable de Dios, te despertar\u00e1s de una nueva forma a todo lo que Dios quiere hacer en tu vida.<\/p>\n","protected":false},"featured_media":40130,"comment_status":"open","ping_status":"closed","template":"","meta":{"_acf_changed":false},"product_brand":[],"product_cat":[665,678,720,666,517,526,737,541],"product_tag":[798],"class_list":{"0":"post-40128","1":"product","2":"type-product","3":"status-publish","4":"has-post-thumbnail","6":"product_cat-ayuda","7":"product_cat-libros-charles-r-swindoll","8":"product_cat-escritores-charles-r-swindoll","9":"product_cat-crecimiento-espiritual","10":"product_cat-devocionales","11":"product_cat-estudio-biblico","12":"product_cat-editoriales-grupo-nelson","13":"product_cat-vida-cristiana","14":"product_tag-vida-cristiana","16":"first","17":"instock","18":"purchasable","19":"product-type-simple"},"acf":[],"_links":{"self":[{"href":"https:\/\/bibliaherramientas.com\/libreria\/wp-json\/wp\/v2\/product\/40128","targetHints":{"allow":["GET"]}}],"collection":[{"href":"https:\/\/bibliaherramientas.com\/libreria\/wp-json\/wp\/v2\/product"}],"about":[{"href":"https:\/\/bibliaherramientas.com\/libreria\/wp-json\/wp\/v2\/types\/product"}],"replies":[{"embeddable":true,"href":"https:\/\/bibliaherramientas.com\/libreria\/wp-json\/wp\/v2\/comments?post=40128"}],"wp:featuredmedia":[{"embeddable":true,"href":"https:\/\/bibliaherramientas.com\/libreria\/wp-json\/wp\/v2\/media\/40130"}],"wp:attachment":[{"href":"https:\/\/bibliaherramientas.com\/libreria\/wp-json\/wp\/v2\/media?parent=40128"}],"wp:term":[{"taxonomy":"product_brand","embeddable":true,"href":"https:\/\/bibliaherramientas.com\/libreria\/wp-json\/wp\/v2\/product_brand?post=40128"},{"taxonomy":"product_cat","embeddable":true,"href":"https:\/\/bibliaherramientas.com\/libreria\/wp-json\/wp\/v2\/product_cat?post=40128"},{"taxonomy":"product_tag","embeddable":true,"href":"https:\/\/bibliaherramientas.com\/libreria\/wp-json\/wp\/v2\/product_tag?post=40128"}],"curies":[{"name":"wp","href":"https:\/\/api.w.org\/{rel}","templated":true}]}}