{"id":40075,"date":"2019-11-07T10:06:35","date_gmt":"2019-11-07T16:06:35","guid":{"rendered":"https:\/\/bibliaherramientas.com\/libreria\/?post_type=product&#038;p=40075"},"modified":"2026-01-06T02:23:02","modified_gmt":"2026-01-06T08:23:02","slug":"libro-no-me-hagas-contar-hasta-tres-por-ginger-hubbard-9781944586713","status":"publish","type":"product","link":"https:\/\/bibliaherramientas.com\/libreria\/producto\/libro-no-me-hagas-contar-hasta-tres-por-ginger-hubbard-9781944586713\/","title":{"rendered":"Libro \u00a1No me hagas contar hasta tres! por Ginger Hubbard"},"content":{"rendered":"<p>Ginger quiere ayudar a las madres para que sean libres de las frustraciones que vienen de no lidiar <span class=\"s2\">correctamente con la desobediencia, todo mediante<\/span> un concepto b\u00edblico de la disciplina.<\/p>\n<p><strong>Recomendaciones:<\/strong><\/p>\n<p>\u201cEste libro est\u00e1 muy bien alineado. Muestra que la disciplina debe estar enfocada en el coraz\u00f3n, y explica c\u00f3mo usar las Escrituras tanto para animar como para corregir. Los libros sobre la crianza tienden a estar llenos de ideas y estrategias para manejar a nuestros hijos, pero no suelen tener un fundamento b\u00edblico. <em>No me hagas contar hasta tres<\/em> logra combinar la verdad b\u00edblica con aplicaciones pr\u00e1cticas para los padres. Es el tipo de material que podemos leer una y otra vez\u201d.<br \/>\n<strong>\u2014 Tedd Tripp,<\/strong> pastor, conferencista y autor de <em>C\u00f3mo pastorear el coraz\u00f3n de tu hijo<\/em><\/p>\n<p>\u201cMadres, este es el libro que han estado buscando. Ginger Hubbard es refrescante, graciosa y muy sabia. Sus consejos est\u00e1n firmemente basados en los mandatos de Dios y en Su gracia. He le\u00eddo pocos libros sobre la crianza que sean<br \/>\ntan pr\u00e1cticos y motivadores como este. \u00a1Altamente recomendado!\u201d.<br \/>\n<strong>\u2014 Lysa Terkeurst,<\/strong> directora de Proverbs 31 Ministries<\/p>\n<p>&#8212;&#8212;&#8212;&#8212;&#8212;&#8212;<\/p>\n<p><img loading=\"lazy\" decoding=\"async\" class=\"alignleft wp-image-50417\" title=\"Ginger Hubbard\" src=\"https:\/\/bibliaherramientas.com\/libreria\/wp-content\/uploads\/2020\/04\/ginger-hubbard.jpg\" alt=\"Ginger Hubbard\" width=\"144\" height=\"144\" srcset=\"https:\/\/bibliaherramientas.com\/libreria\/wp-content\/uploads\/2020\/04\/ginger-hubbard.jpg 400w, https:\/\/bibliaherramientas.com\/libreria\/wp-content\/uploads\/2020\/04\/ginger-hubbard-247x247.jpg 247w, https:\/\/bibliaherramientas.com\/libreria\/wp-content\/uploads\/2020\/04\/ginger-hubbard-100x100.jpg 100w, https:\/\/bibliaherramientas.com\/libreria\/wp-content\/uploads\/2020\/04\/ginger-hubbard-280x280.jpg 280w\" sizes=\"auto, (max-width: 144px) 100vw, 144px\" \/><\/p>\n<p>Autor:\u00a0<strong>Ginger Hubbard\u00a0<\/strong>autora de <em>No me hagas contar hasta 3<\/em>, <em>Palabras sabias para las mam\u00e1s<\/em>, and <em>No puedo creer que hayas dicho eso<\/em>!, habla en eventos de mujeres, conferencias de padres y convenciones de educaci\u00f3n en el hogar en todo el pa\u00eds.<\/p>\n<p>Ginger es una escritora galardonada cuyos art\u00edculos han aparecido en numerosas publicaciones, como Focus on the Family, Baptist Press, HomeLife Magazine, P31 Woman y <a href=\"http:\/\/Crosswalk.com\" target=\"_blank\" rel=\"noopener noreferrer\">Crosswalk.com<\/a>.<\/p>\n<p>Una comunicadora entusiasta y convincente, Ginger ha sido entrevistada en programas de televisi\u00f3n, como The 700 Club, The Harvest Show y Primary Focus, as\u00ed como en programas de radio nacionales, incluidos Focus on the Family, Revive Our Hearts y Family Life Today.<\/p>\n<p>Ginger es transparente y cautivadora, ya que comparte verdades poderosas de la Palabra de Dios. Ella tiene un talento especial para entregar historias personales y a menudo humor\u00edsticas y luego vincular la sabidur\u00eda mucho m\u00e1s all\u00e1 de sus a\u00f1os. Involucrando a cada audiencia con carisma y calidez, los mensajes inolvidables y que cambian la vida de Ginger iluminan e inspiran a las mujeres de costa a costa.<\/p>\n<p>Jes\u00fas la salv\u00f3 y se cri\u00f3 en el sur, a Ginger le gusta leer, escribir y pasar tiempo en el lago Mart\u00edn con su esposo. Ginger es una veterana madre de dos hijos fabulosos y madrastra de dos hijastros muy adorados. Ella y su esposo Ronnie, residen en Opelika, AL, donde disfrutan trabajar juntos desde su casa.<\/p>\n","protected":false},"excerpt":{"rendered":"<p>Disciplina enfocada en el <strong>coraz\u00f3n<\/strong> de tu hijo<\/p>\n<p><span class=\"s1\"><strong>\u00bfHas estado amenazando, repitiendo tus instrucciones o levant\u00e1ndole la voz a tus hijos para lograr que te obedezcan?<\/strong> \u00bfTe sientes desanimada porque parece imposible alcanzar el coraz\u00f3n de tu hijo?<\/span> Debido a su propia <span class=\"s2\">experiencia y a la aplicaci\u00f3n pr\u00e1ctica de las Escrituras,<\/span> Ginger Hubbard anima y equipa a las madres para <span class=\"s2\">que vayan m\u00e1s all\u00e1 del comportamiento de sus hijos<\/span> y puedan trabajar con lo que sucede en sus corazones.<\/p>\n","protected":false},"featured_media":40078,"comment_status":"open","ping_status":"closed","template":"","meta":{"_acf_changed":false},"product_brand":[],"product_cat":[665,528,677,729,537,538,539,745],"product_tag":[980,914,916],"class_list":{"0":"post-40075","1":"product","2":"type-product","3":"status-publish","4":"has-post-thumbnail","6":"product_cat-ayuda","7":"product_cat-familia-matrimonio","8":"product_cat-libros-ginger-hubbard","9":"product_cat-escritores-ginger-hubbard","10":"product_cat-mujeres-libros","11":"product_cat-ninos-libros","12":"product_cat-oracion","13":"product_cat-editoriales-poiema","14":"product_tag-crianza-de-ninos","15":"product_tag-hijos","16":"product_tag-padres","18":"first","19":"outofstock","20":"purchasable","21":"product-type-simple"},"acf":[],"_links":{"self":[{"href":"https:\/\/bibliaherramientas.com\/libreria\/wp-json\/wp\/v2\/product\/40075","targetHints":{"allow":["GET"]}}],"collection":[{"href":"https:\/\/bibliaherramientas.com\/libreria\/wp-json\/wp\/v2\/product"}],"about":[{"href":"https:\/\/bibliaherramientas.com\/libreria\/wp-json\/wp\/v2\/types\/product"}],"replies":[{"embeddable":true,"href":"https:\/\/bibliaherramientas.com\/libreria\/wp-json\/wp\/v2\/comments?post=40075"}],"wp:featuredmedia":[{"embeddable":true,"href":"https:\/\/bibliaherramientas.com\/libreria\/wp-json\/wp\/v2\/media\/40078"}],"wp:attachment":[{"href":"https:\/\/bibliaherramientas.com\/libreria\/wp-json\/wp\/v2\/media?parent=40075"}],"wp:term":[{"taxonomy":"product_brand","embeddable":true,"href":"https:\/\/bibliaherramientas.com\/libreria\/wp-json\/wp\/v2\/product_brand?post=40075"},{"taxonomy":"product_cat","embeddable":true,"href":"https:\/\/bibliaherramientas.com\/libreria\/wp-json\/wp\/v2\/product_cat?post=40075"},{"taxonomy":"product_tag","embeddable":true,"href":"https:\/\/bibliaherramientas.com\/libreria\/wp-json\/wp\/v2\/product_tag?post=40075"}],"curies":[{"name":"wp","href":"https:\/\/api.w.org\/{rel}","templated":true}]}}