{"id":39916,"date":"2019-11-06T07:52:36","date_gmt":"2019-11-06T07:52:36","guid":{"rendered":"https:\/\/bibliaherramientas.com\/libreria\/?post_type=product&#038;p=39916"},"modified":"2026-01-06T02:20:22","modified_gmt":"2026-01-06T08:20:22","slug":"comentario-macarthur-del-nuevo-testamento-romanos-9780825418020","status":"publish","type":"product","link":"https:\/\/bibliaherramientas.com\/libreria\/producto\/comentario-macarthur-del-nuevo-testamento-romanos-9780825418020\/","title":{"rendered":"Comentario MacArthur del Nuevo Testamento Romanos"},"content":{"rendered":"<p><strong>Recomendaciones:<\/strong><\/p>\n<p>&#8220;Este comentario no solo arroja luz al texto b\u00edblico, presenta tambi\u00e9n una aplicaci\u00f3n pr\u00e1ctica de beneficio personal, que es tambi\u00e9n relevante para los que ense\u00f1an y predican la Palabra. Consulto estos comentarios a menudo para ayudarme a interpretar el texto b\u00edblico y encontrar principios que transformen nuestras vidas&#8221;. <strong>&#8211; Dr. Erwin W. Lutzer. Pastor principal, Iglesia Moody, Chicago, IL.<\/strong><\/p>\n<p>&#8220;Una joya poco com\u00fan que incluye los aspectos exeg\u00e9ticos, teol\u00f3gicos, y expositivos. Escrita durante m\u00e1s de treinta y seis a\u00f1os, esta haza\u00f1a monumental refleja una amplitud y profundidad de gran valor espiritual&#8221;. &#8211; <strong>Richard Mayhue, Dr. Teolog\u00eda. VicePresidente ejecutivo, The Master&#8217;s College and Seminary.<\/strong><\/p>\n<p>&#8212;&#8212;&#8212;&#8212;&#8212;&#8212;<\/p>\n<p><img loading=\"lazy\" decoding=\"async\" class=\"alignleft wp-image-50422\" title=\"John MacArthur\" src=\"https:\/\/bibliaherramientas.com\/libreria\/wp-content\/uploads\/2020\/04\/john-macarthur.jpg\" alt=\"John MacArthur\" width=\"144\" height=\"144\" srcset=\"https:\/\/bibliaherramientas.com\/libreria\/wp-content\/uploads\/2020\/04\/john-macarthur.jpg 400w, https:\/\/bibliaherramientas.com\/libreria\/wp-content\/uploads\/2020\/04\/john-macarthur-247x247.jpg 247w, https:\/\/bibliaherramientas.com\/libreria\/wp-content\/uploads\/2020\/04\/john-macarthur-100x100.jpg 100w, https:\/\/bibliaherramientas.com\/libreria\/wp-content\/uploads\/2020\/04\/john-macarthur-280x280.jpg 280w\" sizes=\"auto, (max-width: 144px) 100vw, 144px\" \/><\/p>\n<p><strong>John MacArthur<\/strong> es pastor y maestro de <a href=\"https:\/\/www.gracechurch.org\/\" target=\"_blank\" rel=\"noopener noreferrer\">Grace Community Church<\/a> en Sun Valley, California. Tambi\u00e9n es presidente de <a href=\"https:\/\/www.mcs.edu\/\" target=\"_blank\" rel=\"noopener noreferrer\">The Master&#8217;s College and Seminary<\/a> y se le escucha diariamente en \u00ab<a href=\"https:\/\/www.gracia.org\/\" target=\"_blank\" rel=\"noopener noreferrer\">Gracia a Vosotros<\/a>\u00bb, un programa distribuido a nivel internacional en diferentes formatos, para alcanzar a millones cada d\u00eda.<\/p>\n<p>Con m\u00e1s de dos d\u00e9cadas de ministerio, ha escrito y editado muchos libros incluyendo el ganador del premio Medall\u00f3n de Oro, <a href=\"https:\/\/bibliaherramientas.com\/libreria\/categoria-producto\/biblias\/biblias-por-comentarista\/biblias-john-macarthur\/\" target=\"_blank\" rel=\"noopener noreferrer\">La Biblia de estudio MacArthur<\/a>.<\/p>\n<p>&nbsp;<\/p>\n","protected":false},"excerpt":{"rendered":"<p>En las p\u00e1ginas de estos comentarios expositivos no se percibe solamente un gran conocimiento de la Biblia, sino un amor y un celo profundos por la Palabra de Dios y por el Dios de la Palabra. John MacArthur hace una valiosa contribuci\u00f3n a la interpretaci\u00f3n y aplicaci\u00f3n del texto b\u00edblico que se refleja en una ex\u00e9gesis cuidadosa, una gran familiaridad con el escritor inspirado y su contexto, as\u00ed como en variadas explicaciones e ilustraciones pr\u00e1cticas. Representa un excelente recurso para la preparaci\u00f3n de sermones, el estudio personal y la vida devocional.<\/p>\n","protected":false},"featured_media":39924,"comment_status":"open","ping_status":"closed","template":"","meta":{"_acf_changed":false},"product_brand":[],"product_cat":[512,516,666,526,623,705,542,741],"product_tag":[985,936],"class_list":{"0":"post-39916","1":"product","2":"type-product","3":"status-publish","4":"has-post-thumbnail","6":"product_cat-ayuda-para-ministros","7":"product_cat-comentarios","8":"product_cat-crecimiento-espiritual","9":"product_cat-estudio-biblico","10":"product_cat-libros-john-macarthur","11":"product_cat-escritores-john-macarthur","12":"product_cat-libros-pastores-maestros","13":"product_cat-editoriales-portavoz","14":"product_tag-comentarios-biblicos","15":"product_tag-estudios-biblicos","17":"first","18":"instock","19":"purchasable","20":"product-type-simple"},"acf":[],"_links":{"self":[{"href":"https:\/\/bibliaherramientas.com\/libreria\/wp-json\/wp\/v2\/product\/39916","targetHints":{"allow":["GET"]}}],"collection":[{"href":"https:\/\/bibliaherramientas.com\/libreria\/wp-json\/wp\/v2\/product"}],"about":[{"href":"https:\/\/bibliaherramientas.com\/libreria\/wp-json\/wp\/v2\/types\/product"}],"replies":[{"embeddable":true,"href":"https:\/\/bibliaherramientas.com\/libreria\/wp-json\/wp\/v2\/comments?post=39916"}],"wp:featuredmedia":[{"embeddable":true,"href":"https:\/\/bibliaherramientas.com\/libreria\/wp-json\/wp\/v2\/media\/39924"}],"wp:attachment":[{"href":"https:\/\/bibliaherramientas.com\/libreria\/wp-json\/wp\/v2\/media?parent=39916"}],"wp:term":[{"taxonomy":"product_brand","embeddable":true,"href":"https:\/\/bibliaherramientas.com\/libreria\/wp-json\/wp\/v2\/product_brand?post=39916"},{"taxonomy":"product_cat","embeddable":true,"href":"https:\/\/bibliaherramientas.com\/libreria\/wp-json\/wp\/v2\/product_cat?post=39916"},{"taxonomy":"product_tag","embeddable":true,"href":"https:\/\/bibliaherramientas.com\/libreria\/wp-json\/wp\/v2\/product_tag?post=39916"}],"curies":[{"name":"wp","href":"https:\/\/api.w.org\/{rel}","templated":true}]}}