{"id":39806,"date":"2019-11-04T10:36:03","date_gmt":"2019-11-04T10:36:03","guid":{"rendered":"https:\/\/bibliaherramientas.com\/libreria\/?post_type=product&#038;p=39806"},"modified":"2026-01-06T02:20:11","modified_gmt":"2026-01-06T08:20:11","slug":"libro-una-fe-logica-por-timothy-keller-9781433644559","status":"publish","type":"product","link":"https:\/\/bibliaherramientas.com\/libreria\/producto\/libro-una-fe-logica-por-timothy-keller-9781433644559\/","title":{"rendered":"Libro Una fe l\u00f3gica por Timothy Keller"},"content":{"rendered":"<p>En este nuevo libro intelectualmente estimulante, el pastor y autor de varios best seller del New York Times, Timothy Keller, invita a los estudiantes de filosof\u00eda secular y a aquellos esc\u00e9pticos en cuanto a la fe y la religi\u00f3n en general a considerar que el Dios cristiano sigue teniendo sentido. \u00bfQu\u00e9 pasar\u00eda si el cristianismo nos proveyera recursos sin precedentes para responder las preguntas sobre la satisfacci\u00f3n, la libertad personal, la justicia y la esperanza?<\/p>\n<p>Escrito para el que est\u00e1 buscando pero se encuentra indeciso, as\u00ed como para el esc\u00e9ptico secular,\u00a0<em>Una fe l\u00f3gica<\/em>\u00a0arroja luz sobre el profundo valor y la importancia del cristianismo, ahora m\u00e1s pertinente que nunca<em>.<\/em><\/p>\n<p>&#8212;&#8212;&#8212;&#8212;&#8212;&#8212;&#8212;&#8212;&#8212;&#8212;&#8212;&#8211;<\/p>\n<p><img loading=\"lazy\" decoding=\"async\" class=\"alignleft wp-image-50437\" title=\"Timothy Keller\" src=\"https:\/\/bibliaherramientas.com\/libreria\/wp-content\/uploads\/2020\/04\/timothy-keller.jpg\" alt=\"Timothy Keller\" width=\"144\" height=\"144\" srcset=\"https:\/\/bibliaherramientas.com\/libreria\/wp-content\/uploads\/2020\/04\/timothy-keller.jpg 300w, https:\/\/bibliaherramientas.com\/libreria\/wp-content\/uploads\/2020\/04\/timothy-keller-247x247.jpg 247w, https:\/\/bibliaherramientas.com\/libreria\/wp-content\/uploads\/2020\/04\/timothy-keller-100x100.jpg 100w, https:\/\/bibliaherramientas.com\/libreria\/wp-content\/uploads\/2020\/04\/timothy-keller-280x280.jpg 280w\" sizes=\"auto, (max-width: 144px) 100vw, 144px\" \/><\/p>\n<p><strong>Timothy Keller<\/strong> naci\u00f3 y creci\u00f3 en Pennsylvania (EE.UU.) y obtuvo su educaci\u00f3n en la Universidad Bucknell, el <a href=\"https:\/\/www.gordonconwell.edu\/international-welcome\/en-espanol\/?__cf_chl_jschl_tk__=b709bc3f386a8b2741c678a7eb6be9974fb9d69b-1583489185-0-ATtJ5BuzYE3Bx8V_3LfRk9VQBjrtfoV-W7gDPee4Tpqyyhl5BlGRjwJ3HnKShT2jJNA6y7JHSSd5StpVW98vb1xKR9r2O-giYOQvMvzv2_w2lOr7uSlXpY8DlVfDVOQWIZCJgE0VEP8ig72Ecfa3_TD-cqrTfbutSn2SOflMKlX-S0s8eSRd7iL_gRudJg_SkHPrBTuTwnp4lc7JwS8g4gKLiAbDnjRCoQ6R64mTNth5kyVA4kQn2fToGZuRGwchy83Bs9idQfmQsQZF0i1xrZ04MUKD26y8n_rBgCBx9tugJ4ELnuXWwEn2kNZKGHTTtMJyxDMWYecArs3pEDOQT-Rp3gN59qIconVoAtnX_jJi8oB50Gspc0sR35ZtYkUeMw\" target=\"_blank\" rel=\"noopener noreferrer\">Seminario Teol\u00f3gico Gordon-Conwell<\/a> y el <a href=\"https:\/\/www.wts.edu\/\" target=\"_blank\" rel=\"noopener noreferrer\">Seminario Teol\u00f3gico Westminster<\/a>.<\/p>\n<p>Ejerci\u00f3 por primera vez el pastorado en Hopewell, Virginia. En 1989 fund\u00f3 la <a href=\"https:\/\/www.redeemer.com\/\" target=\"_blank\" rel=\"noopener noreferrer\">Iglesia Presbiteriana Redeemer<\/a> en la Ciudad de Nueva York junto a su esposa Kathy y sus tres hijos.<\/p>\n<p>Hoy d\u00eda, la Iglesia Redeemer re\u00fane habitualmente a una congregaci\u00f3n de m\u00e1s de cinco mil personas los domingos y ha contribuido a fundar m\u00e1s de 250 iglesias nuevas alrededor del mundo.<\/p>\n<p>Entre sus obras se incluye: Encounters with Jesus (<a href=\"https:\/\/bibliaherramientas.com\/libreria\/tienda\/editoriales\/editoriales-poiema\/libro-encuentros-con-jesus-9781944586096\/\" target=\"_blank\" rel=\"noopener noreferrer\">Encuentros con Jes\u00fas<\/a>), Walking with God through Pain and Suffering (Caminando con Dios en el dolor y el sufrimiento), Every Good Endeavor (Cada buen esfuerzo), <a href=\"https:\/\/bibliaherramientas.com\/libreria\/tienda\/editoriales\/editoriales-bh-espanol\/libro-el-significado-del-matrimonio-9781433644962\/\" target=\"_blank\" rel=\"noopener noreferrer\">\u00bfQu\u00e9 significa el matrimonio?<\/a>, Generous Justice (Justicia generosa), Counterfeit Gods (Dioses falsificados), The Prodigal God (<a href=\"https:\/\/bibliaherramientas.com\/libreria\/tienda\/editoriales\/editoriales-vida\/libro-el-dios-prodigo-9780829758993\/\" target=\"_blank\" rel=\"noopener noreferrer\">El Dios pr\u00f3digo<\/a>), Jesus the King (Jes\u00fas, el Rey) y <a href=\"https:\/\/bibliaherramientas.com\/libreria\/tienda\/editoriales\/editoriales-bh-espanol\/libro-es-razonable-creer-en-dios-9781433644979\/\" target=\"_blank\" rel=\"noopener noreferrer\">\u00bfEs razonable creer en Dios?<\/a> Timothy Keller vive con su familia en la Ciudad de Nueva York.<\/p>\n<hr \/>\n","protected":false},"excerpt":{"rendered":"<p>VIVIMOS EN UNA \u00c9POCA en que se valora la raz\u00f3n emp\u00edrica, la evoluci\u00f3n del progreso humano y el derecho de todos a elegir su m\u00e1s aut\u00e9ntica expresi\u00f3n del sentido de la vida, de prop\u00f3sito y de gozo. Entonces, \u00bftiene sentido la noci\u00f3n de un Dios o de un poder superior? \u00bfLa fe y la religi\u00f3n ofrecen algo de valor?<\/p>\n","protected":false},"featured_media":39808,"comment_status":"open","ping_status":"closed","template":"","meta":{"_acf_changed":false},"product_brand":[],"product_cat":[735,533,637,716],"product_tag":[798],"class_list":{"0":"post-39806","1":"product","2":"type-product","3":"status-publish","4":"has-post-thumbnail","6":"product_cat-editoriales-bh-espanol","7":"product_cat-libros-general","8":"product_cat-libros-timothy-keller","9":"product_cat-escritores-timothy-keller","10":"product_tag-vida-cristiana","12":"first","13":"instock","14":"purchasable","15":"product-type-simple"},"acf":[],"_links":{"self":[{"href":"https:\/\/bibliaherramientas.com\/libreria\/wp-json\/wp\/v2\/product\/39806","targetHints":{"allow":["GET"]}}],"collection":[{"href":"https:\/\/bibliaherramientas.com\/libreria\/wp-json\/wp\/v2\/product"}],"about":[{"href":"https:\/\/bibliaherramientas.com\/libreria\/wp-json\/wp\/v2\/types\/product"}],"replies":[{"embeddable":true,"href":"https:\/\/bibliaherramientas.com\/libreria\/wp-json\/wp\/v2\/comments?post=39806"}],"wp:featuredmedia":[{"embeddable":true,"href":"https:\/\/bibliaherramientas.com\/libreria\/wp-json\/wp\/v2\/media\/39808"}],"wp:attachment":[{"href":"https:\/\/bibliaherramientas.com\/libreria\/wp-json\/wp\/v2\/media?parent=39806"}],"wp:term":[{"taxonomy":"product_brand","embeddable":true,"href":"https:\/\/bibliaherramientas.com\/libreria\/wp-json\/wp\/v2\/product_brand?post=39806"},{"taxonomy":"product_cat","embeddable":true,"href":"https:\/\/bibliaherramientas.com\/libreria\/wp-json\/wp\/v2\/product_cat?post=39806"},{"taxonomy":"product_tag","embeddable":true,"href":"https:\/\/bibliaherramientas.com\/libreria\/wp-json\/wp\/v2\/product_tag?post=39806"}],"curies":[{"name":"wp","href":"https:\/\/api.w.org\/{rel}","templated":true}]}}