{"id":39773,"date":"2019-11-04T07:54:29","date_gmt":"2019-11-04T13:54:29","guid":{"rendered":"https:\/\/bibliaherramientas.com\/libreria\/?post_type=product&#038;p=39773"},"modified":"2026-01-06T02:19:40","modified_gmt":"2026-01-06T08:19:40","slug":"libro-galatas-para-ti-por-timothy-keller-9781944586669","status":"publish","type":"product","link":"https:\/\/bibliaherramientas.com\/libreria\/producto\/libro-galatas-para-ti-por-timothy-keller-9781944586669\/","title":{"rendered":"Libro G\u00e1latas para ti por Timothy Keller"},"content":{"rendered":"<p>En este estudio de G\u00e1latas, el Dr. Timothy Keller te ayudar\u00e1 a entender el significado de este libro de la Biblia y te mostrar\u00e1 c\u00f3mo hoy puede transformar corazones y cambiar vidas.<\/p>\n<p>Escrito para personas de todas las edades y grados de conocimiento: para los que son buscadores, para nuevos creyentes y hasta para pastores y maestros. Este flexible recurso es para ti.<\/p>\n<p><strong>Recomendaciones:<\/strong><\/p>\n<p>\u201cEn cincuenta a\u00f1os, si los cristianos son impactados por su amor por las ciudades, su lucha por la misericordia y la justicia social, y su amor por sus vecinos, Timothy Keller ser\u00e1 recordado como un pionero de los nuevos cristianos urbanos\u201d.<br \/>\n<strong>&#8211; Revista Christianity Today.<\/strong><\/p>\n<p>\u201cEl Ministerio de Timothy Keller en la ciudad de Nueva York est\u00e1 liderando una generaci\u00f3n de buscadores y esc\u00e9pticos hacia la confianza en Dios. Doy gracias a Dios por \u00e9l\u201d.<br \/>\n<strong>&#8211; Billy Graham.<\/strong><\/p>\n<p>&#8212;&#8212;&#8212;&#8212;&#8212;&#8212;&#8212;&#8212;&#8212;&#8212;&#8212;&#8211;<\/p>\n<p><img loading=\"lazy\" decoding=\"async\" class=\"alignleft wp-image-50437\" title=\"Timothy Keller\" src=\"https:\/\/bibliaherramientas.com\/libreria\/wp-content\/uploads\/2020\/04\/timothy-keller.jpg\" alt=\"Timothy Keller\" width=\"144\" height=\"144\" srcset=\"https:\/\/bibliaherramientas.com\/libreria\/wp-content\/uploads\/2020\/04\/timothy-keller.jpg 300w, https:\/\/bibliaherramientas.com\/libreria\/wp-content\/uploads\/2020\/04\/timothy-keller-247x247.jpg 247w, https:\/\/bibliaherramientas.com\/libreria\/wp-content\/uploads\/2020\/04\/timothy-keller-100x100.jpg 100w, https:\/\/bibliaherramientas.com\/libreria\/wp-content\/uploads\/2020\/04\/timothy-keller-280x280.jpg 280w\" sizes=\"auto, (max-width: 144px) 100vw, 144px\" \/><\/p>\n<p><strong>Timothy Keller<\/strong> naci\u00f3 y creci\u00f3 en Pennsylvania (EE.UU.) y obtuvo su educaci\u00f3n en la Universidad Bucknell, el <a href=\"https:\/\/www.gordonconwell.edu\/international-welcome\/en-espanol\/?__cf_chl_jschl_tk__=b709bc3f386a8b2741c678a7eb6be9974fb9d69b-1583489185-0-ATtJ5BuzYE3Bx8V_3LfRk9VQBjrtfoV-W7gDPee4Tpqyyhl5BlGRjwJ3HnKShT2jJNA6y7JHSSd5StpVW98vb1xKR9r2O-giYOQvMvzv2_w2lOr7uSlXpY8DlVfDVOQWIZCJgE0VEP8ig72Ecfa3_TD-cqrTfbutSn2SOflMKlX-S0s8eSRd7iL_gRudJg_SkHPrBTuTwnp4lc7JwS8g4gKLiAbDnjRCoQ6R64mTNth5kyVA4kQn2fToGZuRGwchy83Bs9idQfmQsQZF0i1xrZ04MUKD26y8n_rBgCBx9tugJ4ELnuXWwEn2kNZKGHTTtMJyxDMWYecArs3pEDOQT-Rp3gN59qIconVoAtnX_jJi8oB50Gspc0sR35ZtYkUeMw\" target=\"_blank\" rel=\"noopener noreferrer\">Seminario Teol\u00f3gico Gordon-Conwell<\/a> y el <a href=\"https:\/\/www.wts.edu\/\" target=\"_blank\" rel=\"noopener noreferrer\">Seminario Teol\u00f3gico Westminster<\/a>.<\/p>\n<p>Ejerci\u00f3 por primera vez el pastorado en Hopewell, Virginia. En 1989 fund\u00f3 la <a href=\"https:\/\/www.redeemer.com\/\" target=\"_blank\" rel=\"noopener noreferrer\">Iglesia Presbiteriana Redeemer<\/a> en la Ciudad de Nueva York junto a su esposa Kathy y sus tres hijos.<\/p>\n<p>Hoy d\u00eda, la Iglesia Redeemer re\u00fane habitualmente a una congregaci\u00f3n de m\u00e1s de cinco mil personas los domingos y ha contribuido a fundar m\u00e1s de 250 iglesias nuevas alrededor del mundo.<\/p>\n<p>Entre sus obras se incluye: Encounters with Jesus (<a href=\"https:\/\/bibliaherramientas.com\/libreria\/tienda\/editoriales\/editoriales-poiema\/libro-encuentros-con-jesus-9781944586096\/\" target=\"_blank\" rel=\"noopener noreferrer\">Encuentros con Jes\u00fas<\/a>), Walking with God through Pain and Suffering (Caminando con Dios en el dolor y el sufrimiento), Every Good Endeavor (Cada buen esfuerzo), <a href=\"https:\/\/bibliaherramientas.com\/libreria\/tienda\/editoriales\/editoriales-bh-espanol\/libro-el-significado-del-matrimonio-9781433644962\/\" target=\"_blank\" rel=\"noopener noreferrer\">\u00bfQu\u00e9 significa el matrimonio?<\/a>, Generous Justice (Justicia generosa), Counterfeit Gods (Dioses falsificados), The Prodigal God (<a href=\"https:\/\/bibliaherramientas.com\/libreria\/tienda\/editoriales\/editoriales-vida\/libro-el-dios-prodigo-9780829758993\/\" target=\"_blank\" rel=\"noopener noreferrer\">El Dios pr\u00f3digo<\/a>), Jesus the King (Jes\u00fas, el Rey) y <a href=\"https:\/\/bibliaherramientas.com\/libreria\/tienda\/editoriales\/editoriales-bh-espanol\/libro-es-razonable-creer-en-dios-9781433644979\/\" target=\"_blank\" rel=\"noopener noreferrer\">\u00bfEs razonable creer en Dios?<\/a> Timothy Keller vive con su familia en la Ciudad de Nueva York.<\/p>\n<hr \/>\n","protected":false},"excerpt":{"rendered":"<p><strong><em>\u201cTodo el libro de G\u00e1latas habla del evangelio: el evangelio que todos necesitamos durante toda la vida. \u00a1Es como dinamita! Oro para que su mensaje poderoso explote en tu coraz\u00f3n mientras lees este libro\u201d.<\/em><\/strong><\/p>\n","protected":false},"featured_media":39774,"comment_status":"open","ping_status":"closed","template":"","meta":{"_acf_changed":false},"product_brand":[],"product_cat":[512,746,516,666,523,526,533,542,745,716,637,541],"product_tag":[936],"class_list":{"0":"post-39773","1":"product","2":"type-product","3":"status-publish","4":"has-post-thumbnail","6":"product_cat-ayuda-para-ministros","7":"product_cat-editoriales-coalicion-por-el-evangelio","8":"product_cat-comentarios","9":"product_cat-crecimiento-espiritual","10":"product_cat-ensenanza","11":"product_cat-estudio-biblico","12":"product_cat-libros-general","13":"product_cat-libros-pastores-maestros","14":"product_cat-editoriales-poiema","15":"product_cat-escritores-timothy-keller","16":"product_cat-libros-timothy-keller","17":"product_cat-vida-cristiana","18":"product_tag-estudios-biblicos","20":"first","21":"instock","22":"purchasable","23":"product-type-simple"},"acf":[],"_links":{"self":[{"href":"https:\/\/bibliaherramientas.com\/libreria\/wp-json\/wp\/v2\/product\/39773","targetHints":{"allow":["GET"]}}],"collection":[{"href":"https:\/\/bibliaherramientas.com\/libreria\/wp-json\/wp\/v2\/product"}],"about":[{"href":"https:\/\/bibliaherramientas.com\/libreria\/wp-json\/wp\/v2\/types\/product"}],"replies":[{"embeddable":true,"href":"https:\/\/bibliaherramientas.com\/libreria\/wp-json\/wp\/v2\/comments?post=39773"}],"wp:featuredmedia":[{"embeddable":true,"href":"https:\/\/bibliaherramientas.com\/libreria\/wp-json\/wp\/v2\/media\/39774"}],"wp:attachment":[{"href":"https:\/\/bibliaherramientas.com\/libreria\/wp-json\/wp\/v2\/media?parent=39773"}],"wp:term":[{"taxonomy":"product_brand","embeddable":true,"href":"https:\/\/bibliaherramientas.com\/libreria\/wp-json\/wp\/v2\/product_brand?post=39773"},{"taxonomy":"product_cat","embeddable":true,"href":"https:\/\/bibliaherramientas.com\/libreria\/wp-json\/wp\/v2\/product_cat?post=39773"},{"taxonomy":"product_tag","embeddable":true,"href":"https:\/\/bibliaherramientas.com\/libreria\/wp-json\/wp\/v2\/product_tag?post=39773"}],"curies":[{"name":"wp","href":"https:\/\/api.w.org\/{rel}","templated":true}]}}