{"id":39619,"date":"2019-11-03T18:58:43","date_gmt":"2019-11-04T00:58:43","guid":{"rendered":"https:\/\/bibliaherramientas.com\/libreria\/?post_type=product&#038;p=39619"},"modified":"2026-01-06T02:18:57","modified_gmt":"2026-01-06T08:18:57","slug":"libro-cuando-no-se-disipan-las-tinieblas-por-john-piper-9780825457852","status":"publish","type":"product","link":"https:\/\/bibliaherramientas.com\/libreria\/producto\/libro-cuando-no-se-disipan-las-tinieblas-por-john-piper-9780825457852\/","title":{"rendered":"Libro Cuando no se disipan las tinieblas por John Piper"},"content":{"rendered":"<p><strong>Reciba consuelo y orientaci\u00f3n para vencer la depresi\u00f3n<\/strong><\/p>\n<p>John Piper ans\u00eda ofrecer consuelo y orientaci\u00f3n a las personas que sufren de depresi\u00f3n y oscuridad espiritual. Incluso los creyentes m\u00e1s fieles pueden pasar por per\u00edodos de depresi\u00f3n y oscuridad espiritual cuando la dicha parece estar fuera de su alcance. El autor usa ejemplos de la vida real y sensibles narraciones para mostrar al lector c\u00f3mo confiar en que Dios lo sacar\u00e1 del hoyo de la desesperaci\u00f3n hacia la luz.<\/p>\n<p>&#8212;&#8212;&#8212;&#8212;&#8212;&#8212;&#8212;&#8212;&#8212;&#8212;&#8212;&#8211;<\/p>\n<p><strong><img loading=\"lazy\" decoding=\"async\" class=\"alignleft wp-image-50423\" title=\"John Piper\" src=\"https:\/\/bibliaherramientas.com\/libreria\/wp-content\/uploads\/2020\/04\/john-piper.jpg\" alt=\"John Piper\" width=\"144\" height=\"144\" srcset=\"https:\/\/bibliaherramientas.com\/libreria\/wp-content\/uploads\/2020\/04\/john-piper.jpg 400w, https:\/\/bibliaherramientas.com\/libreria\/wp-content\/uploads\/2020\/04\/john-piper-247x247.jpg 247w, https:\/\/bibliaherramientas.com\/libreria\/wp-content\/uploads\/2020\/04\/john-piper-100x100.jpg 100w, https:\/\/bibliaherramientas.com\/libreria\/wp-content\/uploads\/2020\/04\/john-piper-280x280.jpg 280w\" sizes=\"auto, (max-width: 144px) 100vw, 144px\" \/>John Piper<\/strong> ha sido el pastor predicador de la Iglesia Bautista Bel\u00e9n en Mini\u00e1polis, Minesota, desde el a\u00f1o 1980. Es autor de varios libros de \u00e9xito de venta, entre ellos <a href=\"https:\/\/bibliaherramientas.com\/libreria\/tienda\/editoriales\/editoriales-portavoz\/libro-dios-es-el-evangelio-9780825457128\/\" target=\"_blank\" rel=\"noopener noreferrer\">Dios es el Evangelio<\/a>, <a href=\"https:\/\/bibliaherramientas.com\/libreria\/tienda\/editoriales\/editoriales-portavoz\/libro-el-sufrimiento-y-la-soberania-de-dios-9780825415869\/\" target=\"_blank\" rel=\"noopener noreferrer\">El sufrimiento y la soberan\u00eda de Dios<\/a> y <a href=\"https:\/\/bibliaherramientas.com\/libreria\/tienda\/editoriales\/editoriales-portavoz\/libro-lo-que-jesus-exige-del-mundo-9780825415876\/\" target=\"_blank\" rel=\"noopener noreferrer\">Lo que Jes\u00fas exige del mundo<\/a>.<\/p>\n","protected":false},"excerpt":{"rendered":"<p><strong>Reciba consuelo y orientaci\u00f3n para vencer la depresi\u00f3n<\/strong><\/p>\n<p>John Piper ans\u00eda ofrecer consuelo y orientaci\u00f3n a las personas que sufren de depresi\u00f3n y oscuridad espiritual. Incluso los creyentes m\u00e1s fieles pueden pasar por per\u00edodos de depresi\u00f3n y oscuridad espiritual cuando la dicha parece estar fuera de su alcance. El autor usa ejemplos de la vida real y sensibles narraciones para mostrar al lector c\u00f3mo confiar en que Dios lo sacar\u00e1 del hoyo de la desesperaci\u00f3n hacia la luz.<\/p>\n","protected":false},"featured_media":36806,"comment_status":"open","ping_status":"closed","template":"","meta":{"_acf_changed":false},"product_brand":[],"product_cat":[515,655,715,533,741,541],"product_tag":[798],"class_list":{"0":"post-39619","1":"product","2":"type-product","3":"status-publish","4":"has-post-thumbnail","6":"product_cat-libros-bolsillo","7":"product_cat-libros-john-piper","8":"product_cat-escritores-john-piper","9":"product_cat-libros-general","10":"product_cat-editoriales-portavoz","11":"product_cat-vida-cristiana","12":"product_tag-vida-cristiana","14":"first","15":"instock","16":"purchasable","17":"product-type-simple"},"acf":[],"_links":{"self":[{"href":"https:\/\/bibliaherramientas.com\/libreria\/wp-json\/wp\/v2\/product\/39619","targetHints":{"allow":["GET"]}}],"collection":[{"href":"https:\/\/bibliaherramientas.com\/libreria\/wp-json\/wp\/v2\/product"}],"about":[{"href":"https:\/\/bibliaherramientas.com\/libreria\/wp-json\/wp\/v2\/types\/product"}],"replies":[{"embeddable":true,"href":"https:\/\/bibliaherramientas.com\/libreria\/wp-json\/wp\/v2\/comments?post=39619"}],"wp:featuredmedia":[{"embeddable":true,"href":"https:\/\/bibliaherramientas.com\/libreria\/wp-json\/wp\/v2\/media\/36806"}],"wp:attachment":[{"href":"https:\/\/bibliaherramientas.com\/libreria\/wp-json\/wp\/v2\/media?parent=39619"}],"wp:term":[{"taxonomy":"product_brand","embeddable":true,"href":"https:\/\/bibliaherramientas.com\/libreria\/wp-json\/wp\/v2\/product_brand?post=39619"},{"taxonomy":"product_cat","embeddable":true,"href":"https:\/\/bibliaherramientas.com\/libreria\/wp-json\/wp\/v2\/product_cat?post=39619"},{"taxonomy":"product_tag","embeddable":true,"href":"https:\/\/bibliaherramientas.com\/libreria\/wp-json\/wp\/v2\/product_tag?post=39619"}],"curies":[{"name":"wp","href":"https:\/\/api.w.org\/{rel}","templated":true}]}}