{"id":39617,"date":"2019-11-03T06:54:14","date_gmt":"2019-11-03T06:54:14","guid":{"rendered":"https:\/\/bibliaherramientas.com\/libreria\/?post_type=product&#038;p=39617"},"modified":"2026-01-06T02:18:45","modified_gmt":"2026-01-06T08:18:45","slug":"libro-pensar-amar-hacer-por-john-piper-9780825419300","status":"publish","type":"product","link":"https:\/\/bibliaherramientas.com\/libreria\/producto\/libro-pensar-amar-hacer-por-john-piper-9780825419300\/","title":{"rendered":"Libro Pensar. Amar. Hacer por John Piper"},"content":{"rendered":"<p>Nuestro Salvador mismo nos muestra que el cristianismo hol\u00edstico se compone de mente, coraz\u00f3n y manos. \u00c9l nos ense\u00f1a tambi\u00e9n que la vida cristiana es multidimensional: pensar, amar y hacer son conceptos que no se pueden reducir ni separar. Con las colaboraciones de Francis Chan, Rick Warren, Albert Mohler, R. C. Sproul y Thabiti Anyabwile, Pensar. Amar. Hacer. extiende una invitaci\u00f3n profunda y convincente a experimentar la plenitud de la vida cristiana.<\/p>\n<p>&#8212;&#8212;&#8212;&#8212;&#8212;&#8212;&#8212;&#8212;&#8212;&#8212;&#8212;&#8211;<\/p>\n<p><strong><img loading=\"lazy\" decoding=\"async\" class=\"alignleft wp-image-50423\" title=\"John Piper\" src=\"https:\/\/bibliaherramientas.com\/libreria\/wp-content\/uploads\/2020\/04\/john-piper.jpg\" alt=\"John Piper\" width=\"144\" height=\"144\" srcset=\"https:\/\/bibliaherramientas.com\/libreria\/wp-content\/uploads\/2020\/04\/john-piper.jpg 400w, https:\/\/bibliaherramientas.com\/libreria\/wp-content\/uploads\/2020\/04\/john-piper-247x247.jpg 247w, https:\/\/bibliaherramientas.com\/libreria\/wp-content\/uploads\/2020\/04\/john-piper-100x100.jpg 100w, https:\/\/bibliaherramientas.com\/libreria\/wp-content\/uploads\/2020\/04\/john-piper-280x280.jpg 280w\" sizes=\"auto, (max-width: 144px) 100vw, 144px\" \/>John Piper<\/strong> ha sido el pastor predicador de la Iglesia Bautista Bel\u00e9n en Mini\u00e1polis, Minesota, desde el a\u00f1o 1980. Es autor de varios libros de \u00e9xito de venta, entre ellos <a href=\"https:\/\/bibliaherramientas.com\/libreria\/tienda\/editoriales\/editoriales-portavoz\/libro-dios-es-el-evangelio-9780825457128\/\" target=\"_blank\" rel=\"noopener noreferrer\">Dios es el Evangelio<\/a>, <a href=\"https:\/\/bibliaherramientas.com\/libreria\/tienda\/editoriales\/editoriales-portavoz\/libro-el-sufrimiento-y-la-soberania-de-dios-9780825415869\/\" target=\"_blank\" rel=\"noopener noreferrer\">El sufrimiento y la soberan\u00eda de Dios<\/a> y <a href=\"https:\/\/bibliaherramientas.com\/libreria\/tienda\/editoriales\/editoriales-portavoz\/libro-lo-que-jesus-exige-del-mundo-9780825415876\/\" target=\"_blank\" rel=\"noopener noreferrer\">Lo que Jes\u00fas exige del mundo<\/a>.<\/p>\n","protected":false},"excerpt":{"rendered":"<p><strong>Un llamado a glorificar a Dios con la mente y el coraz\u00f3n.<\/strong><\/p>\n<p>Aqu\u00ed, hay un llamado al cristianismo hol\u00edstico: un reto a ser pensadores comprometidos y serios respecto a conocer a Dios, a ser sentidores que laten con pasi\u00f3n por Jes\u00fas y su evangelio, y ser hacedores que se esfuerzan por hacer grandes actos de amor por otros.<\/p>\n","protected":false},"featured_media":36784,"comment_status":"open","ping_status":"closed","template":"","meta":{"_acf_changed":false},"product_brand":[],"product_cat":[715,655,741,541],"product_tag":[798],"class_list":{"0":"post-39617","1":"product","2":"type-product","3":"status-publish","4":"has-post-thumbnail","6":"product_cat-escritores-john-piper","7":"product_cat-libros-john-piper","8":"product_cat-editoriales-portavoz","9":"product_cat-vida-cristiana","10":"product_tag-vida-cristiana","12":"first","13":"outofstock","14":"purchasable","15":"product-type-simple"},"acf":[],"_links":{"self":[{"href":"https:\/\/bibliaherramientas.com\/libreria\/wp-json\/wp\/v2\/product\/39617","targetHints":{"allow":["GET"]}}],"collection":[{"href":"https:\/\/bibliaherramientas.com\/libreria\/wp-json\/wp\/v2\/product"}],"about":[{"href":"https:\/\/bibliaherramientas.com\/libreria\/wp-json\/wp\/v2\/types\/product"}],"replies":[{"embeddable":true,"href":"https:\/\/bibliaherramientas.com\/libreria\/wp-json\/wp\/v2\/comments?post=39617"}],"wp:featuredmedia":[{"embeddable":true,"href":"https:\/\/bibliaherramientas.com\/libreria\/wp-json\/wp\/v2\/media\/36784"}],"wp:attachment":[{"href":"https:\/\/bibliaherramientas.com\/libreria\/wp-json\/wp\/v2\/media?parent=39617"}],"wp:term":[{"taxonomy":"product_brand","embeddable":true,"href":"https:\/\/bibliaherramientas.com\/libreria\/wp-json\/wp\/v2\/product_brand?post=39617"},{"taxonomy":"product_cat","embeddable":true,"href":"https:\/\/bibliaherramientas.com\/libreria\/wp-json\/wp\/v2\/product_cat?post=39617"},{"taxonomy":"product_tag","embeddable":true,"href":"https:\/\/bibliaherramientas.com\/libreria\/wp-json\/wp\/v2\/product_tag?post=39617"}],"curies":[{"name":"wp","href":"https:\/\/api.w.org\/{rel}","templated":true}]}}