{"id":39478,"date":"2019-11-01T10:03:28","date_gmt":"2019-11-01T10:03:28","guid":{"rendered":"https:\/\/bibliaherramientas.com\/libreria\/?post_type=product&#038;p=39478"},"modified":"2026-01-06T02:17:06","modified_gmt":"2026-01-06T08:17:06","slug":"libro-se-el-papa-que-tus-hijos-necesitan-por-john-macarthur-9780825456138","status":"publish","type":"product","link":"https:\/\/bibliaherramientas.com\/libreria\/producto\/libro-se-el-papa-que-tus-hijos-necesitan-por-john-macarthur-9780825456138\/","title":{"rendered":"Libro S\u00e9 el pap\u00e1 que tus hijos necesitan por John MacArthur"},"content":{"rendered":"<p>Por lo tanto, \u00bfCu\u00e1les son las claves para ejercer un buen liderazgo en el hogar? Acompa\u00f1a al pastor y maestro John MacArthur en su b\u00fasqueda de sabios principios b\u00edblicos acerca de&#8230;<\/p>\n<ul>\n<li>El punto de partida de tu liderazgo: amar a tu esposa.<\/li>\n<li>Las claves para criar a un hijo que desee seguir a Dios.<\/li>\n<li>C\u00f3mo disciplinar a tus hijos con amor y cultivar la obediencia.<\/li>\n<li>Las trampas que debes evitar en el camino de la paternidad.<\/li>\n<li>El poder de tu ejemplo como padre para influenciar en futuras generaciones.<\/li>\n<\/ul>\n<p>&#8220;S\u00e9 el pap\u00e1 que tus hijos necesitan&#8221; te brindar\u00e1n las herramientas que necesitas para ser un bue l\u00edder en tu familia. Aprender\u00e1s los principios de Dios para instruir y disciplinar a tus hijos; principios que guiar\u00e1n a tus hijos a una vida recta y traer\u00e1n bendiciones a tu hogar.<\/p>\n<p>&#8212;&#8212;&#8212;&#8212;&#8212;&#8212;<\/p>\n<p><img loading=\"lazy\" decoding=\"async\" class=\"alignleft wp-image-50422\" title=\"John MacArthur\" src=\"https:\/\/bibliaherramientas.com\/libreria\/wp-content\/uploads\/2020\/04\/john-macarthur.jpg\" alt=\"John MacArthur\" width=\"144\" height=\"144\" srcset=\"https:\/\/bibliaherramientas.com\/libreria\/wp-content\/uploads\/2020\/04\/john-macarthur.jpg 400w, https:\/\/bibliaherramientas.com\/libreria\/wp-content\/uploads\/2020\/04\/john-macarthur-247x247.jpg 247w, https:\/\/bibliaherramientas.com\/libreria\/wp-content\/uploads\/2020\/04\/john-macarthur-100x100.jpg 100w, https:\/\/bibliaherramientas.com\/libreria\/wp-content\/uploads\/2020\/04\/john-macarthur-280x280.jpg 280w\" sizes=\"auto, (max-width: 144px) 100vw, 144px\" \/><\/p>\n<p><strong>John MacArthur<\/strong> es pastor y maestro de <a href=\"https:\/\/www.gracechurch.org\/\" target=\"_blank\" rel=\"noopener noreferrer\">Grace Community Church<\/a> en Sun Valley, California. Tambi\u00e9n es presidente de <a href=\"https:\/\/www.mcs.edu\/\" target=\"_blank\" rel=\"noopener noreferrer\">The Master&#8217;s College and Seminary<\/a> y se le escucha diariamente en \u00ab<a href=\"https:\/\/www.gracia.org\/\" target=\"_blank\" rel=\"noopener noreferrer\">Gracia a Vosotros<\/a>\u00bb, un programa distribuido a nivel internacional en diferentes formatos, para alcanzar a millones cada d\u00eda.<\/p>\n<p>Con m\u00e1s de dos d\u00e9cadas de ministerio, ha escrito y editado muchos libros incluyendo el ganador del premio Medall\u00f3n de Oro, <a href=\"https:\/\/bibliaherramientas.com\/libreria\/categoria-producto\/biblias\/biblias-por-comentarista\/biblias-john-macarthur\/\" target=\"_blank\" rel=\"noopener noreferrer\">La Biblia de estudio MacArthur<\/a>.<\/p>\n<p>&nbsp;<\/p>\n","protected":false},"excerpt":{"rendered":"<p>&#8220;No hay gozo m\u00e1s grande en la vida, que ver nuestros hijos caminar en la verdad&#8221; John MacArthur. Las recompensas de ser un padre que gu\u00eda bien a su familia son enormes.<\/p>\n","protected":false},"featured_media":36800,"comment_status":"open","ping_status":"closed","template":"","meta":{"_acf_changed":false},"product_brand":[],"product_cat":[528,623,705,741],"product_tag":[992,850,916,798],"class_list":{"0":"post-39478","1":"product","2":"type-product","3":"status-publish","4":"has-post-thumbnail","6":"product_cat-familia-matrimonio","7":"product_cat-libros-john-macarthur","8":"product_cat-escritores-john-macarthur","9":"product_cat-editoriales-portavoz","10":"product_tag-crianza","11":"product_tag-familia","12":"product_tag-padres","13":"product_tag-vida-cristiana","15":"first","16":"instock","17":"purchasable","18":"product-type-simple"},"acf":[],"_links":{"self":[{"href":"https:\/\/bibliaherramientas.com\/libreria\/wp-json\/wp\/v2\/product\/39478","targetHints":{"allow":["GET"]}}],"collection":[{"href":"https:\/\/bibliaherramientas.com\/libreria\/wp-json\/wp\/v2\/product"}],"about":[{"href":"https:\/\/bibliaherramientas.com\/libreria\/wp-json\/wp\/v2\/types\/product"}],"replies":[{"embeddable":true,"href":"https:\/\/bibliaherramientas.com\/libreria\/wp-json\/wp\/v2\/comments?post=39478"}],"wp:featuredmedia":[{"embeddable":true,"href":"https:\/\/bibliaherramientas.com\/libreria\/wp-json\/wp\/v2\/media\/36800"}],"wp:attachment":[{"href":"https:\/\/bibliaherramientas.com\/libreria\/wp-json\/wp\/v2\/media?parent=39478"}],"wp:term":[{"taxonomy":"product_brand","embeddable":true,"href":"https:\/\/bibliaherramientas.com\/libreria\/wp-json\/wp\/v2\/product_brand?post=39478"},{"taxonomy":"product_cat","embeddable":true,"href":"https:\/\/bibliaherramientas.com\/libreria\/wp-json\/wp\/v2\/product_cat?post=39478"},{"taxonomy":"product_tag","embeddable":true,"href":"https:\/\/bibliaherramientas.com\/libreria\/wp-json\/wp\/v2\/product_tag?post=39478"}],"curies":[{"name":"wp","href":"https:\/\/api.w.org\/{rel}","templated":true}]}}