{"id":34609,"date":"2019-08-23T00:08:10","date_gmt":"2019-08-23T05:08:10","guid":{"rendered":"https:\/\/bibliaherramientas.com\/libreria\/?post_type=product&#038;p=34609"},"modified":"2026-01-06T02:17:01","modified_gmt":"2026-01-06T08:17:01","slug":"libro-atesorando-a-cristo-por-gloria-furman-9781944586683","status":"publish","type":"product","link":"https:\/\/bibliaherramientas.com\/libreria\/producto\/libro-atesorando-a-cristo-por-gloria-furman-9781944586683\/","title":{"rendered":"Libro Atesorando a Cristo por Gloria Furman"},"content":{"rendered":"<p>En este libro Gloria Furman nos ayuda a alinear nuestra visi\u00f3n de la maternidad con lo que nos ense\u00f1a la Biblia. Nos muestra c\u00f3mo podemos cultivar nuestra relaci\u00f3n con Dios, \u00a1aun cuando estemos desalentadas y haya ropa por lavar!<\/p>\n<p>Este libro te ayudar\u00e1 a atesorar a Cristo de una manera m\u00e1s profunda sin importar qu\u00e9 tan ocupada est\u00e9s.<\/p>\n<p><strong>Recomendaciones:<\/strong><\/p>\n<p class=\"p1\">\u201cCon gran transparencia y un claro enfoque en el evangelio, Gloria nos invita a explorar el maravilloso y complejo mundo de la maternidad. Como madres, a veces es como si vivi\u00e9ramos aisladas en una peque\u00f1a celda donde la pretensi\u00f3n, la culpa y el ego\u00edsmo tratan de asfixiarnos y llevarnos a despreciar nuestro llamado. \u00a1Leer este libro fue como abrir una ventana por donde entr\u00f3 el aire fresco de la gracia!\u201d.<br \/>\n<strong>\u2014 Kristin Getty<\/strong>, escritora de himnos y coautora de\u00a0<em>\u00a1Cantemos!<\/em><\/p>\n<p class=\"p1\">\u201cComo madres, nuestra lista de cosas por hacer nunca termina, y mucha gente bienintencionada quiere ayudarnos d\u00e1ndonos m\u00e1s listas sobre c\u00f3mo hacer todas esas cosas de la mejor manera posible. \u00a1Buenas noticias! Atesorando a Cristo cuando tus manos est\u00e1n llenas no es el t\u00edpico \u201cmanual para madres\u201d, sino que refresca el alma con las verdades del evangelio. Record\u00e1ndonos constantemente la libertad que tenemos en el evangelio, Gloria Furman nos ayuda a fijar nuestros ojos en la eternidad m\u00e1s que en nuestras circunstancias. No saldr\u00e1s con otra lista de cosas por hacer, sino que conocer\u00e1s a Aquel que se entreg\u00f3 por ti y que te ha dado Su Palabra para sostenerte\u201d.<br \/>\n<strong>\u2014 Trillia Newbell<\/strong>, conferencista y autora del libro para ni\u00f1os\u00a0<em>La muy buena idea de Dios<\/em><\/p>\n<p class=\"p1\">\u201cLas madres no necesitan otro libro que les diga qu\u00e9 pasos deben seguir para \u2018ser una mejor madre\u2019. Las madres necesitan un libro que las lleve a dejar de mirarse a s\u00ed mismas para poder ver a Cristo. Eso hace Gloria Furman en este libro. Su honestidad en cuanto a sus luchas diarias y su esperanza en el poderoso Salvador son de mucho est\u00edmulo. Gloria nos anima a enfrentar cada d\u00eda con valent\u00eda a la luz del amor redentor de nuestro Dios. Recomendaremos este libro a las futuras mam\u00e1s, a las nuevas mam\u00e1s y a las mam\u00e1s que lo han sido por a\u00f1os\u201d.<span class=\"s1\"><br \/>\n<\/span><strong>\u2014 Elyse Fitzpatrick &amp; Jessica Thompson<\/strong>, coautoras de\u00a0<em>Give them Grace<\/em><\/p>\n<p class=\"p1\">\u201c\u00a1Cu\u00e1nto hubiera deseado tener una voz como la de Gloria Furman susurr\u00e1ndome tan dulces verdades del evangelio en medio de las frustraciones y tristezas de mis primeros d\u00edas como mam\u00e1! Aqu\u00ed no hay nada simplista ni meloso. Este libro nos ofrece una sabidur\u00eda profunda que seguro engendrar\u00e1 gozo en los hogares y corazones de muchas mam\u00e1s\u201d.<span class=\"s1\"><br \/>\n<\/span><strong>\u2014 Nancy Guthrie<\/strong>, conferencista de The Gospel Coalition<\/p>\n<p class=\"p1\">\u201cFui grandemente bendecida por medio de este libro. Gloria no solo nos comparte su experiencia, sino que utiliza las Escrituras para invitarnos a saborear a Cristo: la m\u00e1s profunda necesidad y el m\u00e1s profundo gozo de toda madre. Sin dudas lo leer\u00e9 de nuevo y me esmerar\u00e9 en recomendarlo a otros\u201d.<br \/>\n<strong>\u2014 Trisha DeYoung<\/strong>, madre de seis hijos y esposa de Kevin DeYoung, autor de\u00a0<em>\u00bfQu\u00e9 ense\u00f1a la Biblia realmente acerca de la homosexualidad?<\/em><\/p>\n<p class=\"p1\">\u201cNecesitamos este libro. En medio de esta tarea fren\u00e9tica y a veces sobrecogedora de ser padres, es dif\u00edcil recordar el evangelio. \u00a1Gracias a Dios por Gloria Furman! Ella nos ayuda a adorar a Jes\u00fas en medio del caos cotidiano y a ver las \u2018interrupciones\u2019 como invitaciones a confiar en \u00c9l con gozo. Tanto madres como padres ser\u00e1n profundamente alentados por este libro\u201d.<br \/>\n<strong>\u2014 Jon &amp; Pam Bloom<\/strong>, presidente de Desiring God, y su esposa<\/p>\n<p>&#8212;&#8212;&#8212;&#8212;&#8212;&#8212;&#8212;&#8212;&#8212;&#8212;&#8212;&#8211;<\/p>\n<p><img loading=\"lazy\" decoding=\"async\" class=\"alignleft wp-image-50418\" title=\"Gloria Furman\" src=\"https:\/\/bibliaherramientas.com\/libreria\/wp-content\/uploads\/2020\/04\/gloria-furman.jpg\" alt=\"Gloria Furman\" width=\"144\" height=\"144\" srcset=\"https:\/\/bibliaherramientas.com\/libreria\/wp-content\/uploads\/2020\/04\/gloria-furman.jpg 300w, https:\/\/bibliaherramientas.com\/libreria\/wp-content\/uploads\/2020\/04\/gloria-furman-247x247.jpg 247w, https:\/\/bibliaherramientas.com\/libreria\/wp-content\/uploads\/2020\/04\/gloria-furman-100x100.jpg 100w, https:\/\/bibliaherramientas.com\/libreria\/wp-content\/uploads\/2020\/04\/gloria-furman-280x280.jpg 280w\" sizes=\"auto, (max-width: 144px) 100vw, 144px\" \/><\/p>\n<p>Author: <strong>Gloria Furman<\/strong> es esposa, madre de cuatro hijos y escritora. En 2008, su familia se mud\u00f3 a Medio Oriente para plantar Iglesia Redentor de Dubai donde su esposo, Dave, sirve como el pastor. Ella es la autora de un estudio b\u00edblico, Maternidad misional, y varios libros que incluyen Atesorando a Cristo cuando tus manos est\u00e1n llenas, misionales La maternidad y vive en \u00e9l.<\/p>\n","protected":false},"excerpt":{"rendered":"<p><strong>Atesorando a Cristo cuando tus manos est\u00e1n llenas<\/strong><\/p>\n<p>Ser mam\u00e1 es dif\u00edcil, y la lista interminable de quehaceres muchas veces nos impide disfrutar de un verdadero gozo en Dios, en nuestros hijos y en el evangelio.<\/p>\n","protected":false},"featured_media":36690,"comment_status":"open","ping_status":"closed","template":"","meta":{"_acf_changed":false},"product_brand":[],"product_cat":[665,523,528,648,730,537,538,745,541],"product_tag":[980,914,941,930,798],"class_list":{"0":"post-34609","1":"product","2":"type-product","3":"status-publish","4":"has-post-thumbnail","6":"product_cat-ayuda","7":"product_cat-ensenanza","8":"product_cat-familia-matrimonio","9":"product_cat-libros-gloria-furman","10":"product_cat-escritores-gloria-furman","11":"product_cat-mujeres-libros","12":"product_cat-ninos-libros","13":"product_cat-editoriales-poiema","14":"product_cat-vida-cristiana","15":"product_tag-crianza-de-ninos","16":"product_tag-hijos","17":"product_tag-madres","18":"product_tag-mujeres","19":"product_tag-vida-cristiana","21":"first","22":"instock","23":"purchasable","24":"product-type-simple"},"acf":[],"_links":{"self":[{"href":"https:\/\/bibliaherramientas.com\/libreria\/wp-json\/wp\/v2\/product\/34609","targetHints":{"allow":["GET"]}}],"collection":[{"href":"https:\/\/bibliaherramientas.com\/libreria\/wp-json\/wp\/v2\/product"}],"about":[{"href":"https:\/\/bibliaherramientas.com\/libreria\/wp-json\/wp\/v2\/types\/product"}],"replies":[{"embeddable":true,"href":"https:\/\/bibliaherramientas.com\/libreria\/wp-json\/wp\/v2\/comments?post=34609"}],"wp:featuredmedia":[{"embeddable":true,"href":"https:\/\/bibliaherramientas.com\/libreria\/wp-json\/wp\/v2\/media\/36690"}],"wp:attachment":[{"href":"https:\/\/bibliaherramientas.com\/libreria\/wp-json\/wp\/v2\/media?parent=34609"}],"wp:term":[{"taxonomy":"product_brand","embeddable":true,"href":"https:\/\/bibliaherramientas.com\/libreria\/wp-json\/wp\/v2\/product_brand?post=34609"},{"taxonomy":"product_cat","embeddable":true,"href":"https:\/\/bibliaherramientas.com\/libreria\/wp-json\/wp\/v2\/product_cat?post=34609"},{"taxonomy":"product_tag","embeddable":true,"href":"https:\/\/bibliaherramientas.com\/libreria\/wp-json\/wp\/v2\/product_tag?post=34609"}],"curies":[{"name":"wp","href":"https:\/\/api.w.org\/{rel}","templated":true}]}}