{"id":34538,"date":"2019-08-22T05:47:19","date_gmt":"2019-08-22T10:47:19","guid":{"rendered":"https:\/\/bibliaherramientas.com\/libreria\/?post_type=product&#038;p=34538"},"modified":"2026-01-06T02:15:28","modified_gmt":"2026-01-06T08:15:28","slug":"libro-de-pastores-y-predicadores-por-miguel-nunez-9781535936460","status":"publish","type":"product","link":"https:\/\/bibliaherramientas.com\/libreria\/producto\/libro-de-pastores-y-predicadores-por-miguel-nunez-9781535936460\/","title":{"rendered":"Libro De Pastores y Predicadores por Miguel N\u00fa\u00f1ez"},"content":{"rendered":"<p>Muchos han abrazado el ministerio pastoral sin tener una idea clara de cu\u00e1n extraordinario es este llamado y sin ser debidamente conscientes de cu\u00e1n alto es el privilegio de ense\u00f1ar y pastorear ovejas compradas a un precio de sangre. De pastores y predicadores, el nuevo libro del pastor Miguel Nu\u00f1ez, fue escrito con la intenci\u00f3n de contribuir a dar forma a las mentes y corazones de aquellos a quienes Dios ha llamado para dirigir y nutrir a su reba\u00f1o.<\/p>\n<p>&#8212;&#8212;&#8212;&#8212;&#8212;&#8212;&#8212;&#8212;&#8212;&#8212;&#8212;&#8211;<\/p>\n<p><img loading=\"lazy\" decoding=\"async\" class=\"alignleft wp-image-50429\" title=\"Miguel N\u00fa\u00f1ez\" src=\"https:\/\/bibliaherramientas.com\/libreria\/wp-content\/uploads\/2020\/04\/miguel-nunez.jpg\" alt=\"Miguel N\u00fa\u00f1ez\" width=\"144\" height=\"144\" srcset=\"https:\/\/bibliaherramientas.com\/libreria\/wp-content\/uploads\/2020\/04\/miguel-nunez.jpg 400w, https:\/\/bibliaherramientas.com\/libreria\/wp-content\/uploads\/2020\/04\/miguel-nunez-247x247.jpg 247w, https:\/\/bibliaherramientas.com\/libreria\/wp-content\/uploads\/2020\/04\/miguel-nunez-100x100.jpg 100w, https:\/\/bibliaherramientas.com\/libreria\/wp-content\/uploads\/2020\/04\/miguel-nunez-280x280.jpg 280w\" sizes=\"auto, (max-width: 144px) 100vw, 144px\" \/><\/p>\n<p>Autor: El <strong>Dr. Miguel N\u00fa\u00f1ez<\/strong> sirve como Pastor Titular de la <a href=\"https:\/\/www.laibi.org\/\" target=\"_blank\" rel=\"noopener noreferrer\">Iglesia Bautista Internacional<\/a> en Santo Domingo. Es el presidente y fundador del <a href=\"http:\/\/integridadysabiduria.org\/\" target=\"_blank\" rel=\"noopener noreferrer\">Ministerio Integridad &amp; Sabidur\u00eda<\/a>, que tiene como visi\u00f3n impactar la generaci\u00f3n de hoy con la revelaci\u00f3n de Dios en el mundo hispano-parlante. Adem\u00e1s, forma parte del cuerpo docente del <a href=\"https:\/\/institutois.org\/\" target=\"_blank\" rel=\"noopener noreferrer\">Instituto B\u00edblico de Integridad &amp; Sabidur\u00eda<\/a>.<\/p>\n<p>Se gradu\u00f3 de la escuela de Medicina de INTEC en el a\u00f1o 1980, en la ciudad de Santo Domingo, Rep\u00fablica Dominicana y curs\u00f3 sus especialidades en Medicina Interna (1982-85) y Enfermedades Infecciosas (1985-1987) en los EE.UU. Como m\u00e9dico, el Dr. N\u00fa\u00f1ez, practic\u00f3 la medicina en los EE.UU. durante 15 a\u00f1os (1982-1997) en el \u00e1rea de Medicina Interna y Enfermedades Infecciosas, y fue profesor cl\u00ednico del Mount Sinai School of Medicine de Nueva York antes de mudarse a Santo Domingo, Rep\u00fablica Dominicana, a plantar una iglesia.<\/p>\n<p>En el \u00e1rea ministerial, obtuvo una Maestr\u00eda en Teolog\u00eda (Th.M) del <a href=\"http:\/\/southernbaptistschool.org\/\" target=\"_blank\" rel=\"noopener noreferrer\">Southern Baptist School<\/a> for Biblical Studies (2010) y un Doctorado en Ministerio (D.Min) del <a href=\"https:\/\/www.sbts.edu\/\" target=\"_blank\" rel=\"noopener noreferrer\">Southern Baptist Theological Seminary<\/a> (2014). En 2016 , el Dr. N\u00fa\u00f1ez fue nombrado como profesor asociado de Liderazgo Pastoral y el Director de la estrategia para Am\u00e9rica Latina del <a href=\"https:\/\/www.sbts.edu\/\" target=\"_blank\" rel=\"noopener noreferrer\">Southern Baptist Theological Seminary<\/a>.<\/p>\n<p>Es autor de seis libros: \u201cEnse\u00f1anzas que transformaron el mundo\u201d, \u201cVivir con Integridad y Sabidur\u00eda\u201d, \u201c<a href=\"https:\/\/bibliaherramientas.com\/libreria\/tienda\/editoriales\/editoriales-bh-espanol\/libro-siervos-para-su-gloria-9781462779581\/\" target=\"_blank\" rel=\"noopener noreferrer\">Siervos para Su gloria<\/a>\u201d, \u201cJes\u00fas\u201d, \u201c<a href=\"https:\/\/bibliaherramientas.com\/libreria\/tienda\/editoriales\/editoriales-bh-espanol\/libro-una-iglesia-conforme-al-corazon-de-dios-miguel-nunez-9781535901390\/\" target=\"_blank\" rel=\"noopener noreferrer\">Una iglesia conforme al coraz\u00f3n de Dios<\/a>\u201d y \u201c<a href=\"https:\/\/bibliaherramientas.com\/libreria\/tienda\/editoriales\/editoriales-poiema\/libro-el-poder-de-la-palabra-para-cambiar-una-nacion-9781944586317\/\" target=\"_blank\" rel=\"noopener noreferrer\">El poder de la Palabra para transformar una naci\u00f3n<\/a>\u201d. Tambi\u00e9n es el co-autor de otros dos libros: uno sobre liderazgo y otro sobre el movimiento de la Reforma en Am\u00e9rica Latina.<\/p>\n<p>Es el co-conductor del programa de televisi\u00f3n \u201cRespuestas: Verdades Absolutas para un Mundo Relativo\u201d, el cual es transmitido a trav\u00e9s de toda Am\u00e9rica Latina y otros pa\u00edses, en el cual se presenta una cosmovisi\u00f3n b\u00edblica a una variedad de temas relevantes. Es un orador invitado frecuentemente en todo el continente americano. Adem\u00e1s, el Dr. N\u00fa\u00f1ez es miembro del concilio de <a href=\"https:\/\/www.coalicionporelevangelio.org\/\" target=\"_blank\" rel=\"noopener noreferrer\">Coalici\u00f3n por el Evangelio<\/a>.<\/p>\n<p>El Dr. Miguel N\u00fa\u00f1ez vive en Santo Domingo, donde sirve como pastor, maestro y apologista. Ha estado casado por m\u00e1s de 35 a\u00f1os con la Dra. Catherine Scheraldi, quien todav\u00eda est\u00e1 en la pr\u00e1ctica de la medicina.<\/p>\n","protected":false},"excerpt":{"rendered":"<p>Cuando Pablo escribi\u00f3 a Timoteo y a Tito respecto a los requisitos de un ministro instruy\u00f3 que este debe ser irreprochable. Este es el primer adjetivo utilizado. No dice sin pecado, pero si declara que el anciano debe de ser irreprochable. Es un detalle extraordinario que antes de hablar de cualquier otra cosa, Pablo estableciera que la cualidad n\u00famero uno de un ministro sea su irreprochabilidad. Esto nos da una idea de cuan sublime es el llamado.<\/p>\n","protected":false},"featured_media":36706,"comment_status":"open","ping_status":"closed","template":"","meta":{"_acf_changed":false},"product_brand":[],"product_cat":[512,735,535,636,718,542],"product_tag":[923,963,922],"class_list":{"0":"post-34538","1":"product","2":"type-product","3":"status-publish","4":"has-post-thumbnail","6":"product_cat-ayuda-para-ministros","7":"product_cat-editoriales-bh-espanol","8":"product_cat-liderazgo-negocios","9":"product_cat-libros-miguel-nunez","10":"product_cat-escritores-miguel-nunez","11":"product_cat-libros-pastores-maestros","12":"product_tag-pastores","13":"product_tag-pastores-y-maestros","14":"product_tag-predicadores","16":"first","17":"instock","18":"purchasable","19":"product-type-simple"},"acf":[],"_links":{"self":[{"href":"https:\/\/bibliaherramientas.com\/libreria\/wp-json\/wp\/v2\/product\/34538","targetHints":{"allow":["GET"]}}],"collection":[{"href":"https:\/\/bibliaherramientas.com\/libreria\/wp-json\/wp\/v2\/product"}],"about":[{"href":"https:\/\/bibliaherramientas.com\/libreria\/wp-json\/wp\/v2\/types\/product"}],"replies":[{"embeddable":true,"href":"https:\/\/bibliaherramientas.com\/libreria\/wp-json\/wp\/v2\/comments?post=34538"}],"wp:featuredmedia":[{"embeddable":true,"href":"https:\/\/bibliaherramientas.com\/libreria\/wp-json\/wp\/v2\/media\/36706"}],"wp:attachment":[{"href":"https:\/\/bibliaherramientas.com\/libreria\/wp-json\/wp\/v2\/media?parent=34538"}],"wp:term":[{"taxonomy":"product_brand","embeddable":true,"href":"https:\/\/bibliaherramientas.com\/libreria\/wp-json\/wp\/v2\/product_brand?post=34538"},{"taxonomy":"product_cat","embeddable":true,"href":"https:\/\/bibliaherramientas.com\/libreria\/wp-json\/wp\/v2\/product_cat?post=34538"},{"taxonomy":"product_tag","embeddable":true,"href":"https:\/\/bibliaherramientas.com\/libreria\/wp-json\/wp\/v2\/product_tag?post=34538"}],"curies":[{"name":"wp","href":"https:\/\/api.w.org\/{rel}","templated":true}]}}