{"id":34232,"date":"2019-08-18T06:39:02","date_gmt":"2019-08-18T11:39:02","guid":{"rendered":"https:\/\/bibliaherramientas.com\/libreria\/?post_type=product&#038;p=34232"},"modified":"2026-03-14T07:14:32","modified_gmt":"2026-03-14T13:14:32","slug":"biblia-devocional-mujer-verdadera-rvr1960-9780825459177","status":"publish","type":"product","link":"https:\/\/bibliaherramientas.com\/libreria\/producto\/biblia-devocional-mujer-verdadera-rvr1960-9780825459177\/","title":{"rendered":"Biblia Devocional Mujer Verdadera RVR1960 &#8211; S\u00edmil piel"},"content":{"rendered":"<p><strong><em><img loading=\"lazy\" decoding=\"async\" class=\"alignright wp-image-39449 size-large\" src=\"https:\/\/bibliaherramientas.com\/libreria\/wp-content\/uploads\/2019\/08\/biblia-devocional-mujer-verdadera-rvr1960-9780825459177-extra1-621x800.jpg\" alt=\"\" width=\"621\" height=\"800\" srcset=\"https:\/\/bibliaherramientas.com\/libreria\/wp-content\/uploads\/2019\/08\/biblia-devocional-mujer-verdadera-rvr1960-9780825459177-extra1-621x800.jpg 621w, https:\/\/bibliaherramientas.com\/libreria\/wp-content\/uploads\/2019\/08\/biblia-devocional-mujer-verdadera-rvr1960-9780825459177-extra1-510x657.jpg 510w, https:\/\/bibliaherramientas.com\/libreria\/wp-content\/uploads\/2019\/08\/biblia-devocional-mujer-verdadera-rvr1960-9780825459177-extra1-311x400.jpg 311w, https:\/\/bibliaherramientas.com\/libreria\/wp-content\/uploads\/2019\/08\/biblia-devocional-mujer-verdadera-rvr1960-9780825459177-extra1-768x989.jpg 768w, https:\/\/bibliaherramientas.com\/libreria\/wp-content\/uploads\/2019\/08\/biblia-devocional-mujer-verdadera-rvr1960-9780825459177-extra1.jpg 932w\" sizes=\"auto, (max-width: 621px) 100vw, 621px\" \/>LA MUJER VERDADERA<\/em><\/strong><\/p>\n<p><em>&#8230; Ni estuvo en camino de pecadores,<\/em><\/p>\n<p><em>Ni en silla de escarnecedores se ha sentado;<\/em><\/p>\n<p><em>Sino que en la ley de Jehov\u00e1 est\u00e1 su delicia,<\/em><\/p>\n<p><em>Y en su ley medita de d\u00eda y de noche.<\/em><\/p>\n<p><em>Ser\u00e1 como \u00e1rbol plantado junto a corrientes de agua,<\/em><\/p>\n<p><em>Que d\u00e1 su fruto en su tiempo,<\/em><\/p>\n<p><em>Y su hoja no cae;<\/em><\/p>\n<p><em>Y todo lo que hace, prosperar\u00e1.<\/em><\/p>\n<p><em>Salmos 1:1-3.<\/em><\/p>\n<p><strong>\u00bfD\u00d3NDE EST\u00c1 PLANTADA TU VIDA?<\/strong><\/p>\n<p>Vivimos en una \u00e9poca de informaci\u00f3n. Las ideolog\u00edas nos llegan por todos lados y necesitamos estar arraigadas en un fundamento s\u00f3lido para no ser sacudidas por todo viento de doctrina. M\u00e1s que nunca es imprescindible conocer la Palabra de Dios; no solo leerla, sino meditar, habitar en ella y obedecerla. Esta Biblia Devocional Mujer Verdadera te ayudar\u00e1 a conectarte con la Palabra de Dios y hacerla parte integral de tu vida.<\/p>\n<p><strong>LA BIBLIA DEVOCIONAL MUJER VERDADERA INCLUYE:<\/strong><\/p>\n<ul>\n<li>La versi\u00f3n Reina-Valera de 1960.<\/li>\n<li>66 introducciones a los libros de la Biblia escritas por el pastor Sugel Michel\u00e9n.<\/li>\n<li>Hermosas ilustraciones originales.<\/li>\n<li>Amplios m\u00e1rgenes que facilitan la toma de notas y donde puedes plasmar tus pensamientos y oraciones, o dibujar tus vers\u00edculos favoritos.<\/li>\n<li>Art\u00edculos transformacionales enfocados en la feminidad b\u00edblica.<\/li>\n<li>100 vers\u00edculos claves resaltados con dise\u00f1os originales.<\/li>\n<li>365 lecturas devocionales escritas para la mujer de hoy.<\/li>\n<li>Un plan para leer la Biblia en un a\u00f1o.<\/li>\n<li>Palabras de Cristo en rojo.<\/li>\n<\/ul>\n<p>&#8212;&#8212;&#8212;&#8212;&#8212;&#8212;&#8212;&#8212;&#8212;&#8212;&#8212;&#8212;<\/p>\n<p><img loading=\"lazy\" decoding=\"async\" class=\"alignleft wp-image-50430\" title=\"Nancy DeMoss Wolgemuth\" src=\"https:\/\/bibliaherramientas.com\/libreria\/wp-content\/uploads\/2020\/04\/nancy-demoss-wolgemuth.jpg\" alt=\"Nancy DeMoss Wolgemuth\" width=\"144\" height=\"144\" srcset=\"https:\/\/bibliaherramientas.com\/libreria\/wp-content\/uploads\/2020\/04\/nancy-demoss-wolgemuth.jpg 300w, https:\/\/bibliaherramientas.com\/libreria\/wp-content\/uploads\/2020\/04\/nancy-demoss-wolgemuth-247x247.jpg 247w, https:\/\/bibliaherramientas.com\/libreria\/wp-content\/uploads\/2020\/04\/nancy-demoss-wolgemuth-100x100.jpg 100w, https:\/\/bibliaherramientas.com\/libreria\/wp-content\/uploads\/2020\/04\/nancy-demoss-wolgemuth-280x280.jpg 280w\" sizes=\"auto, (max-width: 144px) 100vw, 144px\" \/><\/p>\n<p>Autoras: <strong>Nancy DeMoss Wolgemuth y Laura Gonz\u00e1lez de Ch\u00e1vez.\u00a0<\/strong><\/p>\n<p><strong>Nancy DeMoss Wolgemuth<\/strong> nunca aspir\u00f3 a ser escritora ni oradora. Sin embargo, ella ha experimentado el poder de la verdad para impartir vida, y le apasiona guiar a otros a experimentarlo tambi\u00e9n. A trav\u00e9s de sus libros, las conferencias Mujer Verdadera, y los programas radiales &#8220;<a href=\"https:\/\/www.avivanuestroscorazones.com\/\" target=\"_blank\" rel=\"noopener noreferrer\">Aviva nuestros corazones<\/a>&#8221; y &#8220;<a href=\"https:\/\/bibliaherramientas.com\/libreria\/tienda\/por-escritores\/escritores-nancy-demoss-wolgemuth\/libro-en-busca-de-dios-9780802411532\/\" target=\"_blank\" rel=\"noopener noreferrer\">En busca de Dios<\/a>&#8220;, Nancy ha consagrado su vida a ayudar a las mujeres a descubrir la libertad, la plenitud y la abundancia que hay en Cristo. Nancy y su esposo <a href=\"https:\/\/bibliaherramientas.com\/libreria\/categoria-producto\/por-escritores\/robert-wolgemuth-por-escritores\/\" target=\"_blank\" rel=\"noopener noreferrer\">Robert Wolgemuth<\/a> se casaron en 2015, y viven en Michigan. Est\u00e1n agradecidos por la dicha de compartir su vida juntos, y de servir al Se\u00f1or y a los dem\u00e1s.<\/p>\n<p>&nbsp;<\/p>\n","protected":false},"excerpt":{"rendered":"<p>La Biblia Devocional Mujer Verdadera es una obra publicada originalmente en espa\u00f1ol. Incluye material escrito por Nancy DeMoss Wolgemuth y nuevo material desarrollado especialmente para esta Biblia por el ministerio Aviva Nuestros Corazones.<\/p>\n","protected":false},"featured_media":40489,"comment_status":"open","ping_status":"closed","template":"","meta":{"_acf_changed":false},"product_brand":[],"product_cat":[872,632,868,877,464,884,621,709,741],"product_tag":[912,954,913],"class_list":{"0":"post-34232","1":"product","2":"type-product","3":"status-publish","4":"has-post-thumbnail","6":"product_cat-biblias-10-11-puntos","7":"product_cat-biblias-devocionales","8":"product_cat-biblias-grandes","9":"product_cat-biblias-imitacion-piel","10":"product_cat-biblias-mujeres","11":"product_cat-biblias-rvr1960","12":"product_cat-biblias-nancy-demoss-wolgemuth","13":"product_cat-escritores-nancy-demoss-wolgemuth","14":"product_cat-editoriales-portavoz","15":"product_tag-biblias-de-estudio","16":"product_tag-biblias-devocionales","17":"product_tag-biblias-para-mujeres","19":"first","20":"instock","21":"purchasable","22":"product-type-simple"},"acf":[],"_links":{"self":[{"href":"https:\/\/bibliaherramientas.com\/libreria\/wp-json\/wp\/v2\/product\/34232","targetHints":{"allow":["GET"]}}],"collection":[{"href":"https:\/\/bibliaherramientas.com\/libreria\/wp-json\/wp\/v2\/product"}],"about":[{"href":"https:\/\/bibliaherramientas.com\/libreria\/wp-json\/wp\/v2\/types\/product"}],"replies":[{"embeddable":true,"href":"https:\/\/bibliaherramientas.com\/libreria\/wp-json\/wp\/v2\/comments?post=34232"}],"wp:featuredmedia":[{"embeddable":true,"href":"https:\/\/bibliaherramientas.com\/libreria\/wp-json\/wp\/v2\/media\/40489"}],"wp:attachment":[{"href":"https:\/\/bibliaherramientas.com\/libreria\/wp-json\/wp\/v2\/media?parent=34232"}],"wp:term":[{"taxonomy":"product_brand","embeddable":true,"href":"https:\/\/bibliaherramientas.com\/libreria\/wp-json\/wp\/v2\/product_brand?post=34232"},{"taxonomy":"product_cat","embeddable":true,"href":"https:\/\/bibliaherramientas.com\/libreria\/wp-json\/wp\/v2\/product_cat?post=34232"},{"taxonomy":"product_tag","embeddable":true,"href":"https:\/\/bibliaherramientas.com\/libreria\/wp-json\/wp\/v2\/product_tag?post=34232"}],"curies":[{"name":"wp","href":"https:\/\/api.w.org\/{rel}","templated":true}]}}