{"id":33644,"date":"2019-07-15T06:08:34","date_gmt":"2019-07-15T11:08:34","guid":{"rendered":"https:\/\/bibliaherramientas.com\/libreria\/?post_type=product&#038;p=33644"},"modified":"2026-04-01T13:58:34","modified_gmt":"2026-04-01T19:58:34","slug":"libro-teologia-sistematica-john-macarthur-pasta-dura-9780825457401","status":"publish","type":"product","link":"https:\/\/bibliaherramientas.com\/libreria\/producto\/libro-teologia-sistematica-john-macarthur-pasta-dura-9780825457401\/","title":{"rendered":"Libro Teolog\u00eda sistem\u00e1tica &#8211; Pasta dura por John MacArthur"},"content":{"rendered":"<p>Profundiza tu comprensi\u00f3n de las doctrinas relacionadas con la Palabra de Dios, cada persona de la Trinidad, la humanidad y el pecado, la salvaci\u00f3n, los \u00e1ngeles, la iglesia y el futuro del mundo.<\/p>\n<p>&#8212;&#8212;&#8212;&#8212;&#8212;&#8212;&#8212;&#8212;&#8212;&#8212;&#8212;&#8212;<\/p>\n<p><img loading=\"lazy\" decoding=\"async\" class=\"alignleft wp-image-50422\" title=\"John MacArthur\" src=\"https:\/\/bibliaherramientas.com\/libreria\/wp-content\/uploads\/2020\/04\/john-macarthur.jpg\" alt=\"John MacArthur\" width=\"144\" height=\"144\" srcset=\"https:\/\/bibliaherramientas.com\/libreria\/wp-content\/uploads\/2020\/04\/john-macarthur.jpg 400w, https:\/\/bibliaherramientas.com\/libreria\/wp-content\/uploads\/2020\/04\/john-macarthur-247x247.jpg 247w, https:\/\/bibliaherramientas.com\/libreria\/wp-content\/uploads\/2020\/04\/john-macarthur-100x100.jpg 100w, https:\/\/bibliaherramientas.com\/libreria\/wp-content\/uploads\/2020\/04\/john-macarthur-280x280.jpg 280w\" sizes=\"auto, (max-width: 144px) 100vw, 144px\" \/><\/p>\n<p><strong>John MacArthur<\/strong> es pastor y maestro de <a href=\"https:\/\/www.gracechurch.org\/\" target=\"_blank\" rel=\"noopener noreferrer\">Grace Community Church<\/a> en Sun Valley, California. Tambi\u00e9n es presidente de <a href=\"https:\/\/www.mcs.edu\/\" target=\"_blank\" rel=\"noopener noreferrer\">The Master&#8217;s College and Seminary<\/a> y se le escucha diariamente en \u00ab<a href=\"https:\/\/www.gracia.org\/\" target=\"_blank\" rel=\"noopener noreferrer\">Gracia a Vosotros<\/a>\u00bb, un programa distribuido a nivel internacional en diferentes formatos, para alcanzar a millones cada d\u00eda.<\/p>\n<p>Con m\u00e1s de dos d\u00e9cadas de ministerio, ha escrito y editado muchos libros incluyendo el ganador del premio Medall\u00f3n de Oro, <a href=\"https:\/\/bibliaherramientas.com\/libreria\/categoria-producto\/biblias\/biblias-por-comentarista\/biblias-john-macarthur\/\" target=\"_blank\" rel=\"noopener noreferrer\">La Biblia de estudio MacArthur<\/a>.<\/p>\n","protected":false},"excerpt":{"rendered":"<p>La doctrina no es solo para los te\u00f3logos, es importante para todos los cristianos porque nos muestra qui\u00e9n es Dios y c\u00f3mo debemos vivir. Sistematizando la robusta teolog\u00eda que ha sustentado la predicaci\u00f3n de John MacArthur durante d\u00e9cadas, este resumen de la doctrina cristiana b\u00e1sica abarca temas como Dios el Padre, Jesucristo, el Esp\u00edritu Santo, la Biblia, la salvaci\u00f3n y m\u00e1s. Completo en su alcance pero escrito para ser accesible para el lector promedio, este volumen ofrece a los cristianos una base s\u00f3lida para lo que creen y por qu\u00e9.<\/p>\n","protected":false},"featured_media":36767,"comment_status":"open","ping_status":"closed","template":"","meta":{"_acf_changed":false},"product_brand":[],"product_cat":[512,520,523,526,623,705,542,741],"product_tag":[987],"class_list":{"0":"post-33644","1":"product","2":"type-product","3":"status-publish","4":"has-post-thumbnail","6":"product_cat-ayuda-para-ministros","7":"product_cat-doctrina-teologia","8":"product_cat-ensenanza","9":"product_cat-estudio-biblico","10":"product_cat-libros-john-macarthur","11":"product_cat-escritores-john-macarthur","12":"product_cat-libros-pastores-maestros","13":"product_cat-editoriales-portavoz","14":"product_tag-teologia","16":"first","17":"instock","18":"purchasable","19":"product-type-simple"},"acf":[],"_links":{"self":[{"href":"https:\/\/bibliaherramientas.com\/libreria\/wp-json\/wp\/v2\/product\/33644","targetHints":{"allow":["GET"]}}],"collection":[{"href":"https:\/\/bibliaherramientas.com\/libreria\/wp-json\/wp\/v2\/product"}],"about":[{"href":"https:\/\/bibliaherramientas.com\/libreria\/wp-json\/wp\/v2\/types\/product"}],"replies":[{"embeddable":true,"href":"https:\/\/bibliaherramientas.com\/libreria\/wp-json\/wp\/v2\/comments?post=33644"}],"wp:featuredmedia":[{"embeddable":true,"href":"https:\/\/bibliaherramientas.com\/libreria\/wp-json\/wp\/v2\/media\/36767"}],"wp:attachment":[{"href":"https:\/\/bibliaherramientas.com\/libreria\/wp-json\/wp\/v2\/media?parent=33644"}],"wp:term":[{"taxonomy":"product_brand","embeddable":true,"href":"https:\/\/bibliaherramientas.com\/libreria\/wp-json\/wp\/v2\/product_brand?post=33644"},{"taxonomy":"product_cat","embeddable":true,"href":"https:\/\/bibliaherramientas.com\/libreria\/wp-json\/wp\/v2\/product_cat?post=33644"},{"taxonomy":"product_tag","embeddable":true,"href":"https:\/\/bibliaherramientas.com\/libreria\/wp-json\/wp\/v2\/product_tag?post=33644"}],"curies":[{"name":"wp","href":"https:\/\/api.w.org\/{rel}","templated":true}]}}