{"id":33354,"date":"2019-05-14T08:20:28","date_gmt":"2019-05-14T08:20:28","guid":{"rendered":"https:\/\/bibliaherramientas.com\/libreria\/?post_type=product&#038;p=33354"},"modified":"2026-01-06T02:09:33","modified_gmt":"2026-01-06T08:09:33","slug":"libro-dificil-de-creer-john-macarthur-9780881137873","status":"publish","type":"product","link":"https:\/\/bibliaherramientas.com\/libreria\/producto\/libro-dificil-de-creer-john-macarthur-9780881137873\/","title":{"rendered":"Libro Dif\u00edcil de Creer por John MacArthur"},"content":{"rendered":"<p>Este libro es el tratado resuelto y sin miramientos de John MacArthur sobre la tendencia moderna de alterar el mensaje verdadero del cristianismo con el fin de complacer los caprichos y deseos de una cultura que espera recibir mensajes sin confrontaci\u00f3n, respuestas f\u00e1ciles y compromisos superficiales.<\/p>\n<p>Demasiadas personas quieren a un Jes\u00fas especialista en publicidad y mercadotecnia que se encargue de hacerles saludables, felices y pr\u00f3speros. Pero Jesucristo no es el genio en la botella de nadie. El es el Salvador que muri\u00f3 en agon\u00eda para satisfacer la ira de un Dios santo y perdonar los pecados de la humanidad.<\/p>\n<p>La f\u00e9 en \u00c9l demanda una disposici\u00f3n a hacer cualquier sacrificio que \u00c9l pida. La dura verdad del cristianismo es que el costo es muy alto, pero las recompensas son inestimables: Vida eterna y abundante que solo viene como resultado de seguir fielmente a Cristo.<\/p>\n<p>&#8212;&#8212;&#8212;&#8212;&#8212;&#8212;&#8212;&#8212;&#8212;&#8212;&#8212;&#8212;<\/p>\n<p><img loading=\"lazy\" decoding=\"async\" class=\"alignleft wp-image-50422\" title=\"John MacArthur\" src=\"https:\/\/bibliaherramientas.com\/libreria\/wp-content\/uploads\/2020\/04\/john-macarthur.jpg\" alt=\"John MacArthur\" width=\"144\" height=\"144\" srcset=\"https:\/\/bibliaherramientas.com\/libreria\/wp-content\/uploads\/2020\/04\/john-macarthur.jpg 400w, https:\/\/bibliaherramientas.com\/libreria\/wp-content\/uploads\/2020\/04\/john-macarthur-247x247.jpg 247w, https:\/\/bibliaherramientas.com\/libreria\/wp-content\/uploads\/2020\/04\/john-macarthur-100x100.jpg 100w, https:\/\/bibliaherramientas.com\/libreria\/wp-content\/uploads\/2020\/04\/john-macarthur-280x280.jpg 280w\" sizes=\"auto, (max-width: 144px) 100vw, 144px\" \/><\/p>\n<p><strong>John MacArthur<\/strong> es pastor y maestro de <a href=\"https:\/\/www.gracechurch.org\/\" target=\"_blank\" rel=\"noopener noreferrer\">Grace Community Church<\/a> en Sun Valley, California. Tambi\u00e9n es presidente de <a href=\"https:\/\/www.mcs.edu\/\" target=\"_blank\" rel=\"noopener noreferrer\">The Master&#8217;s College and Seminary<\/a> y se le escucha diariamente en \u00ab<a href=\"https:\/\/www.gracia.org\/\" target=\"_blank\" rel=\"noopener noreferrer\">Gracia a Vosotros<\/a>\u00bb, un programa distribuido a nivel internacional en diferentes formatos, para alcanzar a millones cada d\u00eda.<\/p>\n<p>Con m\u00e1s de dos d\u00e9cadas de ministerio, ha escrito y editado muchos libros incluyendo el ganador del premio Medall\u00f3n de Oro, <a href=\"https:\/\/bibliaherramientas.com\/libreria\/categoria-producto\/biblias\/biblias-por-comentarista\/biblias-john-macarthur\/\" target=\"_blank\" rel=\"noopener noreferrer\">La Biblia de estudio MacArthur<\/a>.<\/p>\n","protected":false},"excerpt":{"rendered":"<p>No existe un Evangelio f\u00e1cil para el usuario y sensible al indagador, solo existe la verdad. Los pastores y maestros que diluyen el Evangelio de Cristo para hacerlo m\u00e1s popular y atrayente son responsables de conducir a su p\u00fablico amante de la diversi\u00f3n por el camino que lleva al castigo eterno.<\/p>\n","protected":false},"featured_media":36833,"comment_status":"open","ping_status":"closed","template":"","meta":{"_acf_changed":false},"product_brand":[],"product_cat":[511,520,523,737,623,705],"product_tag":[798],"class_list":{"0":"post-33354","1":"product","2":"type-product","3":"status-publish","4":"has-post-thumbnail","6":"product_cat-apologetica","7":"product_cat-doctrina-teologia","8":"product_cat-ensenanza","9":"product_cat-editoriales-grupo-nelson","10":"product_cat-libros-john-macarthur","11":"product_cat-escritores-john-macarthur","12":"product_tag-vida-cristiana","14":"first","15":"instock","16":"purchasable","17":"product-type-simple"},"acf":[],"_links":{"self":[{"href":"https:\/\/bibliaherramientas.com\/libreria\/wp-json\/wp\/v2\/product\/33354","targetHints":{"allow":["GET"]}}],"collection":[{"href":"https:\/\/bibliaherramientas.com\/libreria\/wp-json\/wp\/v2\/product"}],"about":[{"href":"https:\/\/bibliaherramientas.com\/libreria\/wp-json\/wp\/v2\/types\/product"}],"replies":[{"embeddable":true,"href":"https:\/\/bibliaherramientas.com\/libreria\/wp-json\/wp\/v2\/comments?post=33354"}],"wp:featuredmedia":[{"embeddable":true,"href":"https:\/\/bibliaherramientas.com\/libreria\/wp-json\/wp\/v2\/media\/36833"}],"wp:attachment":[{"href":"https:\/\/bibliaherramientas.com\/libreria\/wp-json\/wp\/v2\/media?parent=33354"}],"wp:term":[{"taxonomy":"product_brand","embeddable":true,"href":"https:\/\/bibliaherramientas.com\/libreria\/wp-json\/wp\/v2\/product_brand?post=33354"},{"taxonomy":"product_cat","embeddable":true,"href":"https:\/\/bibliaherramientas.com\/libreria\/wp-json\/wp\/v2\/product_cat?post=33354"},{"taxonomy":"product_tag","embeddable":true,"href":"https:\/\/bibliaherramientas.com\/libreria\/wp-json\/wp\/v2\/product_tag?post=33354"}],"curies":[{"name":"wp","href":"https:\/\/api.w.org\/{rel}","templated":true}]}}